{"id":3928,"date":"2021-04-21T10:33:22","date_gmt":"2021-04-21T10:33:22","guid":{"rendered":"https:\/\/htc.swdev.nl\/?page_id=3928"},"modified":"2025-03-27T12:17:05","modified_gmt":"2025-03-27T11:17:05","slug":"passer-la-nuit-a-emmen","status":"publish","type":"page","link":"https:\/\/hoteltencate.nl\/fr\/passer-la-nuit-a-emmen\/","title":{"rendered":"Passer la nuit \u00e0 Emmen"},"content":{"rendered":"<div class=\"wpb-content-wrapper\"><p>[vc_row equal_height=\u00a0\u00bbyes\u00a0\u00bb el_class=\u00a0\u00bbsticky\u00a0\u00bb][vc_column width=\u00a0\u00bb2\/3&Prime;][vc_column_text]<\/p>\n<h1 id=\"tw-target-text\" class=\"tw-data-text tw-text-large XcVN5d tw-ta\" dir=\"ltr\" data-placeholder=\"Vertaling\"><span class=\"Y2IQFc\" lang=\"fr\">Nuit\u00e9e inoubliable \u00e0 Emmen pr\u00e8s de Wildlands<\/span><\/h1>\n<p id=\"tw-target-text\" class=\"tw-data-text tw-text-large XcVN5d tw-ta\" dir=\"ltr\" data-placeholder=\"Vertaling\"><span class=\"Y2IQFc\" lang=\"fr\">Souhaitez-vous passer la nuit \u00e0 Emmen dans un h\u00f4tel unique \u00e0 proximit\u00e9 du Wildlands Adventure Zoo? Nous sommes heureux de vous accueillir \u00e0 l&rsquo;h\u00f4tel ten Cate. Rejoignez toute votre famille et nous vous offrirons un s\u00e9jour inoubliable dans nos chambres familiales confortables. Naturellement, notre h\u00f4tel est \u00e9galement la base id\u00e9ale pour tout autre s\u00e9jour sur le magnifique Hondsrug \u00e0 Drenthe. Nous avons 53 chambres d&rsquo;h\u00f4tel confortables qui, en plus de chambres familiales confortables, se composent de chambres classiques et m\u00eame de salles d&rsquo;art.<\/span><\/p>\n<p>[\/vc_column_text][vc_single_image image=\u00a0\u00bb669&Prime; img_size=\u00a0\u00bb600&#215;250&Prime;][vc_column_text css=\u00a0\u00bb.vc_custom_1619001047709{margin-top: 40px !important;}\u00a0\u00bb]<\/p>\n<h2 id=\"tw-target-text\" class=\"tw-data-text tw-text-large XcVN5d tw-ta\" dir=\"ltr\" data-placeholder=\"Vertaling\"><span class=\"Y2IQFc\" lang=\"fr\">Passez la nuit \u00e0 Emmen dans un lieu unique<\/span><\/h2>\n<p id=\"tw-target-text\" class=\"tw-data-text tw-text-large XcVN5d tw-ta\" dir=\"ltr\" data-placeholder=\"Vertaling\"><span class=\"Y2IQFc\" lang=\"fr\">Notre h\u00f4tel est situ\u00e9 \u00e0 proximit\u00e9 du centre Emmer et pourtant vous vous retrouverez dans un environnement calme o\u00f9 la pure d\u00e9tente pr\u00e9domine. \u00c0 Noordbarge, l&rsquo;un des plus anciens villages des Pays-Bas, vous d\u00e9couvrirez les plus beaux greens et fermes. Notre h\u00f4tel borde Noordbarge, qui est maintenant devenu un quartier d&rsquo;Emmen. En raison de la combinaison du centre d&rsquo;une part et du caract\u00e8re caract\u00e9ristique d&rsquo;un village idyllique d&rsquo;autre part, vous logerez dans notre h\u00f4tel dans un lieu unique que vous ne trouverez nulle part ailleurs.<\/span><\/p>\n<p>[\/vc_column_text][vc_row_inner][vc_column_inner width=\u00a0\u00bb1\/2&Prime;][vc_column_text]<\/p>\n<h2 id=\"tw-target-text\" class=\"tw-data-text tw-text-large XcVN5d tw-ta\" dir=\"ltr\" data-placeholder=\"Vertaling\"><span class=\"Y2IQFc\" lang=\"fr\">Wildlands et le th\u00e9\u00e2tre Atlas<\/span><\/h2>\n<p id=\"tw-target-text\" class=\"tw-data-text tw-text-large XcVN5d tw-ta\" dir=\"ltr\" data-placeholder=\"Vertaling\"><span class=\"Y2IQFc\" lang=\"fr\">Au Zoohotel ten Cate, nous proposons divers forfaits Wildlands. Cela signifie qu&rsquo;en plus de passer la nuit \u00e0 Emmen, une visite \u00e0 Wildlands est incluse. De plus, bien s\u00fbr, un copieux petit-d\u00e9jeuner buffet fait partie des forfaits de 2 et 3 jours, ainsi que l&rsquo;utilisation gratuite de toutes nos installations de remise en forme. De plus, vous \u00e9conomisez les frais de stationnement Wildlands avec nous car vous, en tant que client de l&rsquo;h\u00f4tel, vous garez gratuitement avec nous. Lorsque vous sortez de notre h\u00f4tel, vous pouvez marcher jusqu&rsquo;\u00e0 l&rsquo;entr\u00e9e du Wildlands Adventure Zoo Emmen et du th\u00e9\u00e2tre Atlas en un rien de temps. Id\u00e9al non?<\/span><\/p>\n<p>[\/vc_column_text][\/vc_column_inner][vc_column_inner width=\u00a0\u00bb1\/2&Prime;][vc_column_text]<\/p>\n<h2>Large gamme de forfaits h\u00f4teliers<\/h2>\n<p id=\"tw-target-text\" class=\"tw-data-text tw-text-large XcVN5d tw-ta\" dir=\"ltr\" data-placeholder=\"Vertaling\"><span class=\"Y2IQFc\" lang=\"fr\">En plus du forfait Wildlands, vous pouvez \u00e9galement choisir parmi de nombreux autres forfaits h\u00f4tel et r\u00e9union. Apr\u00e8s tout, vous \u00eates sur le Drentse Hondsrug, une r\u00e9gion o\u00f9 il y a beaucoup \u00e0 vivre et \u00e0 d\u00e9couvrir. Par exemple, nous vous proposons \u00e9galement un forfait combin\u00e9 de nuit\u00e9es \u00e0 Emmen avec une visite au mus\u00e9e Drents \u00e0 Assen. Ou qu&rsquo;en est-il d&rsquo;un arrangement dans lequel le golf est central? Notre forfait golf comprend les green fees sur le magnifique terrain de golf \u00ab\u00a0De Gelpenberg\u00a0\u00bb. Ce club de golf d&rsquo;Aalden a \u00e9t\u00e9 fond\u00e9 en 1970 et est donc le plus ancien de la province de Drenthe.<\/span><\/p>\n<p>[\/vc_column_text][\/vc_column_inner][\/vc_row_inner][vc_single_image image=\u00a0\u00bb670&Prime; img_size=\u00a0\u00bb600&#215;250&Prime;][vc_column_text css=\u00a0\u00bb.vc_custom_1619001148564{margin-top: 40px !important;}\u00a0\u00bb]<\/p>\n<h2>Aussi pour les arrangements sur mesure<\/h2>\n<p id=\"tw-target-text\" class=\"tw-data-text tw-text-large XcVN5d tw-ta\" dir=\"ltr\" data-placeholder=\"Vertaling\"><span class=\"Y2IQFc\" lang=\"fr\">Le forfait souhait\u00e9 ne figure-t-il pas sur notre site Web? Aucun probl\u00e8me. N&rsquo;h\u00e9sitez pas \u00e0 nous contacter et \u00e0 vous renseigner sur la polyvalence des possibilit\u00e9s. Vous pouvez \u00e9galement nous contacter pour des forfaits \u00e0 la journ\u00e9e. Cela signifie qu&rsquo;avec vous, nous \u00e9laborons un programme sur mesure qui r\u00e9pond \u00e0 tous vos souhaits sp\u00e9cifiques. Pensez \u00e0 une f\u00eate d&rsquo;anniversaire, une c\u00e9l\u00e9bration d&rsquo;anniversaire, une r\u00e9ception anim\u00e9e et bien plus encore. Gr\u00e2ce \u00e0 nos nombreuses ann\u00e9es d&rsquo;exp\u00e9rience et d&rsquo;expertise en h\u00e9bergement, nous savons toujours comment en faire un grand succ\u00e8s.<\/span><\/p>\n<h2 id=\"tw-target-text\" class=\"tw-data-text tw-text-large XcVN5d tw-ta\" dir=\"ltr\" data-placeholder=\"Vertaling\"><span class=\"Y2IQFc\" lang=\"fr\">D\u00e9lices culinaires et brasserie chaleureuse<\/span><\/h2>\n<p id=\"tw-target-text\" class=\"tw-data-text tw-text-large XcVN5d tw-ta\" dir=\"ltr\" data-placeholder=\"Vertaling\"><span class=\"Y2IQFc\" lang=\"fr\">En plus de passer la nuit \u00e0 Emmen, vous pouvez \u00e9galement profiter d&rsquo;un d\u00e9licieux d\u00eener ou d&rsquo;un d\u00e9licieux d\u00e9jeuner dans notre h\u00f4tel \u00e0 Emmen. Vous prenez place dans notre charmant restaurant ou profitez de l&rsquo;ambiance de notre agr\u00e9able jardin int\u00e9rieur par beau temps. Vous pouvez \u00e9galement d\u00e9guster une collation dans notre confortable brasserie. De plus, vous pouvez choisir un ap\u00e9ritif au bar ou prendre un dernier verre avant de vous coucher. Il n&rsquo;est pas n\u00e9cessaire de faire une r\u00e9servation pour une place dans notre Brasserie dont les heures d&rsquo;ouverture sont entre 07h00 et 12h00. Souhaitez-vous d\u00e9jeuner ou d\u00eener \u00e0 une heure diff\u00e9rente? S&rsquo;il vous pla\u00eet n&rsquo;h\u00e9sitez pas \u00e0 nous contacter.<\/span><\/p>\n<p>[\/vc_column_text][vc_column_text]<\/p>\n<h2>Pour plus d&rsquo;informations et r\u00e9servations<\/h2>\n<p id=\"tw-target-text\" class=\"tw-data-text tw-text-large XcVN5d tw-ta\" dir=\"ltr\" data-placeholder=\"Vertaling\"><span class=\"Y2IQFc\" lang=\"fr\">Bref, dans votre recherche des meilleurs h\u00f4tels de la r\u00e9gion d&rsquo;Emmen, vous devriez sans aucun doute \u00eatre \u00e0 l&rsquo;H\u00f4tel ten Cate. Nous vous proposons un excellent rapport qualit\u00e9-prix que vous ne trouverez nulle part ailleurs. De plus, notre h\u00f4tel se trouve \u00e0 distance de marche du centre Emmer, de Wildlands et du c\u00e9l\u00e8bre th\u00e9\u00e2tre Atlas. Souhaitez-vous plus d&rsquo;informations ou faire une r\u00e9servation? Veuillez appeler le +31 (0) 591 617 600. Vous pouvez \u00e9galement nous envoyer un message via: info@hoteltencate.nl.<\/span><\/p>\n<p>[\/vc_column_text][vc_btn title=\u00a0\u00bbVoir l&rsquo;h\u00f4tel\u00a0\u00bb style=\u00a0\u00bbflat\u00a0\u00bb color=\u00a0\u00bbwarning\u00a0\u00bb link=\u00a0\u00bburl:https%3A%2F%2Fhoteltencate.nl%2Fkamers%2F|||\u00a0\u00bb]<div class=\"beoordeling-box boxmid mobilebox\">\n                        <p>\n                            Nos clients nous \u00e9valuent avec un\n                        <\/p>\n                        <div class=\"midmob\">\n                            <span class=\"grademob\">9.3<\/span> \n                                <div class=\"sterren\">\n                                <span class=\"fa fa-star checked\"><\/span>\n                                <span class=\"fa fa-star checked\"><\/span>\n                                <span class=\"fa fa-star checked\"><\/span>\n                                <span class=\"fa fa-star checked\"><\/span>\n                                <span class=\"fa fa-star-half-o checked\"><\/span>\n                            <\/div>\n                        <\/div>\n                        <p>\n                            sur 8473 avis fiables\n\n                        <\/p>\n                    <\/div><div class=\"slider-tencate slider-\"><div class=\"slider-owl-container\"><div class=\"item\">\n                            <div class=\"arg-img\" style=\"min-height:px; background:url(https:\/\/hoteltencate.nl\/wp-content\/uploads\/2018\/07\/Ten-Cate-10-1024x678.jpg) center no-repeat;\"><\/div>\n                        <\/div><div class=\"item\">\n                            <div class=\"arg-img\" style=\"min-height:px; background:url(https:\/\/hoteltencate.nl\/wp-content\/uploads\/2018\/07\/Ten-Cate-11-1024x678.jpg) center no-repeat;\"><\/div>\n                        <\/div><div class=\"item\">\n                            <div class=\"arg-img\" style=\"min-height:px; background:url(https:\/\/hoteltencate.nl\/wp-content\/uploads\/2018\/07\/Ten-Cate-9-1024x678.jpg) center no-repeat;\"><\/div>\n                        <\/div><div class=\"item\">\n                            <div class=\"arg-img\" style=\"min-height:px; background:url(https:\/\/hoteltencate.nl\/wp-content\/uploads\/2018\/07\/Ten-Cate-1-1024x678.jpg) center no-repeat;\"><\/div>\n                        <\/div><div class=\"item\">\n                            <div class=\"arg-img\" style=\"min-height:px; background:url(https:\/\/hoteltencate.nl\/wp-content\/uploads\/2018\/07\/Ten-Cate-3-1024x678.jpg) center no-repeat;\"><\/div>\n                        <\/div><div class=\"item\">\n                            <div class=\"arg-img\" style=\"min-height:px; background:url(https:\/\/hoteltencate.nl\/wp-content\/uploads\/2018\/07\/Ten-Cate-4-1024x678.jpg) center no-repeat;\"><\/div>\n                        <\/div><div class=\"item\">\n                            <div class=\"arg-img\" style=\"min-height:px; background:url(https:\/\/hoteltencate.nl\/wp-content\/uploads\/2018\/07\/Ten-Cate-8-1024x678.jpg) center no-repeat;\"><\/div>\n                        <\/div><\/div>\n                    <div class=\"slideroptions\">\n                        <div class=\"leftsw arrowsw slideropt\"><img decoding=\"async\" src=\"https:\/\/hoteltencate.nl\/wp-content\/themes\/hoteltencate\/img\/arrowleft.png\" alt=\"\" title=\"\"><\/div>\n                        <div class=\"counter slideropt\">1\/7<\/div>\n                        <div class=\"rightsw arrowsw slideropt\"><img decoding=\"async\" src=\"https:\/\/hoteltencate.nl\/wp-content\/themes\/hoteltencate\/img\/arrowright.png\" alt=\"\" title=\"\"><\/div>\n                    <\/div><\/div>\n                    <script>\n                        jQuery(document).ready(function($) {\n                                var owl = $(\".slider- .slider-owl-container\");\n                                owl.owlCarousel({\n                                    margin:35,\n                                    nav:false,\n                                    responsive:{\n                                        0:{\n                                            items:1\n                                        },\n                                        500:{\n                                            items:1\n                                        },\n                                        768:{\n                                            items:1\n                                        }\n                                    }\n                                }); \n\n                                \n                                jQuery(\".slider- .leftsw\").click(function(){\n                                    owl.trigger(\"prev.owl.carousel\");\n                                });\n                                \n                                owl.on(\"changed.owl.carousel\", function(event) {\n                                    var items     = event.item.count;     \/\/ Number of items\n                                    var item      = event.item.index;     \/\/ Position of the current item\n                                    jQuery(\".slider- .counter\").html((item+1)+\"\/\"+items)\n                               });\n                                \n                                jQuery(\".slider- .rightsw\").click(function(){\n                                    owl.trigger(\"next.owl.carousel\");\n                                }); \n                        });\n                    <\/script>\n                    [\/vc_column][vc_column width=\u00a0\u00bb1\/3&Prime; el_class=\u00a0\u00bbsidebar-container hdesktop sticky\u00a0\u00bb]<div class=\"sidebar-menu\">\n                            <ul>\n<li><a class=\"sidebarbtn orange\" href=\"https:\/\/hoteltencate.nl\/\"><span class=\"Y2IQFc\" lang=\"fr\">Bienvenue \u00e0 l&rsquo;H\u00f4tel Restaurant Ten Cate<\/span><\/a><\/li>\n<li><a class=\"sidebarbtn\" href=\"https:\/\/hoteltencate.nl\/restaurant-emmen\/\">Bekijk het restaurant <span class=\"Y2IQFc\" lang=\"fr\">D\u00e9couvrez le restaurant<\/span><\/a><\/li>\n<li><a href=\"https:\/\/hoteltencate.nl\/kamer-boeken\/\"><span class=\"Y2IQFc\" lang=\"fr\">Voir nos chambres<\/span><\/a><\/li>\n<\/ul>\n\n                        <\/div>\n                        <img decoding=\"async\" class=\"sidebar-divider\" src=\"https:\/\/hoteltencate.nl\/wp-content\/themes\/hoteltencate\/img\/new\/arrange-singlediv-new-pink.png\" alt=\"\" title=\"\"><div class=\"beoordeling-sidebar\">\n                     <h5>Nos clients \u00e9valuent <strong>ce restaurant<\/strong> avec un<\/h5>\n                     <span class=\"grade\">8,7<\/span>\n                     <div class=\"sterren\">\n                        <span class=\"fa fa-star checked\"><\/span>\n                        <span class=\"fa fa-star checked\"><\/span>\n                        <span class=\"fa fa-star checked\"><\/span>\n                        <span class=\"fa fa-star checked\"><\/span>\n                        <span class=\"fa fa-star-half-o checked\"><\/span>\n                    <\/div>\n                    <h5>sur 865 avis fiables<\/h5>\n                <\/div>[\/vc_column][\/vc_row]<\/p>\n<\/div>","protected":false},"excerpt":{"rendered":"<p>[vc_row equal_height=\u00a0\u00bbyes\u00a0\u00bb el_class=\u00a0\u00bbsticky\u00a0\u00bb][vc_column width=\u00a0\u00bb2\/3&Prime;][vc_column_text] Nuit\u00e9e inoubliable \u00e0 Emmen pr\u00e8s de Wildlands Souhaitez-vous passer la nuit \u00e0 Emmen dans un h\u00f4tel unique \u00e0 proximit\u00e9 du Wildlands Adventure Zoo? Nous sommes heureux de vous accueillir \u00e0 l&rsquo;h\u00f4tel ten Cate. Rejoignez toute votre famille et nous vous offrirons un s\u00e9jour inoubliable dans nos chambres familiales confortables. Naturellement, notre [&hellip;]<\/p>\n","protected":false},"author":8,"featured_media":2353,"parent":0,"menu_order":0,"comment_status":"closed","ping_status":"closed","template":"","meta":{"_acf_changed":false,"footnotes":""},"class_list":["post-3928","page","type-page","status-publish","has-post-thumbnail","hentry"],"acf":[],"_links":{"self":[{"href":"https:\/\/hoteltencate.nl\/fr\/wp-json\/wp\/v2\/pages\/3928","targetHints":{"allow":["GET"]}}],"collection":[{"href":"https:\/\/hoteltencate.nl\/fr\/wp-json\/wp\/v2\/pages"}],"about":[{"href":"https:\/\/hoteltencate.nl\/fr\/wp-json\/wp\/v2\/types\/page"}],"author":[{"embeddable":true,"href":"https:\/\/hoteltencate.nl\/fr\/wp-json\/wp\/v2\/users\/8"}],"replies":[{"embeddable":true,"href":"https:\/\/hoteltencate.nl\/fr\/wp-json\/wp\/v2\/comments?post=3928"}],"version-history":[{"count":4,"href":"https:\/\/hoteltencate.nl\/fr\/wp-json\/wp\/v2\/pages\/3928\/revisions"}],"predecessor-version":[{"id":8194,"href":"https:\/\/hoteltencate.nl\/fr\/wp-json\/wp\/v2\/pages\/3928\/revisions\/8194"}],"wp:featuredmedia":[{"embeddable":true,"href":"https:\/\/hoteltencate.nl\/fr\/wp-json\/wp\/v2\/media\/2353"}],"wp:attachment":[{"href":"https:\/\/hoteltencate.nl\/fr\/wp-json\/wp\/v2\/media?parent=3928"}],"curies":[{"name":"wp","href":"https:\/\/api.w.org\/{rel}","templated":true}]}}