{"id":3874,"date":"2021-04-21T09:24:02","date_gmt":"2021-04-21T09:24:02","guid":{"rendered":"https:\/\/htc.swdev.nl\/?page_id=3874"},"modified":"2025-05-22T11:00:39","modified_gmt":"2025-05-22T09:00:39","slug":"activiteiten-drenthe","status":"publish","type":"page","link":"https:\/\/hoteltencate.nl\/fr\/activiteiten-drenthe\/","title":{"rendered":"SEO: Activiteiten Drenthe"},"content":{"rendered":"<div class=\"wpb-content-wrapper\"><p>[vc_row equal_height=\u00a0\u00bbyes\u00a0\u00bb][vc_column width=\u00a0\u00bb2\/3&Prime;][vc_column_text]<\/p>\n<h1 id=\"tw-target-text\" class=\"tw-data-text tw-text-large XcVN5d tw-ta\" dir=\"ltr\" data-placeholder=\"Vertaling\"><span class=\"Y2IQFc\" lang=\"fr\">Activit\u00e9s \u00e0 Drenthe<\/span><\/h1>\n<p id=\"tw-target-text\" class=\"tw-data-text tw-text-large XcVN5d tw-ta\" dir=\"ltr\" data-placeholder=\"Vertaling\"><span class=\"Y2IQFc\" lang=\"fr\">La province de Drenthe est connue comme une belle r\u00e9gion verte et s\u00fbre! Les touristes en profitent au maximum et les habitants y vivent tr\u00e8s agr\u00e9ablement. Que vous souhaitiez flairer la culture ou simplement profiter de la nature, il y a beaucoup \u00e0 faire \u00e0 Drenthe! <\/span><\/p>\n<p class=\"tw-data-text tw-text-large XcVN5d tw-ta\" dir=\"ltr\" data-placeholder=\"Vertaling\"><span class=\"Y2IQFc\" lang=\"fr\">Il y a aussi beaucoup \u00e0 voir et \u00e0 vivre pour les enfants et les plus petits. <\/span><\/p>\n<p class=\"tw-data-text tw-text-large XcVN5d tw-ta\" dir=\"ltr\" data-placeholder=\"Vertaling\"><span class=\"Y2IQFc\" lang=\"fr\">En savoir plus sur les meilleures activit\u00e9s et \u00e0 faire \u00e0 Drenthe et dans la plus grande ville de la province: Emmen. Il n&rsquo;y a absolument aucun moyen de s&rsquo;ennuyer!<\/span><\/p>\n<h2>Les meilleures activit\u00e9s \u00e0 Drenthe<\/h2>\n<p id=\"tw-target-text\" class=\"tw-data-text tw-text-large XcVN5d tw-ta\" dir=\"ltr\" data-placeholder=\"Vertaling\"><span class=\"Y2IQFc\" lang=\"fr\">Un week-end ou une semaine \u00e0 Drenthe est un plaisir pour petits et grands. Que vous souhaitiez faire quelque chose d&rsquo;actif ou en savoir plus sur l&rsquo;histoire. Il y en a pour tous les go\u00fbts \u00e0 Drenthe pour petits et grands! En savoir plus sur les meilleures activit\u00e9s \u00e0 Drenthe:<\/span><\/p>\n<p>[\/vc_column_text][vc_single_image image=\u00a0\u00bb624&Prime; img_size=\u00a0\u00bb800&#215;400&Prime; alignment=\u00a0\u00bbcenter\u00a0\u00bb][vc_column_text css=\u00a0\u00bb.vc_custom_1618996888885{margin-top: 40px !important;}\u00a0\u00bb]<\/p>\n<h2>Pour les amoureux de la nature<\/h2>\n<p id=\"tw-target-text\" class=\"tw-data-text tw-text-large XcVN5d tw-ta\" dir=\"ltr\" data-placeholder=\"Vertaling\"><span class=\"Y2IQFc\" lang=\"fr\">En tant qu&rsquo;amoureux de la nature, vous \u00eates tout \u00e0 fait chez vous \u00e0 Drenthe. C&rsquo;est tr\u00e8s vert. Drenthe poss\u00e8de donc \u00e9galement 3 parcs nationaux: le Drents-Friese Wold, le Dwingelderveld et le Drentsche Aa. <\/span><\/p>\n<p class=\"tw-data-text tw-text-large XcVN5d tw-ta\" dir=\"ltr\" data-placeholder=\"Vertaling\"><span class=\"Y2IQFc\" lang=\"fr\">Tous les parcs peuvent \u00eatre explor\u00e9s \u00e0 pied ou \u00e0 v\u00e9lo. Cherchez les anciens hunebeds qui sont abondants et surveillez les bergers qui se prom\u00e8nent souvent avec des troupeaux de moutons. \u00cates-vous un passionn\u00e9 de cuisine? Il y a aussi beaucoup \u00e0 go\u00fbter et \u00e0 vivre \u00e0 Drenthe dans ce domaine! Il existe plusieurs itin\u00e9raires cyclables culinaires o\u00f9 vous pourrez vous d\u00e9tendre apr\u00e8s votre randonn\u00e9e \u00e0 v\u00e9lo et profiter de l&rsquo;un des restaurants attrayants. <\/span><\/p>\n<p class=\"tw-data-text tw-text-large XcVN5d tw-ta\" dir=\"ltr\" data-placeholder=\"Vertaling\"><span class=\"Y2IQFc\" lang=\"fr\">Allez-vous d\u00e9couvrir Drenthe avec les enfants? Il y a plus qu&rsquo;assez \u00e0 faire pour eux aussi! Les parcs d&rsquo;attractions de Drenthe sont un v\u00e9ritable paradis pour les enfants. Du parc d&rsquo;attractions Drouwenerzand au c\u00e9l\u00e8bre Plopsa Indoor Coevorden. Sprookjeshof \u00e0 Zuidlaren est \u00e9galement populaire aupr\u00e8s des plus petits. Visitez-vous Drenthe pendant une chaude journ\u00e9e d&rsquo;\u00e9t\u00e9 n\u00e9erlandaise? N&rsquo;oubliez pas d&rsquo;apporter votre maillot de bain, car vous n&rsquo;aurez pas \u00e0 chercher longtemps pour vous rafra\u00eechir. <\/span><\/p>\n<p class=\"tw-data-text tw-text-large XcVN5d tw-ta\" dir=\"ltr\" data-placeholder=\"Vertaling\"><span class=\"Y2IQFc\" lang=\"fr\">Il existe un large choix de piscines \u00e0 diff\u00e9rents endroits. Quelques recommandations sont: le parc de loisirs Ermerstrand \u00e0 Erm, Baggelhuizerplas \u00e0 Assen et Natuurbad de Zandpol. <\/span><\/p>\n<p class=\"tw-data-text tw-text-large XcVN5d tw-ta\" dir=\"ltr\" data-placeholder=\"Vertaling\"><span class=\"Y2IQFc\" lang=\"fr\">Rendez visite \u00e0 une bergerie! Amusant pour petits et grands, et tr\u00e8s instructif de voir comment le berger et son chien travaillent pour entra\u00eener les moutons dans la bonne direction. Quelques recommandations sont: bergerie Ruinen en bordure du parc national Dwingelderveld, bergerie Weiteveen dans la r\u00e9serve naturelle de Bargerveen et bergerie Exloo.<\/span><\/p>\n<p>[\/vc_column_text][vc_single_image image=\u00a0\u00bb2031&Prime; img_size=\u00a0\u00bb800&#215;400&Prime; alignment=\u00a0\u00bbcenter\u00a0\u00bb][vc_row_inner][vc_column_inner width=\u00a0\u00bb1\/2&Prime;][vc_column_text]<\/p>\n<h2>Les meilleures activit\u00e9s \u00e0 Emmen<\/h2>\n<p id=\"tw-target-text\" class=\"tw-data-text tw-text-large XcVN5d tw-ta\" dir=\"ltr\" data-placeholder=\"Vertaling\"><span class=\"Y2IQFc\" lang=\"fr\">L&rsquo;endroit Emmen est surnomm\u00e9: \u00abla ville aux papillons\u00bb. Il s&rsquo;agit d&rsquo;une r\u00e9f\u00e9rence \u00e0 l&rsquo;ancien zoo d&rsquo;Emmen. Aujourd&rsquo;hui, ce parc a \u00e9t\u00e9 remplac\u00e9 par Wildlands Adventure Zoo pour lequel la ville est connue. <\/span><\/p>\n<p class=\"tw-data-text tw-text-large XcVN5d tw-ta\" dir=\"ltr\" data-placeholder=\"Vertaling\"><span class=\"Y2IQFc\" lang=\"fr\">En plus de visiter ce parc, il y a beaucoup plus \u00e0 faire et \u00e0 voir dans et autour d&rsquo;Emmen. En savoir plus sur les meilleures activit\u00e9s \u00e0 Emmen. <\/span><\/p>\n<p class=\"tw-data-text tw-text-large XcVN5d tw-ta\" dir=\"ltr\" data-placeholder=\"Vertaling\"><span class=\"Y2IQFc\" lang=\"fr\">Wildlands Adventure Zoo est le successeur du zoo d&rsquo;Emmen. Dans ce zoo, vous pouvez apercevoir des rhinoc\u00e9ros et des girafes \u00e0 une distance minimale et faire un voyage \u00e0 travers la savane lors d&rsquo;un safari en camion. Bien s\u00fbr, il y a beaucoup plus \u00e0 voir et \u00e0 faire ici. Ne manquez pas une visite lors de votre s\u00e9jour \u00e0 Emmen! <\/span><\/p>\n<p class=\"tw-data-text tw-text-large XcVN5d tw-ta\" dir=\"ltr\" data-placeholder=\"Vertaling\"><span class=\"Y2IQFc\" lang=\"fr\">Si vous souhaitez en savoir plus sur la Drenthe pr\u00e9historique, visitez le Hunebedcentrum of Borger. Dans ce mus\u00e9e, vous remontez le temps il y a plus de 5000 ans. Impressionnant et incontournable pour les passionn\u00e9s d&rsquo;histoire.<\/span><\/p>\n<p>[\/vc_column_text][\/vc_column_inner][vc_column_inner width=\u00a0\u00bb1\/2&Prime;][vc_column_text]<\/p>\n<p id=\"tw-target-text\" class=\"tw-data-text tw-text-large XcVN5d tw-ta\" dir=\"ltr\" data-placeholder=\"Vertaling\"><span class=\"Y2IQFc\" lang=\"fr\">Les magnifiques et c\u00e9l\u00e8bres jardins de Dedemsvaart sont l&rsquo;\u0153uvre de la vie de Mien Ruys. Elle \u00e9tait l&rsquo;une des architectes paysagistes du si\u00e8cle dernier. Il y a d&rsquo;innombrables raisons pour lesquelles ses jardins sont si diff\u00e9rents des autres jardins ouverts: parmi eux, les bordures richement fleuries de plantes vivaces. Une visite pour une belle promenade en vaut vraiment la peine. <\/span><\/p>\n<p class=\"tw-data-text tw-text-large XcVN5d tw-ta\" dir=\"ltr\" data-placeholder=\"Vertaling\"><span class=\"Y2IQFc\" lang=\"fr\">En visitant Museumspoorlijn STAR, le plus long chemin de fer des mus\u00e9es des Pays-Bas, vous faites un voyage sp\u00e9cial dans le temps. Installez-vous dans le si\u00e8ge du conducteur et apprenez tout sur l&rsquo;histoire fascinante de ce chemin de fer dans une exposition compl\u00e8te. Au coeur d&rsquo;Emmen, dans l&rsquo;ancien zoo, vous trouverez \u00ab\u00a0Emmen Escapes\u00a0\u00bb. En tant que fan de salles d&rsquo;\u00e9vasion, vous \u00eates assur\u00e9 de vous amuser ici. Dans un groupe, vous serez plac\u00e9 dans une pi\u00e8ce et vivrez une exp\u00e9rience unique o\u00f9 vous devrez r\u00e9soudre de nombreux indices, \u00e9nigmes et devoirs. Une tr\u00e8s belle exp\u00e9rience!<\/span><\/p>\n<p>[\/vc_column_text][\/vc_column_inner][\/vc_row_inner][vc_column_text]<\/p>\n<h3>Faire une r\u00e9servation \u00e0 l&rsquo;h\u00f4tel Ten Cate<\/h3>\n<p id=\"tw-target-text\" class=\"tw-data-text tw-text-large XcVN5d tw-ta\" dir=\"ltr\" data-placeholder=\"Vertaling\"><span class=\"Y2IQFc\" lang=\"fr\">Souhaitez-vous combiner votre visite \u00e0 Drenthe avec un bon s\u00e9jour dans un endroit magnifique et inspirant?<\/span><\/p>\n<p id=\"tw-target-text\" class=\"tw-data-text tw-text-large XcVN5d tw-ta\" dir=\"ltr\" data-placeholder=\"Vertaling\"><span class=\"Y2IQFc\" lang=\"fr\">Au coeur d&rsquo;Emmen, vous trouverez l&rsquo;h\u00f4tel Ten Cate. Nous sommes l&rsquo;h\u00f4tel id\u00e9al \u00e0 Emmen comme base pour tous les voyages dans et autour d&rsquo;Emmen. D\u00e9tendez-vous dans tout le confort de cet h\u00f4tel artistique! Contactez-nous pour une r\u00e9servation ou un arrangement via l&rsquo;adresse e-mail: info@hoteltencate.nl ou le num\u00e9ro de t\u00e9l\u00e9phone: 059-617 600<\/span><\/p>\n<p>\u00a0[\/vc_column_text][vc_btn title=\u00a0\u00bb Faire une r\u00e9servation \u00e0 l&rsquo;h\u00f4tel ten Cate\u00a0\u00bb style=\u00a0\u00bbflat\u00a0\u00bb color=\u00a0\u00bbwarning\u00a0\u00bb link=\u00a0\u00bburl:https%3A%2F%2Fhoteltencate.nl%2Fkamers%2F|title:Reserveer%20nu!||\u00a0\u00bb]<div class=\"beoordeling-box boxmid mobilebox\">\n                        <p>\n                            Nos clients nous \u00e9valuent avec un\n                        <\/p>\n                        <div class=\"midmob\">\n                            <span class=\"grademob\">9.3<\/span> \n                                <div class=\"sterren\">\n                                <span class=\"fa fa-star checked\"><\/span>\n                                <span class=\"fa fa-star checked\"><\/span>\n                                <span class=\"fa fa-star checked\"><\/span>\n                                <span class=\"fa fa-star checked\"><\/span>\n                                <span class=\"fa fa-star-half-o checked\"><\/span>\n                            <\/div>\n                        <\/div>\n                        <p>\n                            sur 8473 avis fiables\n\n                        <\/p>\n                    <\/div>[\/vc_column][vc_column width=\u00a0\u00bb1\/3&Prime; el_class=\u00a0\u00bbsidebar-container hdesktop sticky\u00a0\u00bb]<div class=\"sidebar-menu\">\n                            <ul>\n<li><a class=\"sidebarbtn orange\" href=\"https:\/\/hoteltencate.nl\/\"><span class=\"Y2IQFc\" lang=\"fr\">Bienvenue \u00e0 l&rsquo;H\u00f4tel Restaurant Ten Cate<\/span><\/a><\/li>\n<li><a class=\"sidebarbtn\" href=\"https:\/\/hoteltencate.nl\/restaurant-emmen\/\">Bekijk het restaurant <span class=\"Y2IQFc\" lang=\"fr\">D\u00e9couvrez le restaurant<\/span><\/a><\/li>\n<li><a href=\"https:\/\/hoteltencate.nl\/kamer-boeken\/\"><span class=\"Y2IQFc\" lang=\"fr\">Voir nos chambres<\/span><\/a><\/li>\n<\/ul>\n\n                        <\/div>\n                        <img decoding=\"async\" class=\"sidebar-divider\" src=\"https:\/\/hoteltencate.nl\/wp-content\/themes\/hoteltencate\/img\/new\/arrange-singlediv-new-pink.png\" alt=\"\" title=\"\"><div class=\"beoordeling-sidebar\">\n                     <h5>Nos clients \u00e9valuent <strong>ce restaurant<\/strong> avec un<\/h5>\n                     <span class=\"grade\">8,7<\/span>\n                     <div class=\"sterren\">\n                        <span class=\"fa fa-star checked\"><\/span>\n                        <span class=\"fa fa-star checked\"><\/span>\n                        <span class=\"fa fa-star checked\"><\/span>\n                        <span class=\"fa fa-star checked\"><\/span>\n                        <span class=\"fa fa-star-half-o checked\"><\/span>\n                    <\/div>\n                    <h5>sur 865 avis fiables<\/h5>\n                <\/div>[\/vc_column][\/vc_row]<\/p>\n<\/div>","protected":false},"excerpt":{"rendered":"<p>[vc_row equal_height=\u00a0\u00bbyes\u00a0\u00bb][vc_column width=\u00a0\u00bb2\/3&Prime;][vc_column_text] Activit\u00e9s \u00e0 Drenthe La province de Drenthe est connue comme une belle r\u00e9gion verte et s\u00fbre! Les touristes en profitent au maximum et les habitants y vivent tr\u00e8s agr\u00e9ablement. Que vous souhaitiez flairer la culture ou simplement profiter de la nature, il y a beaucoup \u00e0 faire \u00e0 Drenthe! Il y a [&hellip;]<\/p>\n","protected":false},"author":8,"featured_media":3881,"parent":0,"menu_order":0,"comment_status":"closed","ping_status":"closed","template":"","meta":{"_acf_changed":false,"footnotes":""},"class_list":["post-3874","page","type-page","status-publish","has-post-thumbnail","hentry"],"acf":[],"_links":{"self":[{"href":"https:\/\/hoteltencate.nl\/fr\/wp-json\/wp\/v2\/pages\/3874","targetHints":{"allow":["GET"]}}],"collection":[{"href":"https:\/\/hoteltencate.nl\/fr\/wp-json\/wp\/v2\/pages"}],"about":[{"href":"https:\/\/hoteltencate.nl\/fr\/wp-json\/wp\/v2\/types\/page"}],"author":[{"embeddable":true,"href":"https:\/\/hoteltencate.nl\/fr\/wp-json\/wp\/v2\/users\/8"}],"replies":[{"embeddable":true,"href":"https:\/\/hoteltencate.nl\/fr\/wp-json\/wp\/v2\/comments?post=3874"}],"version-history":[{"count":2,"href":"https:\/\/hoteltencate.nl\/fr\/wp-json\/wp\/v2\/pages\/3874\/revisions"}],"predecessor-version":[{"id":8189,"href":"https:\/\/hoteltencate.nl\/fr\/wp-json\/wp\/v2\/pages\/3874\/revisions\/8189"}],"wp:featuredmedia":[{"embeddable":true,"href":"https:\/\/hoteltencate.nl\/fr\/wp-json\/wp\/v2\/media\/3881"}],"wp:attachment":[{"href":"https:\/\/hoteltencate.nl\/fr\/wp-json\/wp\/v2\/media?parent=3874"}],"curies":[{"name":"wp","href":"https:\/\/api.w.org\/{rel}","templated":true}]}}