{"id":3829,"date":"2021-04-20T10:40:45","date_gmt":"2021-04-20T10:40:45","guid":{"rendered":"https:\/\/htc.swdev.nl\/?page_id=3829"},"modified":"2025-05-22T11:01:27","modified_gmt":"2025-05-22T09:01:27","slug":"hotel-drenthe","status":"publish","type":"page","link":"https:\/\/hoteltencate.nl\/fr\/hotel-drenthe\/","title":{"rendered":"SEO: Hotel Drenthe"},"content":{"rendered":"<div class=\"wpb-content-wrapper\"><p>[vc_row equal_height=\u00a0\u00bbyes\u00a0\u00bb el_class=\u00a0\u00bbsticky\u00a0\u00bb][vc_column width=\u00a0\u00bb2\/3&Prime;][vc_column_text]<\/p>\n<h1 id=\"tw-target-text\" class=\"tw-data-text tw-text-large XcVN5d tw-ta\" dir=\"ltr\" data-placeholder=\"Vertaling\"><span class=\"Y2IQFc\" lang=\"fr\">H\u00f4tel Drenthe: d\u00e9tendez-vous dans un environnement inspirant<\/span><\/h1>\n<p id=\"tw-target-text\" class=\"tw-data-text tw-text-large XcVN5d tw-ta\" dir=\"ltr\" data-placeholder=\"Vertaling\"><span class=\"Y2IQFc\" lang=\"fr\">Vous pouvez r\u00e9server un h\u00f4tel \u00e0 Drenthe lorsque vous avez besoin d&rsquo;un week-end de d\u00e9tente dans votre propre pays. Drenthe est un excellent choix si vous voulez vous \u00e9vader et aimez le faire dans un environnement naturel. Mais o\u00f9 trouver de beaux h\u00f4tels \u00e0 Drenthe? R\u00e9servez une chambre dans l&rsquo;unique et color\u00e9 Hotel ten Cate au c\u0153ur d&rsquo;Emmen. Votre recherche d&rsquo;h\u00e9bergement \u00e0 Drenthe se termine donc \u00e0 l&rsquo;h\u00f4tel ten Cate. Notre h\u00f4tel Drenthe est enti\u00e8rement \u00e9quip\u00e9 et vous garantit un week-end ou une nuit r\u00e9ussie dans votre propre pays. Vous s\u00e9journez dans un b\u00e2timent artistique et en m\u00eame temps profitez d&rsquo;une gamme polyvalente d&rsquo;installations et de forfaits. Pourquoi r\u00e9server un h\u00f4tel \u00e0 Drenthe pour de courtes vacances?<\/span><\/p>\n<p>[\/vc_column_text][vc_btn title=\u00a0\u00bb R\u00e9server une chambre\u00a0\u00bb style=\u00a0\u00bbflat\u00a0\u00bb color=\u00a0\u00bbwarning\u00a0\u00bb link=\u00a0\u00bburl:https%3A%2F%2Fhoteltencate.nl%2Fkamers%2F|title:Boek%20een%20kamer||\u00a0\u00bb][vc_column_text]<\/p>\n<h2 id=\"tw-target-text\" class=\"tw-data-text tw-text-large XcVN5d tw-ta\" dir=\"ltr\" data-placeholder=\"Vertaling\"><span class=\"Y2IQFc\" lang=\"fr\">Quelles chambres r\u00e9servez-vous \u00e0 Hotel ten Cate?<\/span><\/h2>\n<p id=\"tw-target-text\" class=\"tw-data-text tw-text-large XcVN5d tw-ta\" dir=\"ltr\" data-placeholder=\"Vertaling\"><span class=\"Y2IQFc\" lang=\"fr\">Il y a beaucoup d&rsquo;h\u00e9bergements \u00e0 Drenthe, mais nous aimerions vous inviter \u00e0 passer une nuit dans notre h\u00f4tel sp\u00e9cial. Le magnifique b\u00e2timent o\u00f9 vous s\u00e9journerez dispose de 57 chambres confortables que vous pouvez r\u00e9server par nuit. Les chambres d&rsquo;h\u00f4tel de l&rsquo;h\u00f4tel sont enti\u00e8rement \u00e9quip\u00e9es et il y a toujours une chambre disponible qui convient \u00e0 votre budget. Choisissez parmi une chambre standard, une salle d&rsquo;art, une chambre familiale ou une chambre familiale standard. D&rsquo;autres options sont la chambre sup\u00e9rieure, la chambre ex\u00e9cutive, la salle de danse de l&rsquo;amour, une chambre ou une suite \u00e9conomique. Vous r\u00e9servez toujours une chambre d&rsquo;h\u00f4tel dans notre h\u00f4tel Drenthe comprenant des lits confortables, une baignoire ou une douche et une connexion Wi-Fi gratuite. Vous pouvez facilement r\u00e9server une chambre en ligne via le site Web ou r\u00e9server la chambre d&rsquo;h\u00f4tel souhait\u00e9e par t\u00e9l\u00e9phone. Les employ\u00e9s de l&rsquo;h\u00f4tel ten Cate se feront un plaisir de vous parler.<\/span><\/p>\n<p>[\/vc_column_text][vc_single_image image=\u00a0\u00bb1473&Prime; img_size=\u00a0\u00bbfull\u00a0\u00bb][vc_column_text css=\u00a0\u00bb.vc_custom_1618914953114{margin-top: 40px !important;}\u00a0\u00bb]<\/p>\n<h2>D\u00eener \u00e0 l&rsquo;h\u00f4tel ten Cate \u00e0 Drenthe<\/h2>\n<p id=\"tw-target-text\" class=\"tw-data-text tw-text-large XcVN5d tw-ta\" dir=\"ltr\" data-placeholder=\"Vertaling\"><span class=\"Y2IQFc\" lang=\"fr\">Un week-end ou une nuit dans notre h\u00f4tel Drenthe n&rsquo;est bien s\u00fbr pas complet sans petit-d\u00e9jeuner. Chaque matin, vous savourez un copieux petit-d\u00e9jeuner buffet afin d&rsquo;avoir suffisamment d&rsquo;\u00e9nergie pour le faire ce jour-l\u00e0. En plus du petit-d\u00e9jeuner, il est \u00e9galement possible de d\u00eener \u00e0 l&rsquo;h\u00f4tel ten Cate. Nous sommes \u00e9galement un restaurant et offrons \u00e0 tous nos clients un choix parmi un menu vari\u00e9. Vous pouvez choisir parmi divers plats r\u00e9gionaux. Il est bon de savoir que nous ne choisissons que des produits durables et honn\u00eates et que nous les servons avec les meilleurs vins et bi\u00e8res pression, par exemple. D\u00e9couvrez les d\u00e9lices culinaires de notre restaurant, consultez le menu v\u00e9g\u00e9talien et offrez-vous, \u00e0 vous et \u00e0 votre partenaire, un s\u00e9jour inoubliable dans notre h\u00f4tel. Bien s\u00fbr, il est \u00e9galement possible de d\u00e9jeuner \u00e0 l&rsquo;h\u00f4tel ou de prendre un verre au bar de l&rsquo;h\u00f4tel le soir. Il y a beaucoup de choix!<\/span><\/p>\n<p>[\/vc_column_text][vc_row_inner][vc_column_inner width=\u00a0\u00bb1\/2&Prime;][vc_column_text]<\/p>\n<h2 id=\"tw-target-text\" class=\"tw-data-text tw-text-large XcVN5d tw-ta\" dir=\"ltr\" data-placeholder=\"Vertaling\"><span class=\"Y2IQFc\" lang=\"fr\">Possibilit\u00e9s pour les enfants \u00e0 l&rsquo;h\u00f4tel ten Cate<\/span><\/h2>\n<p id=\"tw-target-text\" class=\"tw-data-text tw-text-large XcVN5d tw-ta\" dir=\"ltr\" data-placeholder=\"Vertaling\"><span class=\"Y2IQFc\" lang=\"fr\">L&rsquo;Hotel ten Cate est un boutique-h\u00f4tel color\u00e9 et artistique, qui s&rsquo;int\u00e8gre parfaitement dans la perception des enfants. C&rsquo;est pourquoi ils sont \u00e9galement les bienvenus dans notre h\u00f4tel Drenthe. De plus, de nombreuses excursions sont \u00e0 faire dans les environs imm\u00e9diats de l&rsquo;h\u00f4tel ten Cate, afin que vos enfants ne s&rsquo;ennuient certainement pas. Par exemple, emmenez-les faire un voyage \u00e0 WILDLANDS Emmen ou visitez Kabouterland \u00e0 Exloo. Surtout les plus petits appr\u00e9cieront sans aucun doute ce voyage. <\/span><\/p>\n<p class=\"tw-data-text tw-text-large XcVN5d tw-ta\" dir=\"ltr\" data-placeholder=\"Vertaling\"><span class=\"Y2IQFc\" lang=\"fr\">Les clients de l&rsquo;h\u00f4tel \u00e9valuent l&rsquo;h\u00f4tel ten Cate avec une moyenne de 9,3, ce qui est en partie d\u00fb \u00e0 notre s\u00e9jour agr\u00e9able pour les enfants. En plus du look artistique et cr\u00e9atif, la convivialit\u00e9 pour les enfants de notre h\u00f4tel se refl\u00e8te \u00e9galement dans la gamme vari\u00e9e de menus enfants.<\/span><\/p>\n<p>[\/vc_column_text][\/vc_column_inner][vc_column_inner width=\u00a0\u00bb1\/2&Prime;][vc_column_text]<\/p>\n<h2 id=\"tw-target-text\" class=\"tw-data-text tw-text-large XcVN5d tw-ta\" dir=\"ltr\" data-placeholder=\"Vertaling\"><span class=\"Y2IQFc\" lang=\"fr\">Quels types de forfaits propose l&rsquo;h\u00f4tel Ten Cate<\/span><\/h2>\n<p id=\"tw-target-text\" class=\"tw-data-text tw-text-large XcVN5d tw-ta\" dir=\"ltr\" data-placeholder=\"Vertaling\"><span class=\"Y2IQFc\" lang=\"fr\">\u00c0 l&rsquo;h\u00f4tel ten Cate, il y a toujours de la place pour choisir un forfait unique. Quels forfaits choisissez-vous? Par exemple, il est possible de c\u00e9l\u00e9brer votre mariage avec nous ou de passer une journ\u00e9e sur le terrain de golf. Une rencontre pour votre entreprise est \u00e9galement possible. Ceci est possible pour 2 \u00e0 250 personnes. Vous souhaitez f\u00eater un anniversaire ou un anniversaire \u00e0 l&rsquo;h\u00f4tel ten Cate? Ceci est \u00e9galement possible. <\/span><\/p>\n<p class=\"tw-data-text tw-text-large XcVN5d tw-ta\" dir=\"ltr\" data-placeholder=\"Vertaling\"><span class=\"Y2IQFc\" lang=\"fr\">Enfin, il y a nos forfaits dimanche et bien-\u00eatre. Ce sont des occasions parfaites pour se laisser dorloter compl\u00e8tement ou ne rien faire du tout. Offrez-vous un s\u00e9jour relaxant et r\u00e9servez un forfait sur le site Web.<\/span><\/p>\n<p>[\/vc_column_text][\/vc_column_inner][\/vc_row_inner][vc_btn title=\u00a0\u00bb R\u00e9server une chambre\u00a0\u00bb style=\u00a0\u00bbflat\u00a0\u00bb color=\u00a0\u00bbwarning\u00a0\u00bb link=\u00a0\u00bburl:https%3A%2F%2Fhoteltencate.nl%2Fmenukaart%2F|title:Menukaart||\u00a0\u00bb][vc_single_image image=\u00a0\u00bb1324&Prime; img_size=\u00a0\u00bbfull\u00a0\u00bb][vc_column_text]<\/p>\n<h2 id=\"tw-target-text\" class=\"tw-data-text tw-text-large XcVN5d tw-ta\" dir=\"ltr\" data-placeholder=\"Vertaling\"><span class=\"Y2IQFc\" lang=\"fr\">Que pouvez-vous faire dans les environs de l&rsquo;h\u00f4tel?<\/span><\/h2>\n<p id=\"tw-target-text\" class=\"tw-data-text tw-text-large XcVN5d tw-ta\" dir=\"ltr\" data-placeholder=\"Vertaling\"><span class=\"Y2IQFc\" lang=\"fr\">Il y a beaucoup \u00e0 faire \u00e0 Emmen et dans les environs. Le v\u00e9lo est une activit\u00e9 largement pratiqu\u00e9e par nos clients de l&rsquo;h\u00f4tel. Le Hunebedcentrum de Borger vous ram\u00e8ne dans le temps et vous fait d\u00e9couvrir la pr\u00e9histoire. Une autre attraction est le mus\u00e9e Drents \u00e0 Assen. Ce mus\u00e9e est l&rsquo;une des attractions du nord de la Drenthe et est principalement c\u00e9l\u00e8bre pour sa collection sp\u00e9ciale d&rsquo;arch\u00e9ologie. En plus de la nature magnifique et d&rsquo;un s\u00e9jour dans un bel h\u00f4tel \u00e0 Drenthe, vous profitez \u00e9galement d&rsquo;un morceau de culture Drenthe et d&rsquo;innombrables sites. La d\u00e9tente, le bien-\u00eatre, mais aussi les sorties offrent une satisfaction et une d\u00e9tente absolues.<\/span><\/p>\n<h2 class=\"tw-data-text tw-text-large XcVN5d tw-ta\" dir=\"ltr\" data-placeholder=\"Vertaling\"><span class=\"Y2IQFc\" lang=\"fr\">Tous les avantages de l&rsquo;Hotel ten Cate en un coup d&rsquo;\u0153il <\/span><\/h2>\n<p class=\"tw-data-text tw-text-large XcVN5d tw-ta\" dir=\"ltr\" data-placeholder=\"Vertaling\"><span class=\"Y2IQFc\" lang=\"fr\">Vous souhaitez r\u00e9server une nuit\u00e9e dans notre h\u00f4tel Drenthe, mais n&rsquo;\u00eates-vous pas encore totalement convaincu? D\u00e9couvrez nos avantages et r\u00e9servez une nuit directement dans notre h\u00f4tel de luxe \u00e0 Emmen:<\/span><\/p>\n<ul>\n<li style=\"font-weight: 400;\">\n<p id=\"tw-target-text\" class=\"tw-data-text tw-text-large XcVN5d tw-ta\" dir=\"ltr\" data-placeholder=\"Vertaling\"><span class=\"Y2IQFc\" lang=\"fr\">L&rsquo;h\u00f4tel ten Cate garantit une bonne ambiance, un service professionnel et des installations confortables.<\/span><\/p>\n<\/li>\n<li style=\"font-weight: 400;\">\n<p id=\"tw-target-text\" class=\"tw-data-text tw-text-large XcVN5d tw-ta\" dir=\"ltr\" data-placeholder=\"Vertaling\"><span class=\"Y2IQFc\" lang=\"fr\">Nous sommes un h\u00f4tel adapt\u00e9 aux enfants et proposons \u00e9galement une exp\u00e9rience h\u00f4teli\u00e8re agr\u00e9able pour les enfants. <\/span><\/p>\n<\/li>\n<li style=\"font-weight: 400;\">\n<p id=\"tw-target-text\" class=\"tw-data-text tw-text-large XcVN5d tw-ta\" dir=\"ltr\" data-placeholder=\"Vertaling\"><span class=\"Y2IQFc\" lang=\"fr\">En plus des prix attractifs des h\u00f4tels, vous b\u00e9n\u00e9ficiez \u00e9galement de forfaits \u00e0 prix r\u00e9duit et utilisez divers saunas et installations de bien-\u00eatre <\/span><\/p>\n<\/li>\n<li style=\"font-weight: 400;\">\n<p id=\"tw-target-text\" class=\"tw-data-text tw-text-large XcVN5d tw-ta\" dir=\"ltr\" data-placeholder=\"Vertaling\"><span class=\"Y2IQFc\" lang=\"fr\">Il y a beaucoup \u00e0 faire dans les environs de l&rsquo;h\u00f4tel, ce qui rend impossible des vacances ennuyeuses dans notre h\u00f4tel. <\/span><\/p>\n<\/li>\n<li style=\"font-weight: 400;\">\n<p id=\"tw-target-text\" class=\"tw-data-text tw-text-large XcVN5d tw-ta\" dir=\"ltr\" data-placeholder=\"Vertaling\"><span class=\"Y2IQFc\" lang=\"fr\">Gr\u00e2ce au restaurant luxueux, la personne int\u00e9rieure est \u00e9galement suffisamment satisfaite!<\/span><\/p>\n<\/li>\n<\/ul>\n<p>[\/vc_column_text][vc_single_image image=\u00a0\u00bb1472&Prime; img_size=\u00a0\u00bbfull\u00a0\u00bb][vc_column_text css=\u00a0\u00bb.vc_custom_1618915130173{margin-top: 40px !important;}\u00a0\u00bb]<\/p>\n<h3>Nuit\u00e9e \u00e0 l&rsquo;h\u00f4tel Drenthe? R\u00e9servez directement votre r\u00e9servation<\/h3>\n<p id=\"tw-target-text\" class=\"tw-data-text tw-text-large XcVN5d tw-ta\" dir=\"ltr\" data-placeholder=\"Vertaling\"><span class=\"Y2IQFc\" lang=\"fr\">Vous recherchez un bel h\u00f4tel \u00e0 Drenthe pour passer une agr\u00e9able nuit ou un s\u00e9jour? Pour le bon logement \u00e0 Drenthe, r\u00e9servez une chambre d&rsquo;h\u00f4tel \u00e0 l&rsquo;h\u00f4tel ten Cate \u00e0 Emmen. De cette fa\u00e7on, vous vous assurez de passer des vacances confortables et agr\u00e9ables. En plus des options priv\u00e9es, il existe \u00e9galement des possibilit\u00e9s de r\u00e9server un s\u00e9jour d&rsquo;affaires ou une r\u00e9union avec nous. N&rsquo;h\u00e9sitez pas \u00e0 nous contacter si vous souhaitez c\u00e9l\u00e9brer votre mariage \u00e0 Drenthe. Par cons\u00e9quent, contactez-nous par t\u00e9l\u00e9phone au 0591-617600 ou r\u00e9servez une chambre directement via le site internet. Notre \u00e9quipe vous parlera patiemment et amicalement.<\/span><\/p>\n<p>[\/vc_column_text][vc_btn title=\u00a0\u00bb R\u00e9server une chambre\u00a0\u00bb style=\u00a0\u00bbflat\u00a0\u00bb color=\u00a0\u00bbwarning\u00a0\u00bb link=\u00a0\u00bburl:https%3A%2F%2Fhoteltencate.nl%2Fkamers|title:Boek%20een%20kamer||\u00a0\u00bb]<div class=\"beoordeling-box boxmid mobilebox\">\n                        <p>\n                            Nos clients nous \u00e9valuent avec un\n                        <\/p>\n                        <div class=\"midmob\">\n                            <span class=\"grademob\">9.3<\/span> \n                                <div class=\"sterren\">\n                                <span class=\"fa fa-star checked\"><\/span>\n                                <span class=\"fa fa-star checked\"><\/span>\n                                <span class=\"fa fa-star checked\"><\/span>\n                                <span class=\"fa fa-star checked\"><\/span>\n                                <span class=\"fa fa-star-half-o checked\"><\/span>\n                            <\/div>\n                        <\/div>\n                        <p>\n                            sur 8473 avis fiables\n\n                        <\/p>\n                    <\/div>[vc_separator color=\u00a0\u00bbblack\u00a0\u00bb]<div class=\"slider-tencate slider-\"><div class=\"slider-owl-container\"><div class=\"item\">\n                            <div class=\"arg-img\" style=\"min-height:400px; background:url(https:\/\/hoteltencate.nl\/wp-content\/uploads\/2019\/02\/211012teamhorsthuisDSC4981-1024x684.jpg) center no-repeat;\"><\/div>\n                        <\/div><div class=\"item\">\n                            <div class=\"arg-img\" style=\"min-height:400px; background:url(https:\/\/hoteltencate.nl\/wp-content\/uploads\/2019\/09\/restaurant_emmen_zijkant-1024x683.jpg) center no-repeat;\"><\/div>\n                        <\/div><div class=\"item\">\n                            <div class=\"arg-img\" style=\"min-height:400px; background:url(https:\/\/hoteltencate.nl\/wp-content\/uploads\/2019\/03\/87-1024x678.jpg) center no-repeat;\"><\/div>\n                        <\/div><div class=\"item\">\n                            <div class=\"arg-img\" style=\"min-height:400px; background:url(https:\/\/hoteltencate.nl\/wp-content\/uploads\/2019\/09\/restaurant_emmen_vooraanzicht-1024x684.jpg) center no-repeat;\"><\/div>\n                        <\/div><div class=\"item\">\n                            <div class=\"arg-img\" style=\"min-height:400px; background:url(https:\/\/hoteltencate.nl\/wp-content\/uploads\/2019\/09\/restaurant_emmen_tafel-1024x683.jpg) center no-repeat;\"><\/div>\n                        <\/div><\/div>\n                    <div class=\"slideroptions\">\n                        <div class=\"leftsw arrowsw slideropt\"><img decoding=\"async\" src=\"https:\/\/hoteltencate.nl\/wp-content\/themes\/hoteltencate\/img\/arrowleft.png\" alt=\"\" title=\"\"><\/div>\n                        <div class=\"counter slideropt\">1\/5<\/div>\n                        <div class=\"rightsw arrowsw slideropt\"><img decoding=\"async\" src=\"https:\/\/hoteltencate.nl\/wp-content\/themes\/hoteltencate\/img\/arrowright.png\" alt=\"\" title=\"\"><\/div>\n                    <\/div><\/div>\n                    <script>\n                        jQuery(document).ready(function($) {\n                                var owl = $(\".slider- .slider-owl-container\");\n                                owl.owlCarousel({\n                                    margin:35,\n                                    nav:false,\n                                    responsive:{\n                                        0:{\n                                            items:1\n                                        },\n                                        500:{\n                                            items:1\n                                        },\n                                        768:{\n                                            items:1\n                                        }\n                                    }\n                                }); \n\n                                \n                                jQuery(\".slider- .leftsw\").click(function(){\n                                    owl.trigger(\"prev.owl.carousel\");\n                                });\n                                \n                                owl.on(\"changed.owl.carousel\", function(event) {\n                                    var items     = event.item.count;     \/\/ Number of items\n                                    var item      = event.item.index;     \/\/ Position of the current item\n                                    jQuery(\".slider- .counter\").html((item+1)+\"\/\"+items)\n                               });\n                                \n                                jQuery(\".slider- .rightsw\").click(function(){\n                                    owl.trigger(\"next.owl.carousel\");\n                                }); \n                        });\n                    <\/script>\n                    [\/vc_column][vc_column width=\u00a0\u00bb1\/3&Prime; el_class=\u00a0\u00bbsidebar-container hdesktop sticky\u00a0\u00bb]<div class=\"sidebar-menu\">\n                            <ul>\n<li><a href=\"https:\/\/hoteltencate.nl\/kamer-boeken\/\">R\u00e9server une chambre<\/a><\/li>\n<li><a href=\"https:\/\/hoteltencate.nl\/restaurant-emmen\/\">D\u00e9couvrez le restaurant<\/a><\/li>\n<li><a href=\"https:\/\/hoteltencate.nl\/arrangement\/\">D\u00e9couvrez les packages<\/a><\/li>\n<\/ul>\n\n                        <\/div>\n                        <img decoding=\"async\" class=\"sidebar-divider\" src=\"https:\/\/hoteltencate.nl\/wp-content\/themes\/hoteltencate\/img\/new\/arrange-singlediv-new-pink.png\" alt=\"\" title=\"\"><div class=\"beoordeling-sidebar\">\n                     <h5>Nos clients \u00e9valuent <strong>ce restaurant<\/strong> avec un<\/h5>\n                     <span class=\"grade\">8,7<\/span>\n                     <div class=\"sterren\">\n                        <span class=\"fa fa-star checked\"><\/span>\n                        <span class=\"fa fa-star checked\"><\/span>\n                        <span class=\"fa fa-star checked\"><\/span>\n                        <span class=\"fa fa-star checked\"><\/span>\n                        <span class=\"fa fa-star-half-o checked\"><\/span>\n                    <\/div>\n                    <h5>sur 865 avis fiables<\/h5>\n                <\/div><div class=\"beoordeling-box boxmid mobilebox\">\n                        <p>\n                            Nos clients nous \u00e9valuent avec un\n                        <\/p>\n                        <div class=\"midmob\">\n                            <span class=\"grademob\">9.3<\/span> \n                                <div class=\"sterren\">\n                                <span class=\"fa fa-star checked\"><\/span>\n                                <span class=\"fa fa-star checked\"><\/span>\n                                <span class=\"fa fa-star checked\"><\/span>\n                                <span class=\"fa fa-star checked\"><\/span>\n                                <span class=\"fa fa-star-half-o checked\"><\/span>\n                            <\/div>\n                        <\/div>\n                        <p>\n                            sur 8473 avis fiables\n\n                        <\/p>\n                    <\/div>[\/vc_column][\/vc_row]<\/p>\n<\/div>","protected":false},"excerpt":{"rendered":"<p>[vc_row equal_height=\u00a0\u00bbyes\u00a0\u00bb el_class=\u00a0\u00bbsticky\u00a0\u00bb][vc_column width=\u00a0\u00bb2\/3&Prime;][vc_column_text] H\u00f4tel Drenthe: d\u00e9tendez-vous dans un environnement inspirant Vous pouvez r\u00e9server un h\u00f4tel \u00e0 Drenthe lorsque vous avez besoin d&rsquo;un week-end de d\u00e9tente dans votre propre pays. Drenthe est un excellent choix si vous voulez vous \u00e9vader et aimez le faire dans un environnement naturel. Mais o\u00f9 trouver de beaux h\u00f4tels \u00e0 [&hellip;]<\/p>\n","protected":false},"author":8,"featured_media":3793,"parent":0,"menu_order":0,"comment_status":"closed","ping_status":"closed","template":"normal-page.php","meta":{"_acf_changed":false,"footnotes":""},"class_list":["post-3829","page","type-page","status-publish","has-post-thumbnail","hentry"],"acf":[],"_links":{"self":[{"href":"https:\/\/hoteltencate.nl\/fr\/wp-json\/wp\/v2\/pages\/3829","targetHints":{"allow":["GET"]}}],"collection":[{"href":"https:\/\/hoteltencate.nl\/fr\/wp-json\/wp\/v2\/pages"}],"about":[{"href":"https:\/\/hoteltencate.nl\/fr\/wp-json\/wp\/v2\/types\/page"}],"author":[{"embeddable":true,"href":"https:\/\/hoteltencate.nl\/fr\/wp-json\/wp\/v2\/users\/8"}],"replies":[{"embeddable":true,"href":"https:\/\/hoteltencate.nl\/fr\/wp-json\/wp\/v2\/comments?post=3829"}],"version-history":[{"count":3,"href":"https:\/\/hoteltencate.nl\/fr\/wp-json\/wp\/v2\/pages\/3829\/revisions"}],"predecessor-version":[{"id":8159,"href":"https:\/\/hoteltencate.nl\/fr\/wp-json\/wp\/v2\/pages\/3829\/revisions\/8159"}],"wp:featuredmedia":[{"embeddable":true,"href":"https:\/\/hoteltencate.nl\/fr\/wp-json\/wp\/v2\/media\/3793"}],"wp:attachment":[{"href":"https:\/\/hoteltencate.nl\/fr\/wp-json\/wp\/v2\/media?parent=3829"}],"curies":[{"name":"wp","href":"https:\/\/api.w.org\/{rel}","templated":true}]}}