{"id":3211,"date":"2021-04-12T12:09:42","date_gmt":"2021-04-12T12:09:42","guid":{"rendered":"https:\/\/htc.swdev.nl\/?page_id=3211"},"modified":"2022-10-26T16:01:46","modified_gmt":"2022-10-26T14:01:46","slug":"wellness","status":"publish","type":"page","link":"https:\/\/hoteltencate.nl\/fr\/wellness\/","title":{"rendered":"Wellness"},"content":{"rendered":"<div class=\"wpb-content-wrapper\"><p>[vc_row][vc_column width=\u00a0\u00bb2\/3&Prime;][vc_column_text el_class=\u00a0\u00bbborderright\u00a0\u00bb]<\/p>\n<h1>Welness<\/h1>\n<h1><span style=\"font-size: 16px;\">Sentez-vous en forme et d\u00e9tendu<\/span><\/h1>\n<p>Apr\u00e8s votre week-end \u00e0 Emmen, gr\u00e2ce \u00e0 <a href=\"https:\/\/hoteltencate.nl\/\">l&rsquo;Hotel Restaurant ten Cate<\/a> vous vous sentirez comme neuf. Rendez-vous au centre de sant\u00e9 TC et utilisez nos magnifiques espaces de remise en forme, mettez \u00e0 jour votre bronzage dans le solarium et profitez d&rsquo;un massage relaxant.[\/vc_column_text][\/vc_column][vc_column width=\u00a0\u00bb1\/3&Prime;][vc_column_text]<\/span><\/p>\n<ul>\n<li>Utiliser gratuitement notre salle de sport<\/li>\n<li>Divers massages<\/li>\n<li>Solarium attrayant<\/li>\n<li>Equipe engag\u00e9<\/li>\n<\/ul>\n<p>[\/vc_column_text][\/vc_column][\/vc_row][vc_row][vc_column][vc_separator color=\u00a0\u00bbblack\u00a0\u00bb][\/vc_column][\/vc_row]<\/p>\n<\/div>","protected":false},"excerpt":{"rendered":"<p>[vc_row][vc_column width=\u00a0\u00bb2\/3&Prime;][vc_column_text el_class=\u00a0\u00bbborderright\u00a0\u00bb] Welness Sentez-vous en forme et d\u00e9tendu Apr\u00e8s votre week-end \u00e0 Emmen, gr\u00e2ce \u00e0 l&rsquo;Hotel Restaurant ten Cate vous vous sentirez comme neuf. Rendez-vous au centre de sant\u00e9 TC et utilisez nos magnifiques espaces de remise en forme, mettez \u00e0 jour votre bronzage dans le solarium et profitez d&rsquo;un massage relaxant.[\/vc_column_text][\/vc_column][vc_column width=\u00a0\u00bb1\/3&Prime;][vc_column_text] Utiliser [&hellip;]<\/p>\n","protected":false},"author":8,"featured_media":3218,"parent":0,"menu_order":0,"comment_status":"closed","ping_status":"closed","template":"welness.php","meta":{"_acf_changed":false,"footnotes":""},"class_list":["post-3211","page","type-page","status-publish","has-post-thumbnail","hentry"],"acf":[],"_links":{"self":[{"href":"https:\/\/hoteltencate.nl\/fr\/wp-json\/wp\/v2\/pages\/3211","targetHints":{"allow":["GET"]}}],"collection":[{"href":"https:\/\/hoteltencate.nl\/fr\/wp-json\/wp\/v2\/pages"}],"about":[{"href":"https:\/\/hoteltencate.nl\/fr\/wp-json\/wp\/v2\/types\/page"}],"author":[{"embeddable":true,"href":"https:\/\/hoteltencate.nl\/fr\/wp-json\/wp\/v2\/users\/8"}],"replies":[{"embeddable":true,"href":"https:\/\/hoteltencate.nl\/fr\/wp-json\/wp\/v2\/comments?post=3211"}],"version-history":[{"count":2,"href":"https:\/\/hoteltencate.nl\/fr\/wp-json\/wp\/v2\/pages\/3211\/revisions"}],"predecessor-version":[{"id":5490,"href":"https:\/\/hoteltencate.nl\/fr\/wp-json\/wp\/v2\/pages\/3211\/revisions\/5490"}],"wp:featuredmedia":[{"embeddable":true,"href":"https:\/\/hoteltencate.nl\/fr\/wp-json\/wp\/v2\/media\/3218"}],"wp:attachment":[{"href":"https:\/\/hoteltencate.nl\/fr\/wp-json\/wp\/v2\/media?parent=3211"}],"curies":[{"name":"wp","href":"https:\/\/api.w.org\/{rel}","templated":true}]}}