{"id":3039,"date":"2021-04-12T11:44:37","date_gmt":"2021-04-12T11:44:37","guid":{"rendered":"https:\/\/htc.swdev.nl\/?page_id=3039"},"modified":"2025-05-22T10:59:12","modified_gmt":"2025-05-22T08:59:12","slug":"diner-a-emmen","status":"publish","type":"page","link":"https:\/\/hoteltencate.nl\/fr\/diner-a-emmen\/","title":{"rendered":"D\u00eener \u00e0 Emmen"},"content":{"rendered":"<div class=\"wpb-content-wrapper\"><p>[vc_row equal_height=\u00a0\u00bbyes\u00a0\u00bb][vc_column width=\u00a0\u00bb2\/3&Prime;][vc_column_text]<\/p>\n<h1>D\u00eener \u00e0 Emmen \u00e0 l&rsquo;H\u00f4tel Restaurant Ten Cate<\/h1>\n<p>D\u00eener \u00e0 Emmen dans un bel endroit o\u00f9 l&rsquo;hospitalit\u00e9 et la qualit\u00e9 culinaire pr\u00e9dominent? Vous en \u00eates assur\u00e9 \u00e0 l&rsquo;H\u00f4tel Restaurant ten Cate. Vous trouverez notre restaurant \u00e0 Emmen \u00e0 distance de marche du <a href=\"https:\/\/hoteltencate.nl\/arrangement\/wildlands\/\">Wildlands Adventure Zoo<\/a> et du centre-ville. Notre concept de restaurant est tr\u00e8s sp\u00e9cial et vous \u00e9tonnera \u00e0 bien des \u00e9gards. Dans une ambiance <strong>\u00e0 la fois branch\u00e9e et classique<\/strong>, vous serez \u00e9pat\u00e9 avec un menu surprenant qui est principalement pr\u00e9par\u00e9 avec des produits de la r\u00e9gion.<\/p>\n<h2><strong>Nous cr\u00e9ons d\u2019un d\u00eener \u00e0 Emmen une exp\u00e9rience unique<\/strong><\/h2>\n<p>Notre \u00e9quipe passionn\u00e9e s&rsquo;engage \u00e0 vous offrir une exp\u00e9rience unique. Cela signifie qu&rsquo;avec nous, vous pouvez profiter pleinement d&rsquo;une oasis de paix, d&rsquo;une hospitalit\u00e9 sans pr\u00e9c\u00e9dent et de qualit\u00e9 culinaire. Dans nos plats, que nous servons dans une <strong>\u00abDutch cuisine\u00bb \u00e0 vocation fran\u00e7aise<\/strong>, nous utilisons autant que possible des produits locaux. Que vous optiez pour un d\u00e9jeuner savoureux ou d\u2019un d\u00eener exquis, vous go\u00fbterez partout la haute qualit\u00e9. Par cons\u00e9quent, d\u00e9fier vos instincts et vos papilles en allant d\u00eener \u00e0 Emmen au <a href=\"https:\/\/hoteltencate.nl\/fr\/restaurant-emmen\/\">Restaurant ten Cate<\/a>.[\/vc_column_text]<div class=\"slider-tencate slider-\"><div class=\"slider-owl-container\"><div class=\"item\">\n                            <div class=\"arg-img\" style=\"min-height:500px; background:url(https:\/\/hoteltencate.nl\/wp-content\/uploads\/2019\/10\/DSC9842-1024x684.jpg) center no-repeat;\"><\/div>\n                        <\/div><div class=\"item\">\n                            <div class=\"arg-img\" style=\"min-height:500px; background:url(https:\/\/hoteltencate.nl\/wp-content\/uploads\/2019\/10\/DSC9827-1024x684.jpg) center no-repeat;\"><\/div>\n                        <\/div><div class=\"item\">\n                            <div class=\"arg-img\" style=\"min-height:500px; background:url(https:\/\/hoteltencate.nl\/wp-content\/uploads\/2019\/10\/DSC9815-1024x684.jpg) center no-repeat;\"><\/div>\n                        <\/div><div class=\"item\">\n                            <div class=\"arg-img\" style=\"min-height:500px; background:url(https:\/\/hoteltencate.nl\/wp-content\/uploads\/2019\/10\/DSC8126-1024x684.jpg) center no-repeat;\"><\/div>\n                        <\/div><div class=\"item\">\n                            <div class=\"arg-img\" style=\"min-height:500px; background:url(https:\/\/hoteltencate.nl\/wp-content\/uploads\/2019\/10\/DSC8025-1024x684.jpg) center no-repeat;\"><\/div>\n                        <\/div><div class=\"item\">\n                            <div class=\"arg-img\" style=\"min-height:500px; background:url(https:\/\/hoteltencate.nl\/wp-content\/uploads\/2019\/10\/DSC8064-1024x684.jpg) center no-repeat;\"><\/div>\n                        <\/div><div class=\"item\">\n                            <div class=\"arg-img\" style=\"min-height:500px; background:url(https:\/\/hoteltencate.nl\/wp-content\/uploads\/2019\/10\/DSC7908-1024x684.jpg) center no-repeat;\"><\/div>\n                        <\/div><div class=\"item\">\n                            <div class=\"arg-img\" style=\"min-height:500px; background:url(https:\/\/hoteltencate.nl\/wp-content\/uploads\/2019\/10\/DSC7877-1024x684.jpg) center no-repeat;\"><\/div>\n                        <\/div><div class=\"item\">\n                            <div class=\"arg-img\" style=\"min-height:500px; background:url(https:\/\/hoteltencate.nl\/wp-content\/uploads\/2019\/10\/DSC9872-1024x684.jpg) center no-repeat;\"><\/div>\n                        <\/div><div class=\"item\">\n                            <div class=\"arg-img\" style=\"min-height:500px; background:url(https:\/\/hoteltencate.nl\/wp-content\/uploads\/2019\/10\/DSC8054-1024x684.jpg) center no-repeat;\"><\/div>\n                        <\/div><\/div>\n                    <div class=\"slideroptions\">\n                        <div class=\"leftsw arrowsw slideropt\"><img decoding=\"async\" src=\"https:\/\/hoteltencate.nl\/wp-content\/themes\/hoteltencate\/img\/arrowleft.png\" alt=\"\" title=\"\"><\/div>\n                        <div class=\"counter slideropt\">1\/10<\/div>\n                        <div class=\"rightsw arrowsw slideropt\"><img decoding=\"async\" src=\"https:\/\/hoteltencate.nl\/wp-content\/themes\/hoteltencate\/img\/arrowright.png\" alt=\"\" title=\"\"><\/div>\n                    <\/div><\/div>\n                    <script>\n                        jQuery(document).ready(function($) {\n                                var owl = $(\".slider- .slider-owl-container\");\n                                owl.owlCarousel({\n                                    margin:35,\n                                    nav:false,\n                                    responsive:{\n                                        0:{\n                                            items:1\n                                        },\n                                        500:{\n                                            items:1\n                                        },\n                                        768:{\n                                            items:1\n                                        }\n                                    }\n                                }); \n\n                                \n                                jQuery(\".slider- .leftsw\").click(function(){\n                                    owl.trigger(\"prev.owl.carousel\");\n                                });\n                                \n                                owl.on(\"changed.owl.carousel\", function(event) {\n                                    var items     = event.item.count;     \/\/ Number of items\n                                    var item      = event.item.index;     \/\/ Position of the current item\n                                    jQuery(\".slider- .counter\").html((item+1)+\"\/\"+items)\n                               });\n                                \n                                jQuery(\".slider- .rightsw\").click(function(){\n                                    owl.trigger(\"next.owl.carousel\");\n                                }); \n                        });\n                    <\/script>\n                    [vc_column_text css=\u00a0\u00bb.vc_custom_1618227780261{margin-top: 40px !important;}\u00a0\u00bb]<\/p>\n<h2><strong>Des plats polyvalents: de d\u00e9licieux repas \u00e0 Emmen<\/strong><\/h2>\n<p>Sur notre <a href=\"https:\/\/hoteltencate.nl\/fr\/restaurant-emmen\/\">menu en ligne<\/a>, vous trouverez tous les d\u00e9tails savoureux de <strong>nos plats du d\u00e9jeuner et du d\u00eener. <\/strong>Pour le d\u00e9jeuner, vous pouvez choisir parmi diverses soupes, salades, sandwichs et plats chauds. Vous pouvez par exemple choisir une omelette mais vous pouvez \u00e9galement choisir un de nos plats chaud pour le d\u00e9jeuner. Les plats \u00ab\u00a0boulettes de viande maison\u00a0\u00bb et \u00ab\u00a0poulet satay\u00a0\u00bb sont \u00e0 tomber par terre. Vous retrouverez la m\u00eame polyvalence dans nos plats du soir et nos <a href=\"https:\/\/hoteltencate.nl\/fr\/diner-a-emmen\/\">menus surprises.<\/a>\u00a0Tous les plats principaux sont servis avec des garnitures de saison.[\/vc_column_text][vc_single_image image=\u00a0\u00bb1473&Prime; img_size=\u00a0\u00bbfull\u00a0\u00bb][vc_btn title=\u00a0\u00bb Voir le restaurant Emmen\u00a0\u00bb style=\u00a0\u00bbflat\u00a0\u00bb color=\u00a0\u00bbwarning\u00a0\u00bb link=\u00a0\u00bburl:https%3A%2F%2Fhoteltencate.nl%2Frestaurant-emmen%2F|title:Restaurant%20Emmen%20Hotel%20ten%20Cate||\u00a0\u00bb]<div class=\"beoordeling-box boxmid mobilebox\">\n                        <p>\n                            Nos clients nous \u00e9valuent avec un\n                        <\/p>\n                        <div class=\"midmob\">\n                            <span class=\"grademob\">9.3<\/span> \n                                <div class=\"sterren\">\n                                <span class=\"fa fa-star checked\"><\/span>\n                                <span class=\"fa fa-star checked\"><\/span>\n                                <span class=\"fa fa-star checked\"><\/span>\n                                <span class=\"fa fa-star checked\"><\/span>\n                                <span class=\"fa fa-star-half-o checked\"><\/span>\n                            <\/div>\n                        <\/div>\n                        <p>\n                            sur 8473 avis fiables\n\n                        <\/p>\n                    <\/div>[vc_separator color=\u00a0\u00bbblack\u00a0\u00bb][vc_row_inner][vc_column_inner width=\u00a0\u00bb1\/2&Prime;][vc_column_text]<\/p>\n<h2><strong>Menu mensuel avec ingr\u00e9dients saisonnier<\/strong><\/h2>\n<p>Si vous d\u00e9cidez de d\u00eener chez nous \u00e0 Emmen, vous pouvez \u00e9galement choisir un <a href=\"https:\/\/hoteltencate.nl\/fr\/menu-du-mois\/\">menu mensuel <\/a>\u00a0enti\u00e8rement compos\u00e9 d&rsquo;ingr\u00e9dients saisonnier. Chaque mois, notre <strong>\u00e9quipe culinaire <\/strong>sait vous surprendre en tant qu&rsquo;invit\u00e9 avec de d\u00e9licieux plats pr\u00e9par\u00e9s uniquement avec des ingr\u00e9dients frais. Vous choisissez un menu surprenant de 3 ou 4 plats pour un prix tr\u00e8s abordable. \u00cates-vous v\u00e9g\u00e9tarien ou avez-vous des exigences alimentaires particuli\u00e8res? Vous pouvez bien s\u00fbr compter sur nous pour un vaste choix d&rsquo;excellents plats. Si vous nous informez en avance, nous nous assurerons que tout sera organis\u00e9 selon vos souhaits.[\/vc_column_text][\/vc_column_inner][vc_column_inner width=\u00a0\u00bb1\/2&Prime;][vc_column_text]<\/p>\n<h2><strong>Forfaits h\u00f4teliers \u00e0 des prix attrayant<\/strong><\/h2>\n<p>\u00c0 l&rsquo;H\u00f4tel Restaurant ten Cate, vous pouvez \u00e9galement choisir de d\u00eener en combinaison avec une nuit\u00e9e. Par exemple, nous avons le <a href=\"https:\/\/hoteltencate.nl\/fr\/arrangement\/dimanche\/\">forfait du dimanche.<\/a> Avec ce forfait, vous vous enregistrez chez nous \u00e0 partir de 15 h le dimanche apr\u00e8s-midi, puis profitez d&rsquo;un d\u00eener culinaire de 3 plats dans notre restaurant le dimanche soir. Vous passerez ensuite la nuit dans une chambre <strong>chambre double confortable<\/strong> et le lendemain matin, un petit d\u00e9jeuner luxueux vous attendra. Vous avez alors toute la journ\u00e9e \u00e0 passer comme bon vous semble. Par exemple, visitez le Wildlands Adventure Zoo Emmen, qui se trouve \u00e0 distance de marche. Vous pouvez acheter les billets d&rsquo;entr\u00e9e \u00e0 notre r\u00e9ception. Il en va de m\u00eame pour les plus belles pistes cyclables de la r\u00e9gion et de nombreuses <a href=\"https:\/\/hoteltencate.nl\/fr\/omgeving\/\">autres activit\u00e9s et sites touristiques.<\/a>[\/vc_column_text][\/vc_column_inner][\/vc_row_inner][vc_single_image image=\u00a0\u00bb1566&Prime; img_size=\u00a0\u00bbfull\u00a0\u00bb][vc_column_text css=\u00a0\u00bb.vc_custom_1618227826594{margin-top: 40px !important;}\u00a0\u00bb]<\/p>\n<h2><strong>Une collation et une boisson dans notre agr\u00e9able Brasserie ten Cate<\/strong><\/h2>\n<p>Dans la Brasserie ten Cate, vous pouvez \u00e9galement d\u00eener ou prendre un verre au bar. De nombreuses soir\u00e9es ont d\u00e9j\u00e0 eu lieu ici, ce qui est toujours un grand succ\u00e8s. L&rsquo;atmosph\u00e8re est tr\u00e8s agr\u00e9able et le service ressent exactement vos besoins. La <a href=\"\/fr\/brasserie\/\">Brasserie ten Cate<\/a>, vous donne \u00e9galement une vue sur notre magnifique <strong>jardin int\u00e9rieur <\/strong>avec des chaises confortables. Par beau temps, vous pourrez y profiter de moments de repos ultimes tout en d\u00e9gustant un bon verre de ros\u00e9, par exemple. Notre Brasserie est ouverte de 07h00 \u00e0 12h00. Vous n&rsquo;avez pas besoin de faire de r\u00e9servation. Si vous souhaitez d\u00e9jeuner ou d\u00eener dans notre Brasserie \u00e0 d&rsquo;autres moments n&rsquo;h\u00e9sitez alors pas \u00e0 nous <a href=\"https:\/\/hoteltencate.nl\/contact\/\">contacter<\/a>. Presque tout est possible en consultation.<\/p>\n<p><strong style=\"font-size: 24px;\">Combinaison avec une visite \u00e0 notre solarium<\/strong><\/p>\n<p>En plus de passer la nuit et de manger \u00e0 Emmen, l&rsquo;h\u00f4tel ten Cate propose \u00e9galement diverses installations de d\u00e9tente. Nous avons notre propre solarium o\u00f9 vous pourrez bronzer au soleil tout en vous relaxant. Notre lit de bronzage a un bronzeur facial s\u00e9par\u00e9 que vous pouvez ajuster vous-m\u00eame. Vous d\u00e9terminez \u00e9galement si et quelle musique vous voulez entendre. Vous avez le choix entre une dur\u00e9e de 10 minutes pour 4,50 \u20ac ou 20 minutes pour 7,50 \u20ac. Bien s\u00fbr, vous \u00eates \u00e9galement les bienvenus dans notre solarium si vous n&rsquo;\u00eates pas un client de l&rsquo;h\u00f4tel et ne mangez pas dans notre restaurant.<\/p>\n<h2><strong>D\u2019un massage <\/strong><strong>hotstone <\/strong><strong>jusqu\u2019\u00e0 un massage cr\u00e2niens<\/strong><\/h2>\n<p>Manger \u00e0 Emmen et un merveilleux massage \u00e0 l&rsquo;avance? Vous trouverez \u00e9galement ce service \u00e0 l&rsquo;h\u00f4tel ten Cate. En plus de notre <a href=\"https:\/\/hoteltencate.nl\/wellness\/solarium\/\">solarium<\/a>, nous avons \u00e9galement notre propre <a href=\"https:\/\/hoteltencate.nl\/fr\/wellness\/\">salon de massage. <\/a>Notre <strong>professionnelle du massage Joyce <\/strong>\u00a0van der Kruijf propose diff\u00e9rents types de massage qui \u00e9quilibrent parfaitement le corps et l&rsquo;esprit. Une richesse de tranquillit\u00e9 s&#8217;empare de vous. D\u2019un massage aux pierres chaudes (hotstone), \u00e0 un massages cr\u00e2niens jusqu\u2019\u00e0 un massage aux ar\u00f4mes. Vous pouvez \u00e9galement opter pour un massage aromatique avec un massage cr\u00e2niens \u00e0\u00a0l\u2019avance. N&rsquo;oubliez pas de \u00a0prendre les rendez-vous pour un massage directement avec Joyce et non via notre r\u00e9ception. Vous pouvez appeler Joyce au +31 (0) 6 1082 78 76.[\/vc_column_text][vc_single_image image=\u00a0\u00bb150&Prime; img_size=\u00a0\u00bbfull\u00a0\u00bb][vc_column_text css=\u00a0\u00bb.vc_custom_1618227841993{margin-top: 40px !important;}\u00a0\u00bb]<\/p>\n<h2><strong>Entra\u00eenement complet dans notre salle de fitness moderne<\/strong><\/h2>\n<p>Manger \u00e0 Emmen, passer la nuit \u00e0 Emmen, bien-\u00eatre \u00e0 Emmen, y a-t-il plus? Oui, car nous proposons \u00e9galement diverses installations dans notre <a href=\"https:\/\/hoteltencate.nl\/wellness\/fitness\/\">salle de sport TC Health Center <\/a>\u00a0pour une activit\u00e9 physique saine. Vous trouverez tout ce dont vous avez besoin pour un entra\u00eenement ultime et complet. Des \u00e9quipements de musculation, un cardio-training aux rameurs et plus encore. En tant que client de l&rsquo;h\u00f4tel, vous pouvez utiliser toutes ces installations gratuitement. Vous pouvez ramer quelques kilom\u00e8tres, courir sur le tapis roulant ou vous amuser sur le v\u00e9lo elliptique pendant votre s\u00e9jour \u00e0 l&rsquo;h\u00f4tel. M\u00eame si vous n&rsquo;\u00eates pas un client de l&rsquo;h\u00f4tel, toutes ces <strong>installations de fitness <\/strong>sont \u00e0 votre disposition. N&rsquo;h\u00e9sitez pas \u00e0 vous renseigner aupr\u00e8s de <a href=\"https:\/\/hoteltencate.nl\/contact\/\">notre r\u00e9ception <\/a>sur les possibilit\u00e9s et les co\u00fbts.<\/p>\n<h2><strong>R\u00e9servez \u00e0 l\u2019Hotel Restaurant ten Cate<\/strong><\/h2>\n<p>Souhaitez-vous \u00e9galement prendre un d\u00e9licieux d\u00e9jeuner, d\u00eener, passer la nuit ou utiliser nos installations d\u2019exercices ou de d\u00e9tente? Veuillez alors envoyer un e-mail \u00e0 <a href=\"mailto:info@hoteltencate.nl\">info@hoteltencate.nl<\/a> ou appelez-nous au +31 (0) 591 617 600. Avez-vous des exigences alimentaires particuli\u00e8res, une allergie ou \u00eates-vous v\u00e9g\u00e9tarien? Informer-nous et nous vous proposerons un <strong>choix de menu adapt\u00e9<\/strong>. Nous sommes \u00e9galement heureux de vous aider avec plus d&rsquo;informations sur nos forfaits sp\u00e9ciaux, activit\u00e9s et sites touristiques dans la r\u00e9gion et l&rsquo;organisation de r\u00e9unions d&rsquo;affaires.[\/vc_column_text][vc_btn title=\u00a0\u00bb Voir le restaurant Emmen\u00a0\u00bb style=\u00a0\u00bbflat\u00a0\u00bb color=\u00a0\u00bbwarning\u00a0\u00bb link=\u00a0\u00bburl:https%3A%2F%2Fhoteltencate.nl%2Frestaurant-emmen%2F|title:Restaurant%20Emmen||\u00a0\u00bb]<div class=\"slider-tencate slider-\"><div class=\"slider-owl-container\"><div class=\"item\">\n                            <div class=\"arg-img\" style=\"min-height:500px; background:url(https:\/\/hoteltencate.nl\/wp-content\/uploads\/2018\/07\/Ten-Cate-9-1024x678.jpg) center no-repeat;\"><\/div>\n                        <\/div><div class=\"item\">\n                            <div class=\"arg-img\" style=\"min-height:500px; background:url(https:\/\/hoteltencate.nl\/wp-content\/uploads\/2018\/07\/Ten-Cate-8-1024x678.jpg) center no-repeat;\"><\/div>\n                        <\/div><div class=\"item\">\n                            <div class=\"arg-img\" style=\"min-height:500px; background:url(https:\/\/hoteltencate.nl\/wp-content\/uploads\/2018\/07\/Ten-Cate-7-1024x678.jpg) center no-repeat;\"><\/div>\n                        <\/div><div class=\"item\">\n                            <div class=\"arg-img\" style=\"min-height:500px; background:url(https:\/\/hoteltencate.nl\/wp-content\/uploads\/2018\/07\/Ten-Cate-6-1024x678.jpg) center no-repeat;\"><\/div>\n                        <\/div><div class=\"item\">\n                            <div class=\"arg-img\" style=\"min-height:500px; background:url(https:\/\/hoteltencate.nl\/wp-content\/uploads\/2018\/07\/Ten-Cate-5-1024x678.jpg) center no-repeat;\"><\/div>\n                        <\/div><div class=\"item\">\n                            <div class=\"arg-img\" style=\"min-height:500px; background:url(https:\/\/hoteltencate.nl\/wp-content\/uploads\/2018\/07\/Ten-Cate-3-1024x678.jpg) center no-repeat;\"><\/div>\n                        <\/div><div class=\"item\">\n                            <div class=\"arg-img\" style=\"min-height:500px; background:url(https:\/\/hoteltencate.nl\/wp-content\/uploads\/2018\/07\/Ten-Cate-10-1024x678.jpg) center no-repeat;\"><\/div>\n                        <\/div><\/div>\n                    <div class=\"slideroptions\">\n                        <div class=\"leftsw arrowsw slideropt\"><img decoding=\"async\" src=\"https:\/\/hoteltencate.nl\/wp-content\/themes\/hoteltencate\/img\/arrowleft.png\" alt=\"\" title=\"\"><\/div>\n                        <div class=\"counter slideropt\">1\/7<\/div>\n                        <div class=\"rightsw arrowsw slideropt\"><img decoding=\"async\" src=\"https:\/\/hoteltencate.nl\/wp-content\/themes\/hoteltencate\/img\/arrowright.png\" alt=\"\" title=\"\"><\/div>\n                    <\/div><\/div>\n                    <script>\n                        jQuery(document).ready(function($) {\n                                var owl = $(\".slider- .slider-owl-container\");\n                                owl.owlCarousel({\n                                    margin:35,\n                                    nav:false,\n                                    responsive:{\n                                        0:{\n                                            items:1\n                                        },\n                                        500:{\n                                            items:1\n                                        },\n                                        768:{\n                                            items:1\n                                        }\n                                    }\n                                }); \n\n                                \n                                jQuery(\".slider- .leftsw\").click(function(){\n                                    owl.trigger(\"prev.owl.carousel\");\n                                });\n                                \n                                owl.on(\"changed.owl.carousel\", function(event) {\n                                    var items     = event.item.count;     \/\/ Number of items\n                                    var item      = event.item.index;     \/\/ Position of the current item\n                                    jQuery(\".slider- .counter\").html((item+1)+\"\/\"+items)\n                               });\n                                \n                                jQuery(\".slider- .rightsw\").click(function(){\n                                    owl.trigger(\"next.owl.carousel\");\n                                }); \n                        });\n                    <\/script>\n                    [\/vc_column][vc_column width=\u00a0\u00bb1\/3&Prime; el_class=\u00a0\u00bbsidebar-container hdesktop sticky\u00a0\u00bb]<div class=\"sidebar-menu\">\n                            <ul>\n<li><a class=\"sidebarbtn orange\" href=\"https:\/\/hoteltencate.nl\/fr\">Hotel Restaurant ten Cate<\/a><\/li>\n<li><a class=\"sidebarbtn\" href=\"https:\/\/hoteltencate.nl\/fr\/restaurant-emmen\/\">D\u00e9couvrez notre restaurant<\/a><\/li>\n<li><a href=\"https:\/\/hoteltencate.nl\/fr\/chambres\/\">D\u00e9couvrez nos chambre<\/a><\/li>\n<\/ul>\n\n                        <\/div>\n                        <img decoding=\"async\" class=\"sidebar-divider\" src=\"https:\/\/hoteltencate.nl\/wp-content\/themes\/hoteltencate\/img\/new\/arrange-singlediv-new-pink.png\" alt=\"\" title=\"\"><div class=\"beoordeling-sidebar\">\n                     <h5>Nos clients \u00e9valuent <strong>ce restaurant<\/strong> avec un<\/h5>\n                     <span class=\"grade\">8,7<\/span>\n                     <div class=\"sterren\">\n                        <span class=\"fa fa-star checked\"><\/span>\n                        <span class=\"fa fa-star checked\"><\/span>\n                        <span class=\"fa fa-star checked\"><\/span>\n                        <span class=\"fa fa-star checked\"><\/span>\n                        <span class=\"fa fa-star-half-o checked\"><\/span>\n                    <\/div>\n                    <h5>sur 865 avis fiables<\/h5>\n                <\/div>[\/vc_column][\/vc_row]<\/p>\n<\/div>","protected":false},"excerpt":{"rendered":"<p>[vc_row equal_height=\u00a0\u00bbyes\u00a0\u00bb][vc_column width=\u00a0\u00bb2\/3&Prime;][vc_column_text] D\u00eener \u00e0 Emmen \u00e0 l&rsquo;H\u00f4tel Restaurant Ten Cate D\u00eener \u00e0 Emmen dans un bel endroit o\u00f9 l&rsquo;hospitalit\u00e9 et la qualit\u00e9 culinaire pr\u00e9dominent? Vous en \u00eates assur\u00e9 \u00e0 l&rsquo;H\u00f4tel Restaurant ten Cate. Vous trouverez notre restaurant \u00e0 Emmen \u00e0 distance de marche du Wildlands Adventure Zoo et du centre-ville. Notre concept de restaurant [&hellip;]<\/p>\n","protected":false},"author":8,"featured_media":0,"parent":0,"menu_order":0,"comment_status":"closed","ping_status":"closed","template":"","meta":{"_acf_changed":false,"footnotes":""},"class_list":["post-3039","page","type-page","status-publish","hentry"],"acf":[],"_links":{"self":[{"href":"https:\/\/hoteltencate.nl\/fr\/wp-json\/wp\/v2\/pages\/3039","targetHints":{"allow":["GET"]}}],"collection":[{"href":"https:\/\/hoteltencate.nl\/fr\/wp-json\/wp\/v2\/pages"}],"about":[{"href":"https:\/\/hoteltencate.nl\/fr\/wp-json\/wp\/v2\/types\/page"}],"author":[{"embeddable":true,"href":"https:\/\/hoteltencate.nl\/fr\/wp-json\/wp\/v2\/users\/8"}],"replies":[{"embeddable":true,"href":"https:\/\/hoteltencate.nl\/fr\/wp-json\/wp\/v2\/comments?post=3039"}],"version-history":[{"count":3,"href":"https:\/\/hoteltencate.nl\/fr\/wp-json\/wp\/v2\/pages\/3039\/revisions"}],"predecessor-version":[{"id":8146,"href":"https:\/\/hoteltencate.nl\/fr\/wp-json\/wp\/v2\/pages\/3039\/revisions\/8146"}],"wp:attachment":[{"href":"https:\/\/hoteltencate.nl\/fr\/wp-json\/wp\/v2\/media?parent=3039"}],"curies":[{"name":"wp","href":"https:\/\/api.w.org\/{rel}","templated":true}]}}