{"id":2982,"date":"2021-04-12T11:18:24","date_gmt":"2021-04-12T11:18:24","guid":{"rendered":"https:\/\/htc.swdev.nl\/?page_id=2982"},"modified":"2026-04-09T10:38:48","modified_gmt":"2026-04-09T08:38:48","slug":"restaurant-emmen","status":"publish","type":"page","link":"https:\/\/hoteltencate.nl\/fr\/restaurant-emmen\/","title":{"rendered":"Restaurant Emmen"},"content":{"rendered":"<div class=\"wpb-content-wrapper\"><p>[vc_row equal_height=\u00a0\u00bbyes\u00a0\u00bb el_class=\u00a0\u00bbsticky\u00a0\u00bb][vc_column width=\u00a0\u00bb2\/3&Prime;][vc_column_text css=\u00a0\u00bb\u00a0\u00bb]<\/p>\n<h1>Le restaurant le plus chaleureux d&rsquo;Emmen<\/h1>\n<p>Laissez-vous surprendre par l&rsquo;Hotel Restaurant ten Cate, le restaurant le plus atmosph\u00e9rique d&rsquo;Emmen et des environs. Ici, vous pourrez profiter d&rsquo;un <a href=\"https:\/\/hoteltencate.nl\/wp-content\/uploads\/2026\/04\/HTC-Menukaart-April-2026-ENGELS.pdf\">menu<\/a> surprenant dans une ambiance \u00e0 la fois tendance et classique et chaleureuse. Nos plats sont en grande partie pr\u00e9par\u00e9s avec des produits de la r\u00e9gion et vous \u00eates les bienvenus pour un d\u00e9jeuner savoureux et un excellent d\u00eener. Boire un bon verre? D\u00e9couvrez le confort de notre Brasserie ou d\u00e9tendez-vous sur la confortable terrasse de notre jardin int\u00e9rieur par beau temps.[\/vc_column_text][vc_btn title=\u00a0\u00bbR\u00e9server une table\u00a0\u00bb style=\u00a0\u00bbflat\u00a0\u00bb color=\u00a0\u00bbwarning\u00a0\u00bb link=\u00a0\u00bburl:%23|title:reserveren||\u00a0\u00bb el_class=\u00a0\u00bbtafel-reserveren-popup\u00a0\u00bb][vc_column_text]<\/p>\n<ul>\n<li>Divers plats r\u00e9gionaux<\/li>\n<li>Produits durables et \u00e9quitables<\/li>\n<li>\u2018Dutch cuisine\u2019 inspir\u00e9e par la cuisine Fran\u00e7aise<\/li>\n<li>Divers vins raffin\u00e9s et bi\u00e8res pression<\/li>\n<li>La cuisine est ouverte du lundi au dimanche de <strong>12:00 \u00e0 21:00<\/strong><\/li>\n<\/ul>\n<p>[\/vc_column_text][vc_btn title=\u00a0\u00bbVoir le menu\u00a0\u00bb style=\u00a0\u00bbflat\u00a0\u00bb color=\u00a0\u00bbwarning\u00a0\u00bb css=\u00a0\u00bb\u00a0\u00bb link=\u00a0\u00bburl:https%3A%2F%2Fhoteltencate.nl%2Fwp-content%2Fuploads%2F2026%2F04%2FHTC-Menukaart-April-2026-ENGELS.pdf|title:Voir%20le%20menu\u00a0\u00bb el_class=\u00a0\u00bbhmobile\u00a0\u00bb][vc_column_text]<\/p>\n<h2><strong>Notre restaurant \u00e0 Emmen vous offre une oasis de paix<\/strong><\/h2>\n<p>D\u00e8s que vous entrez dans notre restaurant, vous \u00eates imm\u00e9diatement emparer par une oasis de tranquillit\u00e9. Ici, vous pouvez vous retirer compl\u00e8tement de vos soucis quotidiens et profiter pleinement de nombreux d\u00e9lices culinaires. Notre \u00e9quipe passionn\u00e9e s\u2019engage \u00e0 vous offrir une exp\u00e9rience unique. Avez-vous des exigences alimentaires particuli\u00e8res ou une allergie? Informer-nous et nous nous assurerons que vos souhaits soit r\u00e9alis\u00e9s.[\/vc_column_text][vc_single_image image=\u00a0\u00bb5835&Prime; img_size=\u00a0\u00bbfull\u00a0\u00bb][vc_column_text css=\u00a0\u00bb.vc_custom_1618226187762{margin-top: 40px !important;}\u00a0\u00bb]<\/p>\n<h2><strong>\u00c0 distance de marche du centre-ville et de Wildlands<\/strong><\/h2>\n<p>Vous trouverez notre restaurant \u00e0 distance de marche du centre-ville et de Wildlands Adventure Zoo. Notre h\u00f4tel color\u00e9 est situ\u00e9 dans l&rsquo;un des plus anciens villages des Pays-Bas: Noordbarge. Vous ne trouverez cette combinaison unique nulle part ailleurs. Il en va de m\u00eame pour l&rsquo;ext\u00e9rieur de notre h\u00f4tel. Celles-ci pr\u00e9sente des peintures Toyistique qui vous fera vous servir de votre cr\u00e9ativit\u00e9. Ce projet intitul\u00e9 \u00ab\u00a0Dreams for Breakfast\u00a0\u00bb a \u00e9t\u00e9 cr\u00e9\u00e9 en cinq semaines par des artistes Toyist. Le toyisme est un mouvement artistique international n\u00e9 \u00e0 Emmen. Un couple amoureux est peint sur le devant de notre h\u00f4tel, entour\u00e9 par diverse gourmandises. \u00c9galement du c\u00f4t\u00e9 sud, vous d\u00e9couvrirez des produits qui servent de base aux d\u00e9licieux plats qui peuvent \u00eatre d\u00e9gust\u00e9s au restaurant.[\/vc_column_text][vc_row_inner][vc_column_inner width=\u00a0\u00bb1\/2&Prime;][vc_column_text css=\u00a0\u00bb\u00a0\u00bb]<\/p>\n<h4><strong>&lsquo;Dutch cuisine\u2019 inspir\u00e9e par la cuisine Fran\u00e7aise<\/strong><\/h4>\n<p>Nous proposons une \u00ab\u00a0Dutch cuisine\u00a0\u00bb \u00e0 vocation fran\u00e7aise. Une attention particuli\u00e8re est consacr\u00e9 aux l\u00e9gumes afin de cr\u00e9er l&rsquo;\u00e9quilibre parfait dans les diff\u00e9rents plats. Cela signifie que nos plats ne se composent pas uniquement du produit principal: viande, poisson, volaille ou gibier. De plus, nous nous engageons \u00e0 amener le sud-est de la Drenthe \u00e0 un niveau culinaire de haute qualit\u00e9, tout en conservant notre caract\u00e8re accessible. Vous trouverez un excellent rapport qualit\u00e9-prix dans <a href=\"https:\/\/hoteltencate.nl\/wp-content\/uploads\/2026\/04\/HTC-Menukaart-April-2026-ENGELS.pdf\">notre menu.<\/a>[\/vc_column_text][\/vc_column_inner][vc_column_inner width=\u00a0\u00bb1\/2&Prime;][vc_column_text css=\u00a0\u00bb\u00a0\u00bb]<\/p>\n<h2><strong>Menu du Restaurant ten Cate<\/strong><\/h2>\n<p>Parce que nous travaillons avec des fournisseurs locaux, vous \u00eates assur\u00e9 \u00e0 tout moment d&rsquo;une haute qualit\u00e9 culinaire. Sur notre site web vous trouverez notre <a href=\"https:\/\/hoteltencate.nl\/wp-content\/uploads\/2026\/04\/HTC-Menukaart-April-2026-ENGELS.pdf\">menu<\/a> avec les d\u00e9tails savoureux de nos plats du d\u00e9jeuner et du d\u00eener. De plus, passionn\u00e9s comme nous le sommes, nous serons heureux de vous concocter divers menus surprises. Il en va de m\u00eame pour les menus de sp\u00e9cialit\u00e9s de notre chef, Rob Hoffman. Nous sommes \u00e9galement heureux de pr\u00e9parer un large choix de plats particuli\u00e8rement savoureux pour les v\u00e9g\u00e9tariens et les v\u00e9g\u00e9taliens. Nous avons aussi un nouveau un menu mensuel en alternance. Le menu mensuel s&rsquo;adapte parfaitement \u00e0 la p\u00e9riode de l&rsquo;ann\u00e9e et est compil\u00e9 et pr\u00e9par\u00e9 pour vous avec le plus grand soin. En r\u00e9sum\u00e9, vous pouvez \u00e9galement de cette mani\u00e8re \u00eatre surpris par des d\u00e9lices culinaires \u00e0 un prix abordable.[\/vc_column_text][\/vc_column_inner][\/vc_row_inner][vc_single_image image=\u00a0\u00bb2998&Prime; img_size=\u00a0\u00bbfull\u00a0\u00bb][vc_column_text]<\/p>\n<h2><strong>Forfait sp\u00e9cial le dimanche<\/strong><\/h2>\n<p>Pour un merveilleux s\u00e9jour du dimanche au lundi, l&rsquo;h\u00f4tel Restaurant ten Cate a un forfait sp\u00e9cial: le forfait du dimanche. Vous vous enregistrez le dimanche \u00e0 partir de 15h00 et le soir un d\u00eener culinaire de 3 plats vous attend dans notre restaurant \u00e0 Emmen. Apr\u00e8s vous passerez la nuit dans l&rsquo;une de nos confortables chambres d&rsquo;h\u00f4tel et lendemain matin, nous vous offrons un d\u00e9licieux petit d\u00e9jeuner. Le check-out est le lundi \u00e0 11h00, apr\u00e8s quoi vous avez amplement le temps de d\u00e9couvrir par exemple le Wildlands Adventure Zoo ou d\u2019entreprendre une autre activit\u00e9 que le Drentse Hondsrug a \u00e0 offrir. Id\u00e9al non? Vous pouvez \u00e9galement vous garer gratuitement \u00e0 notre h\u00f4tel et utilisez gratuitement le Wifi et nos installations de fitness. Souhaitez-vous plus d&rsquo;informations sur les sites et activit\u00e9s de la r\u00e9gion qui en valent la peine? Nous sommes heureux de vous aider.<\/p>\n<h2>Divers forfaits, \u00e9galement pour des r\u00e9unions d&rsquo;affaires<\/h2>\n<p>En plus du <a href=\"https:\/\/hoteltencate.nl\/arrangement\/zondag\/\">forfait du dimanche<\/a>, vous pouvez \u00e9galement choisir divers autres forfaits. Par exemple, nous avons les <a href=\"https:\/\/hoteltencate.nl\/arrangement\/wildlands\/\"> forfaits Wildlands <\/a>, y compris l&rsquo;entr\u00e9e pour une journ\u00e9e inoubliable dans ce parc d&rsquo;aventure. Vous planifiez une r\u00e9union d&rsquo;affaires et vous recherchez un h\u00f4tel et un restaurant convenable? Vous pouvez alors choisir parmi une large gamme de <a href=\"https:\/\/hoteltencate.nl\/arrangement\/\">forfaits d\u2019affaires <\/a>chez nous, dans lesquels vous pouvez \u00e9galement utiliser nos salles de r\u00e9union multifonctionnelles. Encore une fois, nous sommes heureux de tenir compte de vos demandes sp\u00e9ciales pour que tout soit \u00e0 vous souhaits.[\/vc_column_text][vc_single_image image=\u00a0\u00bb5843&Prime; img_size=\u00a0\u00bbfull\u00a0\u00bb][vc_column_text css=\u00a0\u00bb.vc_custom_1622558657418{margin-top: 40px !important;}\u00a0\u00bb]<\/p>\n<h2><strong>Bar, Brasserie &amp; Restaurant Emmen<\/strong><\/h2>\n<p>En plus de notre restaurant, nous avons \u00e9galement une brasserie tr\u00e8s chaleureuse o\u00f9 vous pourrez d\u00e9guster une collation et un verre. Notre bar est bien s\u00fbr id\u00e9al pour un ap\u00e9ritif ou un d\u00e9licieux dernier verre avant d&rsquo;aller dormir. La convivialit\u00e9 pr\u00e9domine d\u00e9finitivement ici. Par exemple, souhaitez-vous organiser une r\u00e9ception ou organiser une soir\u00e9e intime? Dans la brasserie, vous offrez un petit plus \u00e0 vos invit\u00e9s pour qu&rsquo;ils en parlent pendant longtemps. Les heures d&rsquo;ouverture r\u00e9guli\u00e8res de notre brasserie sont entre 07h00 et 12h00. Cependant, si vous avez une demande particuli\u00e8re, nous veillerons bien entendu \u00e0 ce qu&rsquo;elle soit compl\u00e9t\u00e9e comme vous le souhaitez.[\/vc_column_text]<div class=\"beoordeling-box boxmid mobilebox\">\n                        <p>\n                            Nos clients nous \u00e9valuent avec un\n                        <\/p>\n                        <div class=\"midmob\">\n                            <span class=\"grademob\">9.3<\/span> \n                                <div class=\"sterren\">\n                                <span class=\"fa fa-star checked\"><\/span>\n                                <span class=\"fa fa-star checked\"><\/span>\n                                <span class=\"fa fa-star checked\"><\/span>\n                                <span class=\"fa fa-star checked\"><\/span>\n                                <span class=\"fa fa-star-half-o checked\"><\/span>\n                            <\/div>\n                        <\/div>\n                        <p>\n                            sur 8473 avis fiables\n\n                        <\/p>\n                    <\/div>[vc_separator color=\u00a0\u00bbblack\u00a0\u00bb][vc_row_inner][vc_column_inner width=\u00a0\u00bb1\/2&Prime;][vc_column_text]<\/p>\n<h2>Boire un verre dans notre confortable jardin int\u00e9rieur<\/h2>\n<p>Lorsque le temps le permet, vous pourrez vous d\u00e9tendre dans notre confortable cour int\u00e9rieur apr\u00e8s avoir d\u00e9gust\u00e9 des d\u00e9lices culinaires dans notre restaurant \u00e0 Emmen. Les meilleures conversations tout aussi bien que les meilleurs ap\u00e9ritifs ont lieu autour de nos tables modernes. De notre Brasserie, vous avez une belle vue sur ce jardin, o\u00f9 vous vous imaginez dans un monde compl\u00e8tement diff\u00e9rent. Un monde plein d&rsquo;ambiance, d&rsquo;intimit\u00e9 et de confort. Une oasis de tranquillit\u00e9 prend le relais ici. De plus, notre personnel serviable se fera un plaisir de vous aider avec tout ce que vous souhaitez. Vous ne devriez pas manquer cette exp\u00e9rience unique.[\/vc_column_text][\/vc_column_inner][vc_column_inner width=\u00a0\u00bb1\/2&Prime;][vc_column_text css=\u00a0\u00bb\u00a0\u00bb]<\/p>\n<h3>Encore plus de d\u00e9tente dans notre centre de bien-\u00eatre<\/h3>\n<p>Si vous voulez vraiment vivre le summum de la relaxation, nous vous recommandons \u00e9galement d&rsquo;utiliser l&rsquo;une de nos <a href=\"https:\/\/hoteltencate.nl\/fr\/wellness\/\">installations de bien-\u00eatre<\/a>. Par exemple, avant ou apr\u00e8s votre visite dans notre restaurant, vous pouvez vous offrir 10 ou 20 minutes de d\u00e9tente dans notre propre <a href=\"https:\/\/hoteltencate.nl\/wellness\/solarium\/\">solarium<\/a>.[\/vc_column_text][\/vc_column_inner][\/vc_row_inner][vc_single_image image=\u00a0\u00bb3001&Prime; img_size=\u00a0\u00bbfull\u00a0\u00bb][vc_column_text css=\u00a0\u00bb.vc_custom_1618226292277{margin-top: 40px !important;}\u00a0\u00bb]<\/p>\n<h2>Pour plus d&rsquo;informations et des r\u00e9servations au restaurant<\/h2>\n<p>Souhaitez-vous plus d&rsquo;informations sur l&rsquo;h\u00f4tel ten Cate ou voulez-vous r\u00e9server une table dans notre restaurant? Veuillez nous appeler au +31 (0) 591617600 ou nous envoyer un e-mail \u00e0\u00a0 <a href=\"mailto:info@hoteltencate.nl\">info@hoteltencate.nl<\/a>. Avez-vous des exigences alimentaires particuli\u00e8res ou voulez-vous un arrangement sur mesure? Informer-nous et nous nous assurerons que vos souhaits soit r\u00e9alis\u00e9s. Nous sommes impatients de vous voir \u00e0 l&rsquo;h\u00f4tel Restaurant ten Cate.[\/vc_column_text][vc_row_inner][vc_column_inner width=\u00a0\u00bb1\/2&Prime;][vc_column_text]<\/p>\n<h2 id=\"tw-target-text\" class=\"tw-data-text tw-text-large XcVN5d tw-ta\" dir=\"ltr\" data-placeholder=\"Vertaling\"><span class=\"Y2IQFc\" lang=\"fr\">Plus de forfaits<\/span><\/h2>\n<p id=\"tw-target-text\" class=\"tw-data-text tw-text-large XcVN5d tw-ta\" dir=\"ltr\" data-placeholder=\"Vertaling\"><span class=\"Y2IQFc\" lang=\"fr\">Vous pouvez \u00e9galement nous contacter pour d&rsquo;autres arrangements. Par exemple, pour le forfait Wildlands pour une journ\u00e9e pleine d&rsquo;aventures dans ce parc aventure. Ou le forfait sauna pour une journ\u00e9e de pure d\u00e9tente. Avez-vous une r\u00e9union d&rsquo;affaires? M\u00eame dans ce cas, notre h\u00f4tel avec restaurant \u00e0 Emmen est une base appropri\u00e9e et nous proposons diff\u00e9rents forfaits.<\/span><\/p>\n<p>[\/vc_column_text][\/vc_column_inner][vc_column_inner width=\u00a0\u00bb1\/2&Prime;][vc_column_text]<\/p>\n<h2 id=\"tw-target-text\" class=\"tw-data-text tw-text-large XcVN5d tw-ta\" dir=\"ltr\" data-placeholder=\"Vertaling\"><span class=\"Y2IQFc\" lang=\"fr\">Quelque chose \u00e0 c\u00e9l\u00e9brer?<\/span><\/h2>\n<p id=\"tw-target-text\" class=\"tw-data-text tw-text-large XcVN5d tw-ta\" dir=\"ltr\" data-placeholder=\"Vertaling\"><span class=\"Y2IQFc\" lang=\"fr\">Avez-vous quelque chose \u00e0 c\u00e9l\u00e9brer? Avec ses coins salons confortables, notre restaurant est id\u00e9al pour des d\u00eeners intimes lors d&rsquo;occasions sp\u00e9ciales. Vous et vos invit\u00e9s vivrez une soir\u00e9e inoubliable. Nous avons \u00e9galement des endroits tr\u00e8s appropri\u00e9s pour les groupes, par exemple pour un d\u00eener attrayant et confortable avec votre famille. Notre brasserie est id\u00e9ale pour des r\u00e9ceptions ou un ap\u00e9ritif intime. Ici, vous offrez ce petit plus \u00e0 vos invit\u00e9s, pour qu&rsquo;ils parlent longtemps de votre f\u00eate!<\/span><\/p>\n<p id=\"tw-target-text\" class=\"tw-data-text tw-text-large XcVN5d tw-ta\" dir=\"ltr\" data-placeholder=\"Vertaling\"><span class=\"Y2IQFc\" lang=\"fr\">Bien s\u00fbr, nous adh\u00e9rons aux r\u00e8gles et directives du RIVM en relation avec le virus corona. D\u00e8s que c&rsquo;est \u00e0 nouveau possible, vous \u00eates plus que bienvenu avec des groupes encore plus importants!<\/span><\/p>\n<p>[\/vc_column_text][\/vc_column_inner][\/vc_row_inner][vc_column_text css=\u00a0\u00bb.vc_custom_1618905124348{margin-top: 40px !important;}\u00a0\u00bb]<\/p>\n<h2 id=\"tw-target-text\" class=\"tw-data-text tw-text-large XcVN5d tw-ta\" dir=\"ltr\" data-placeholder=\"Vertaling\"><span class=\"Y2IQFc\" lang=\"fr\">D\u00e9couvrez la peinture Toyist dans nos plats<\/span><\/h2>\n<p id=\"tw-target-text\" class=\"tw-data-text tw-text-large XcVN5d tw-ta\" dir=\"ltr\" data-placeholder=\"Vertaling\"><span class=\"Y2IQFc\" lang=\"fr\">Vous trouverez notre superbe h\u00f4tel et restaurant \u00e0 quelques pas du centre d&rsquo;Emmen et de Wildlands. L&rsquo;ext\u00e9rieur color\u00e9 de notre h\u00f4tel pr\u00e9sente des peintures Toyist imaginatives. Ce projet intitul\u00e9 \u00ab\u00a0Dreams for Breakfast\u00a0\u00bb a \u00e9t\u00e9 travaill\u00e9 pendant cinq semaines par des artistes Toyist. <\/span><\/p>\n<p class=\"tw-data-text tw-text-large XcVN5d tw-ta\" dir=\"ltr\" data-placeholder=\"Vertaling\"><span class=\"Y2IQFc\" lang=\"fr\">Le toyisme est un mouvement artistique international n\u00e9 \u00e0 Emmen. Un couple amoureux est peint sur le devant de notre h\u00f4tel, con\u00e7u par diverses sp\u00e9cialit\u00e9s. Sur le c\u00f4t\u00e9 sud, vous verrez des produits que nous utilisons comme base pour les plats de notre restaurant. Nous sommes curieux de savoir si vous pouvez les d\u00e9couvrir tous!<\/span><\/p>\n<h2 id=\"tw-target-text\" class=\"tw-data-text tw-text-large XcVN5d tw-ta\" dir=\"ltr\" data-placeholder=\"Vertaling\"><span class=\"Y2IQFc\" lang=\"fr\">R\u00e9server une table<\/span><\/h2>\n<p id=\"tw-target-text\" class=\"tw-data-text tw-text-large XcVN5d tw-ta\" dir=\"ltr\" data-placeholder=\"Vertaling\"><span class=\"Y2IQFc\" lang=\"fr\">Vous souhaitez d\u00e9guster des d\u00e9lices culinaires dans notre restaurant \u00e0 Emmen? Nous nous r\u00e9jouissons de vous recevoir! R\u00e9servez une table en cliquant sur ci-dessous, envoyez un e-mail \u00e0 info@hoteltencate ou appelez-nous au +31 (0) 591 617 600 Vous avez des questions, des souhaits particuliers ou des demandes? S&rsquo;il vous pla\u00eet n&rsquo;h\u00e9sitez pas \u00e0 nous contacter. Nous sommes heureux de vous rendre service. Nous esp\u00e9rons vous voir \u00e0 l&rsquo;h\u00f4tel Ten Cate!<\/span><\/p>\n<p>[\/vc_column_text][vc_btn title=\u00a0\u00bbR\u00e9server une table\u00a0\u00bb style=\u00a0\u00bbflat\u00a0\u00bb color=\u00a0\u00bbwarning\u00a0\u00bb link=\u00a0\u00bburl:%23|||\u00a0\u00bb el_class=\u00a0\u00bbhdesktop tafel-reserveren-popup\u00a0\u00bb]<div class=\"slider-tencate slider-\"><div class=\"slider-owl-container\"><div class=\"item\">\n                            <div class=\"arg-img\" style=\"min-height:400px; background:url(https:\/\/hoteltencate.nl\/wp-content\/uploads\/2019\/09\/restaurant_emmen_zijkant-1024x683.jpg) center no-repeat;\"><\/div>\n                        <\/div><div class=\"item\">\n                            <div class=\"arg-img\" style=\"min-height:400px; background:url(https:\/\/hoteltencate.nl\/wp-content\/uploads\/2019\/09\/restaurant_emmen_vooraanzicht-1024x684.jpg) center no-repeat;\"><\/div>\n                        <\/div><div class=\"item\">\n                            <div class=\"arg-img\" style=\"min-height:400px; background:url(https:\/\/hoteltencate.nl\/wp-content\/uploads\/2019\/09\/restaurant_emmen_tafels-1024x683.jpg) center no-repeat;\"><\/div>\n                        <\/div><div class=\"item\">\n                            <div class=\"arg-img\" style=\"min-height:400px; background:url(https:\/\/hoteltencate.nl\/wp-content\/uploads\/2023\/04\/diner_restaurant-1024x683.jpg) center no-repeat;\"><\/div>\n                        <\/div><\/div>\n                    <div class=\"slideroptions\">\n                        <div class=\"leftsw arrowsw slideropt\"><img decoding=\"async\" src=\"https:\/\/hoteltencate.nl\/wp-content\/themes\/hoteltencate\/img\/arrowleft.png\" alt=\"\" title=\"\"><\/div>\n                        <div class=\"counter slideropt\">1\/4<\/div>\n                        <div class=\"rightsw arrowsw slideropt\"><img decoding=\"async\" src=\"https:\/\/hoteltencate.nl\/wp-content\/themes\/hoteltencate\/img\/arrowright.png\" alt=\"\" title=\"\"><\/div>\n                    <\/div><\/div>\n                    <script>\n                        jQuery(document).ready(function($) {\n                                var owl = $(\".slider- .slider-owl-container\");\n                                owl.owlCarousel({\n                                    margin:35,\n                                    nav:false,\n                                    responsive:{\n                                        0:{\n                                            items:1\n                                        },\n                                        500:{\n                                            items:1\n                                        },\n                                        768:{\n                                            items:1\n                                        }\n                                    }\n                                }); \n\n                                \n                                jQuery(\".slider- .leftsw\").click(function(){\n                                    owl.trigger(\"prev.owl.carousel\");\n                                });\n                                \n                                owl.on(\"changed.owl.carousel\", function(event) {\n                                    var items     = event.item.count;     \/\/ Number of items\n                                    var item      = event.item.index;     \/\/ Position of the current item\n                                    jQuery(\".slider- .counter\").html((item+1)+\"\/\"+items)\n                               });\n                                \n                                jQuery(\".slider- .rightsw\").click(function(){\n                                    owl.trigger(\"next.owl.carousel\");\n                                }); \n                        });\n                    <\/script>\n                    [\/vc_column][vc_column width=\u00a0\u00bb1\/3&Prime; el_class=\u00a0\u00bbsidebar-container hdesktop sticky\u00a0\u00bb]<div class=\"wellness-single-sidebar-openingstijden\">\n                   Horaires d'ouvertures\n lundi \u00e0 dimanche<br\/>\n                    de\n <strong>12:00<\/strong> jusqu'\u00e0 ce que\n <strong>21:00<\/strong>\n                <\/div><div class=\"sidebar-menu\">\n                            <ul>\n<li style=\"list-style-type: none;\">\n<ul>\n<li><a class=\"sidebarbtn orange calendar tafel-reserveren-popup\" href=\"#\">R\u00e9server une table<\/a><\/li>\n<li><a href=\"https:\/\/hoteltencate.nl\/wp-content\/uploads\/2026\/04\/HTC-Menukaart-April-2026-ENGELS.pdf\">Voir le menu<\/a><\/li>\n<\/ul>\n<\/li>\n<\/ul>\n\n                        <\/div>\n                        <img decoding=\"async\" class=\"sidebar-divider\" src=\"https:\/\/hoteltencate.nl\/wp-content\/themes\/hoteltencate\/img\/new\/arrange-singlediv-new-pink.png\" alt=\"\" title=\"\"><div class=\"beoordeling-sidebar\">\n                     <h5>Nos clients \u00e9valuent <strong>ce restaurant<\/strong> avec un<\/h5>\n                     <span class=\"grade\">8,7<\/span>\n                     <div class=\"sterren\">\n                        <span class=\"fa fa-star checked\"><\/span>\n                        <span class=\"fa fa-star checked\"><\/span>\n                        <span class=\"fa fa-star checked\"><\/span>\n                        <span class=\"fa fa-star checked\"><\/span>\n                        <span class=\"fa fa-star-half-o checked\"><\/span>\n                    <\/div>\n                    <h5>sur 865 avis fiables<\/h5>\n                <\/div><div class=\"beoordeling-box boxmid mobilebox\">\n                        <p>\n                            Nos clients nous \u00e9valuent avec un\n                        <\/p>\n                        <div class=\"midmob\">\n                            <span class=\"grademob\">9.3<\/span> \n                                <div class=\"sterren\">\n                                <span class=\"fa fa-star checked\"><\/span>\n                                <span class=\"fa fa-star checked\"><\/span>\n                                <span class=\"fa fa-star checked\"><\/span>\n                                <span class=\"fa fa-star checked\"><\/span>\n                                <span class=\"fa fa-star-half-o checked\"><\/span>\n                            <\/div>\n                        <\/div>\n                        <p>\n                            sur 8473 avis fiables\n\n                        <\/p>\n                    <\/div>[\/vc_column][vc_column][\/vc_column][\/vc_row]<\/p>\n<\/div>","protected":false},"excerpt":{"rendered":"<p>[vc_row equal_height=\u00a0\u00bbyes\u00a0\u00bb el_class=\u00a0\u00bbsticky\u00a0\u00bb][vc_column width=\u00a0\u00bb2\/3&Prime;][vc_column_text css=\u00a0\u00bb\u00a0\u00bb] Le restaurant le plus chaleureux d&rsquo;Emmen Laissez-vous surprendre par l&rsquo;Hotel Restaurant ten Cate, le restaurant le plus atmosph\u00e9rique d&rsquo;Emmen et des environs. Ici, vous pourrez profiter d&rsquo;un menu surprenant dans une ambiance \u00e0 la fois tendance et classique et chaleureuse. Nos plats sont en grande partie pr\u00e9par\u00e9s avec des produits [&hellip;]<\/p>\n","protected":false},"author":8,"featured_media":3000,"parent":0,"menu_order":0,"comment_status":"closed","ping_status":"closed","template":"pagewithvideoheader.php","meta":{"_acf_changed":false,"footnotes":""},"class_list":["post-2982","page","type-page","status-publish","has-post-thumbnail","hentry"],"acf":[],"_links":{"self":[{"href":"https:\/\/hoteltencate.nl\/fr\/wp-json\/wp\/v2\/pages\/2982","targetHints":{"allow":["GET"]}}],"collection":[{"href":"https:\/\/hoteltencate.nl\/fr\/wp-json\/wp\/v2\/pages"}],"about":[{"href":"https:\/\/hoteltencate.nl\/fr\/wp-json\/wp\/v2\/types\/page"}],"author":[{"embeddable":true,"href":"https:\/\/hoteltencate.nl\/fr\/wp-json\/wp\/v2\/users\/8"}],"replies":[{"embeddable":true,"href":"https:\/\/hoteltencate.nl\/fr\/wp-json\/wp\/v2\/comments?post=2982"}],"version-history":[{"count":7,"href":"https:\/\/hoteltencate.nl\/fr\/wp-json\/wp\/v2\/pages\/2982\/revisions"}],"predecessor-version":[{"id":9054,"href":"https:\/\/hoteltencate.nl\/fr\/wp-json\/wp\/v2\/pages\/2982\/revisions\/9054"}],"wp:featuredmedia":[{"embeddable":true,"href":"https:\/\/hoteltencate.nl\/fr\/wp-json\/wp\/v2\/media\/3000"}],"wp:attachment":[{"href":"https:\/\/hoteltencate.nl\/fr\/wp-json\/wp\/v2\/media?parent=2982"}],"curies":[{"name":"wp","href":"https:\/\/api.w.org\/{rel}","templated":true}]}}