{"id":2967,"date":"2021-04-12T11:05:01","date_gmt":"2021-04-12T11:05:01","guid":{"rendered":"https:\/\/htc.swdev.nl\/?page_id=2967"},"modified":"2025-05-22T11:00:14","modified_gmt":"2025-05-22T09:00:14","slug":"a-propos","status":"publish","type":"page","link":"https:\/\/hoteltencate.nl\/fr\/a-propos\/","title":{"rendered":"Over ons"},"content":{"rendered":"<div class=\"wpb-content-wrapper\"><p>[vc_row][vc_column width=\u00a0\u00bb2\/3&Prime;][vc_column_text]<\/p>\n<h1>Bienvenue \u00e0 l&rsquo;Hotel Restaurant ten Cate<\/h1>\n<p>Prenez place dans notre restaurant chaleureux pour une vari\u00e9t\u00e9 de plats r\u00e9gionaux et un bon verre de vin. Visitez notre brasserie pour boire un verre et en-cas. Laissez les chefs de Ten Cate vous surprendre culinairement.<\/p>\n<ul>\n<li>Produits durable<\/li>\n<li>Divers plats r\u00e9gionaux<\/li>\n<li>\u2018Dutch cuisine\u2019 inspir\u00e9e par la cuisine Fran\u00e7aise<\/li>\n<li>Divers vins raffin\u00e9s et bi\u00e8res pression<\/li>\n<li><strong>Ouvert de 12.00 \u00e0 21.00 heures<\/strong><\/li>\n<\/ul>\n<p>[\/vc_column_text][vc_btn title=\u00a0\u00bb lire plus\u00a0\u00bb style=\u00a0\u00bbflat\u00a0\u00bb color=\u00a0\u00bbwarning\u00a0\u00bb link=\u00a0\u00bburl:https%3A%2F%2Fhoteltencate.nl%2Frestaurant%2F|||\u00a0\u00bb]<div class=\"slider-tencate slider-1\"><div class=\"slider-owl-container\"><div class=\"item\">\n                            <div class=\"arg-img\" style=\"min-height:400px; background:url(https:\/\/hoteltencate.nl\/wp-content\/uploads\/2018\/07\/Ten-Cate-6-1024x678.jpg) center no-repeat;\"><\/div>\n                        <\/div><div class=\"item\">\n                            <div class=\"arg-img\" style=\"min-height:400px; background:url(https:\/\/hoteltencate.nl\/wp-content\/uploads\/2018\/07\/Ten-Cate-10-1024x678.jpg) center no-repeat;\"><\/div>\n                        <\/div><div class=\"item\">\n                            <div class=\"arg-img\" style=\"min-height:400px; background:url(https:\/\/hoteltencate.nl\/wp-content\/uploads\/2018\/07\/Ten-Cate-7-1024x678.jpg) center no-repeat;\"><\/div>\n                        <\/div><div class=\"item\">\n                            <div class=\"arg-img\" style=\"min-height:400px; background:url(https:\/\/hoteltencate.nl\/wp-content\/uploads\/2018\/06\/contact_bg-1024x601.jpg) center no-repeat;\"><\/div>\n                        <\/div><div class=\"item\">\n                            <div class=\"arg-img\" style=\"min-height:400px; background:url(https:\/\/hoteltencate.nl\/wp-content\/uploads\/2018\/06\/3-1-1024x678.jpg) center no-repeat;\"><\/div>\n                        <\/div><\/div>\n                    <div class=\"slideroptions\">\n                        <div class=\"leftsw arrowsw slideropt\"><img decoding=\"async\" src=\"https:\/\/hoteltencate.nl\/wp-content\/themes\/hoteltencate\/img\/arrowleft.png\" alt=\"\" title=\"\"><\/div>\n                        <div class=\"counter slideropt\">1\/5<\/div>\n                        <div class=\"rightsw arrowsw slideropt\"><img decoding=\"async\" src=\"https:\/\/hoteltencate.nl\/wp-content\/themes\/hoteltencate\/img\/arrowright.png\" alt=\"\" title=\"\"><\/div>\n                    <\/div><\/div>\n                    <script>\n                        jQuery(document).ready(function($) {\n                                var owl1 = $(\".slider-1 .slider-owl-container\");\n                                owl1.owlCarousel({\n                                    margin:35,\n                                    nav:false,\n                                    responsive:{\n                                        0:{\n                                            items:1\n                                        },\n                                        500:{\n                                            items:1\n                                        },\n                                        768:{\n                                            items:1\n                                        }\n                                    }\n                                }); \n\n                                \n                                jQuery(\".slider-1 .leftsw\").click(function(){\n                                    owl1.trigger(\"prev.owl.carousel\");\n                                });\n                                \n                                owl1.on(\"changed.owl.carousel\", function(event) {\n                                    var items     = event.item.count;     \/\/ Number of items\n                                    var item      = event.item.index;     \/\/ Position of the current item\n                                    jQuery(\".slider-1 .counter\").html((item+1)+\"\/\"+items)\n                               });\n                                \n                                jQuery(\".slider-1 .rightsw\").click(function(){\n                                    owl1.trigger(\"next.owl.carousel\");\n                                }); \n                        });\n                    <\/script>\n                    [vc_column_text css=\u00a0\u00bb.vc_custom_1618225440893{margin-top: 40px !important;}\u00a0\u00bb]<\/p>\n<h3>Sentez-vous bien et en forme<\/h3>\n<p>Se sentir comme nouveau apr\u00e8s un weekend \u00e0 l\u2019h\u00f4tel ten Cate? Visitez alors notre TC centre de bien-\u00eatre faites usage de notre salle de fitness, bronz\u00e9e dans notre solarium et profitez d\u2019un massage relaxant.[\/vc_column_text]<div class=\"beoordeling-box boxmid mobilebox\">\n                        <p>\n                            Nos clients nous \u00e9valuent avec un\n                        <\/p>\n                        <div class=\"midmob\">\n                            <span class=\"grademob\">9.3<\/span> \n                                <div class=\"sterren\">\n                                <span class=\"fa fa-star checked\"><\/span>\n                                <span class=\"fa fa-star checked\"><\/span>\n                                <span class=\"fa fa-star checked\"><\/span>\n                                <span class=\"fa fa-star checked\"><\/span>\n                                <span class=\"fa fa-star-half-o checked\"><\/span>\n                            <\/div>\n                        <\/div>\n                        <p>\n                            sur 8473 avis fiables\n\n                        <\/p>\n                    <\/div>[vc_separator color=\u00a0\u00bbblack\u00a0\u00bb][vc_row_inner][vc_column_inner width=\u00a0\u00bb1\/2&Prime;][vc_column_text]<\/p>\n<h2>Plaisir culinaire<\/h2>\n<p>[\/vc_column_text][vc_single_image image=\u00a0\u00bb208&Prime; img_size=\u00a0\u00bbfull\u00a0\u00bb][vc_column_text]<\/p>\n<h3>D\u00e9licieux et honn\u00eate<\/h3>\n<p>Ten Cate sert divers plats r\u00e9gionaux et une d\u00e9licieuse \u00ab\u00a0Dutch cuisine\u00a0\u00bb inspir\u00e9e par la cuisine fran\u00e7aise. La durabilit\u00e9 est d&rsquo;une importance capitale pour nous. Nous essayons \u00e9galement d&rsquo;utiliser autant que possible des produits r\u00e9gionaux durables. Avez-vous des souhaits particuliers ou des allergies? Faites le nous savoir, nous sommes heureux d&rsquo;en tenir compte![\/vc_column_text][\/vc_column_inner][vc_column_inner width=\u00a0\u00bb1\/2&Prime;][vc_column_text]<\/p>\n<h3>Forfait<\/h3>\n<p>Se marier dans un cadre artistique ou \u00e0 la recherche d&rsquo;un espace inspirant pour tenir une r\u00e9union? Avez-vous quelque chose \u00e0 c\u00e9l\u00e9brer, voulez-vous faire un safari en famille au WILDLANDS Adventure Zoo Emmen ou faire une partie de golf? Consultez alors une de nos formules.[\/vc_column_text][vc_single_image image=\u00a0\u00bb1220&Prime; img_size=\u00a0\u00bbfull\u00a0\u00bb][vc_btn title=\u00a0\u00bb lire plus\u00a0\u00bb style=\u00a0\u00bbflat\u00a0\u00bb color=\u00a0\u00bbwarning\u00a0\u00bb link=\u00a0\u00bburl:https%3A%2F%2Fhoteltencate.nl%2Farrangement%2F|||\u00a0\u00bb][\/vc_column_inner][\/vc_row_inner][vc_column_text css=\u00a0\u00bb.vc_custom_1618225494956{margin-top: 40px !important;}\u00a0\u00bb]<\/p>\n<h3>Nos chambres<\/h3>\n<p>Souhaitez-vous passer un agr\u00e9able s\u00e9jour \u00e0 l&rsquo;h\u00f4tel Ten Cate \u00e0 Emmen? D\u00e9tendez-vous compl\u00e8tement et laissez-vous inspirer par notre cadre artistique. Prenez place dans notre chaleureux restaurant, d\u00e9tendez-vous dans le jardin int\u00e9rieur, explorez la r\u00e9gion ou sentez-vous rena\u00eetre apr\u00e8s un week-end de Wellness.[\/vc_column_text]<div class=\"slider-tencate slider-\"><div class=\"slider-owl-container\"><div class=\"item\">\n                            <div class=\"arg-img\" style=\"min-height:px; background:url(https:\/\/hoteltencate.nl\/wp-content\/uploads\/2018\/06\/homepage-1024x594.jpg) center no-repeat;\"><\/div>\n                        <\/div><div class=\"item\">\n                            <div class=\"arg-img\" style=\"min-height:px; background:url(https:\/\/hoteltencate.nl\/wp-content\/uploads\/2018\/06\/slide1-1024x811.jpg) center no-repeat;\"><\/div>\n                        <\/div><div class=\"item\">\n                            <div class=\"arg-img\" style=\"min-height:px; background:url(https:\/\/hoteltencate.nl\/wp-content\/uploads\/2018\/06\/211012teamhorsthuisDSC4981-1024x684.jpg) center no-repeat;\"><\/div>\n                        <\/div><div class=\"item\">\n                            <div class=\"arg-img\" style=\"min-height:px; background:url(https:\/\/hoteltencate.nl\/wp-content\/uploads\/2018\/06\/211012teamhorsthuisDSC5052-1024x684.jpg) center no-repeat;\"><\/div>\n                        <\/div><div class=\"item\">\n                            <div class=\"arg-img\" style=\"min-height:px; background:url(https:\/\/hoteltencate.nl\/wp-content\/uploads\/2018\/06\/homemid-1024x437.jpg) center no-repeat;\"><\/div>\n                        <\/div><\/div>\n                    <div class=\"slideroptions\">\n                        <div class=\"leftsw arrowsw slideropt\"><img decoding=\"async\" src=\"https:\/\/hoteltencate.nl\/wp-content\/themes\/hoteltencate\/img\/arrowleft.png\" alt=\"\" title=\"\"><\/div>\n                        <div class=\"counter slideropt\">1\/5<\/div>\n                        <div class=\"rightsw arrowsw slideropt\"><img decoding=\"async\" src=\"https:\/\/hoteltencate.nl\/wp-content\/themes\/hoteltencate\/img\/arrowright.png\" alt=\"\" title=\"\"><\/div>\n                    <\/div><\/div>\n                    <script>\n                        jQuery(document).ready(function($) {\n                                var owl = $(\".slider- .slider-owl-container\");\n                                owl.owlCarousel({\n                                    margin:35,\n                                    nav:false,\n                                    responsive:{\n                                        0:{\n                                            items:1\n                                        },\n                                        500:{\n                                            items:1\n                                        },\n                                        768:{\n                                            items:1\n                                        }\n                                    }\n                                }); \n\n                                \n                                jQuery(\".slider- .leftsw\").click(function(){\n                                    owl.trigger(\"prev.owl.carousel\");\n                                });\n                                \n                                owl.on(\"changed.owl.carousel\", function(event) {\n                                    var items     = event.item.count;     \/\/ Number of items\n                                    var item      = event.item.index;     \/\/ Position of the current item\n                                    jQuery(\".slider- .counter\").html((item+1)+\"\/\"+items)\n                               });\n                                \n                                jQuery(\".slider- .rightsw\").click(function(){\n                                    owl.trigger(\"next.owl.carousel\");\n                                }); \n                        });\n                    <\/script>\n                    [\/vc_column][vc_column width=\u00a0\u00bb1\/3&Prime; el_class=\u00a0\u00bbsidebar-container hdesktop\u00a0\u00bb]<div class=\"sidebar-menu\">\n                            <ul>\n<li><a class=\"sidebarbtn orange\" href=\"https:\/\/hoteltencate.nl\/\">Bienvenue \u00e0 l&rsquo;Hotel Ten Cate<\/a><\/li>\n<li><a class=\"sidebarbtn\" href=\"https:\/\/hoteltencate.nl\/restaurant-emmen\/\">Voir notre restaurant<\/a><\/li>\n<li><a href=\"https:\/\/hoteltencate.nl\/kamer-boeken\/\">Voir nos chambres<\/a><\/li>\n<\/ul>\n\n                        <\/div>\n                        <img decoding=\"async\" class=\"sidebar-divider\" src=\"https:\/\/hoteltencate.nl\/wp-content\/themes\/hoteltencate\/img\/new\/arrange-singlediv-new-pink.png\" alt=\"\" title=\"\"><div class=\"beoordeling-sidebar\">\n                     <h5>Nos clients \u00e9valuent <strong>ce restaurant<\/strong> avec un<\/h5>\n                     <span class=\"grade\">8,7<\/span>\n                     <div class=\"sterren\">\n                        <span class=\"fa fa-star checked\"><\/span>\n                        <span class=\"fa fa-star checked\"><\/span>\n                        <span class=\"fa fa-star checked\"><\/span>\n                        <span class=\"fa fa-star checked\"><\/span>\n                        <span class=\"fa fa-star-half-o checked\"><\/span>\n                    <\/div>\n                    <h5>sur 865 avis fiables<\/h5>\n                <\/div>[\/vc_column][\/vc_row]<\/p>\n<\/div>","protected":false},"excerpt":{"rendered":"<p>[vc_row][vc_column width=\u00a0\u00bb2\/3&Prime;][vc_column_text] Bienvenue \u00e0 l&rsquo;Hotel Restaurant ten Cate Prenez place dans notre restaurant chaleureux pour une vari\u00e9t\u00e9 de plats r\u00e9gionaux et un bon verre de vin. Visitez notre brasserie pour boire un verre et en-cas. Laissez les chefs de Ten Cate vous surprendre culinairement. Produits durable Divers plats r\u00e9gionaux \u2018Dutch cuisine\u2019 inspir\u00e9e par la cuisine [&hellip;]<\/p>\n","protected":false},"author":8,"featured_media":2417,"parent":0,"menu_order":0,"comment_status":"closed","ping_status":"closed","template":"normal-page.php","meta":{"_acf_changed":false,"footnotes":""},"class_list":["post-2967","page","type-page","status-publish","has-post-thumbnail","hentry"],"acf":[],"_links":{"self":[{"href":"https:\/\/hoteltencate.nl\/fr\/wp-json\/wp\/v2\/pages\/2967","targetHints":{"allow":["GET"]}}],"collection":[{"href":"https:\/\/hoteltencate.nl\/fr\/wp-json\/wp\/v2\/pages"}],"about":[{"href":"https:\/\/hoteltencate.nl\/fr\/wp-json\/wp\/v2\/types\/page"}],"author":[{"embeddable":true,"href":"https:\/\/hoteltencate.nl\/fr\/wp-json\/wp\/v2\/users\/8"}],"replies":[{"embeddable":true,"href":"https:\/\/hoteltencate.nl\/fr\/wp-json\/wp\/v2\/comments?post=2967"}],"version-history":[{"count":4,"href":"https:\/\/hoteltencate.nl\/fr\/wp-json\/wp\/v2\/pages\/2967\/revisions"}],"predecessor-version":[{"id":8145,"href":"https:\/\/hoteltencate.nl\/fr\/wp-json\/wp\/v2\/pages\/2967\/revisions\/8145"}],"wp:featuredmedia":[{"embeddable":true,"href":"https:\/\/hoteltencate.nl\/fr\/wp-json\/wp\/v2\/media\/2417"}],"wp:attachment":[{"href":"https:\/\/hoteltencate.nl\/fr\/wp-json\/wp\/v2\/media?parent=2967"}],"curies":[{"name":"wp","href":"https:\/\/api.w.org\/{rel}","templated":true}]}}