{"id":2745,"date":"2021-04-12T09:41:45","date_gmt":"2021-04-12T09:41:45","guid":{"rendered":"https:\/\/htc.swdev.nl\/?page_id=2745"},"modified":"2025-10-01T08:03:41","modified_gmt":"2025-10-01T06:03:41","slug":"menu-du-mois","status":"publish","type":"page","link":"https:\/\/hoteltencate.nl\/fr\/menu-du-mois\/","title":{"rendered":"Maandmenu"},"content":{"rendered":"<div class=\"wpb-content-wrapper\"><p>[vc_row full_width=\u00a0\u00bbstretch_row_content_no_spaces\u00a0\u00bb gap=\u00a0\u00bb30&Prime; full_height=\u00a0\u00bbyes\u00a0\u00bb css=\u00a0\u00bb.vc_custom_1531820947884{background-image: url(https:\/\/hoteltencate.nl\/wp-content\/uploads\/2018\/07\/maandmenu.jpg?id=880) !important;background-position: center !important;background-repeat: no-repeat !important;background-size: cover !important;}\u00a0\u00bb][vc_column width=\u00a0\u00bb1\/2&Prime; el_class=\u00a0\u00bbmaandmenutekst\u00a0\u00bb css=\u00a0\u00bb.vc_custom_1530022479131{padding-top: 30px !important;padding-right: 30px !important;padding-bottom: 20px !important;padding-left: 30px !important;background-color: #ffffff !important;}\u00a0\u00bb][vc_column_text]<\/p>\n<h1 style=\"text-align: center;\">Menu mensuel<\/h1>\n<p style=\"text-align: center;\">Chaque mois nous avons une nouveau menu mensuel.<\/p>\n<p style=\"text-align: center;\">Un plaisir in\u00e9dit d&rsquo;un menu de 3- ou 4 -plat. Des plats s\u00e9lectionn\u00e9s et pr\u00e9par\u00e9s avec soin, en fonction de la p\u00e9riode de l&rsquo;ann\u00e9e. Des surprises culinaires \u00e0 un prix abordable.<\/p>\n<p>[\/vc_column_text][vc_btn title=\u00a0\u00bbR\u00e9servez directement\u00a0\u00bb style=\u00a0\u00bbflat\u00a0\u00bb color=\u00a0\u00bbwarning\u00a0\u00bb align=\u00a0\u00bbcenter\u00a0\u00bb link=\u00a0\u00bburl:%23|||\u00a0\u00bb el_class=\u00a0\u00bbhdesktop tafel-reserveren-popup\u00a0\u00bb][\/vc_column][vc_column width=\u00a0\u00bb1\/2&Prime;][vc_single_image image=\u00a0\u00bb8748&Prime; img_size=\u00a0\u00bblarge\u00a0\u00bb onclick=\u00a0\u00bbcustom_link\u00a0\u00bb img_link_target=\u00a0\u00bb_blank\u00a0\u00bb css=\u00a0\u00bb\u00a0\u00bb el_class=\u00a0\u00bbshadowimg\u00a0\u00bb link=\u00a0\u00bbhttps:\/\/hoteltencate.nl\/wp-content\/uploads\/2024\/01\/Maandmenu-januari-2024-ENG.pdf\u00a0\u00bb title=\u00a0\u00bbMonthly menu\u00a0\u00bb][\/vc_column][\/vc_row]<\/p>\n<\/div>","protected":false},"excerpt":{"rendered":"<p>[vc_row full_width=\u00a0\u00bbstretch_row_content_no_spaces\u00a0\u00bb gap=\u00a0\u00bb30&Prime; full_height=\u00a0\u00bbyes\u00a0\u00bb css=\u00a0\u00bb.vc_custom_1531820947884{background-image: url(https:\/\/hoteltencate.nl\/wp-content\/uploads\/2018\/07\/maandmenu.jpg?id=880) !important;background-position: center !important;background-repeat: no-repeat !important;background-size: cover !important;}\u00a0\u00bb][vc_column width=\u00a0\u00bb1\/2&Prime; el_class=\u00a0\u00bbmaandmenutekst\u00a0\u00bb css=\u00a0\u00bb.vc_custom_1530022479131{padding-top: 30px !important;padding-right: 30px !important;padding-bottom: 20px !important;padding-left: 30px !important;background-color: #ffffff !important;}\u00a0\u00bb][vc_column_text] Menu mensuel Chaque mois nous avons une nouveau menu mensuel. Un plaisir in\u00e9dit d&rsquo;un menu de 3- ou 4 -plat. Des plats s\u00e9lectionn\u00e9s et pr\u00e9par\u00e9s avec soin, en fonction [&hellip;]<\/p>\n","protected":false},"author":8,"featured_media":0,"parent":0,"menu_order":0,"comment_status":"closed","ping_status":"closed","template":"maandmenu.php","meta":{"_acf_changed":false,"footnotes":""},"class_list":["post-2745","page","type-page","status-publish","hentry"],"acf":[],"_links":{"self":[{"href":"https:\/\/hoteltencate.nl\/fr\/wp-json\/wp\/v2\/pages\/2745","targetHints":{"allow":["GET"]}}],"collection":[{"href":"https:\/\/hoteltencate.nl\/fr\/wp-json\/wp\/v2\/pages"}],"about":[{"href":"https:\/\/hoteltencate.nl\/fr\/wp-json\/wp\/v2\/types\/page"}],"author":[{"embeddable":true,"href":"https:\/\/hoteltencate.nl\/fr\/wp-json\/wp\/v2\/users\/8"}],"replies":[{"embeddable":true,"href":"https:\/\/hoteltencate.nl\/fr\/wp-json\/wp\/v2\/comments?post=2745"}],"version-history":[{"count":5,"href":"https:\/\/hoteltencate.nl\/fr\/wp-json\/wp\/v2\/pages\/2745\/revisions"}],"predecessor-version":[{"id":8752,"href":"https:\/\/hoteltencate.nl\/fr\/wp-json\/wp\/v2\/pages\/2745\/revisions\/8752"}],"wp:attachment":[{"href":"https:\/\/hoteltencate.nl\/fr\/wp-json\/wp\/v2\/media?parent=2745"}],"curies":[{"name":"wp","href":"https:\/\/api.w.org\/{rel}","templated":true}]}}