{"id":2343,"date":"2021-04-12T07:45:55","date_gmt":"2021-04-12T07:45:55","guid":{"rendered":"https:\/\/htc.swdev.nl\/?page_id=2343"},"modified":"2025-05-22T10:59:21","modified_gmt":"2025-05-22T08:59:21","slug":"formules","status":"publish","type":"page","link":"https:\/\/hoteltencate.nl\/fr\/formules\/","title":{"rendered":"Formules"},"content":{"rendered":"<div class=\"wpb-content-wrapper\"><p>[vc_row][vc_column width=\u00a0\u00bb2\/3&Prime;][vc_column_text el_class=\u00a0\u00bbborderright\u00a0\u00bb]<\/p>\n<h1>Formules Hotel ten Cate<\/h1>\n<h2><em>Une d\u00e9tente totale et profitez pleinement<\/em><\/h2>\n<p>Un s\u00e9jour sp\u00e9cial avec une nuit\u00e9e, une r\u00e9union inspirante, une journ\u00e9e aventureuse \u00e0 WILDLANDS Emmen ou une journ\u00e9e sportive au terrain de Golf? Chez ten Cate \u00e0 Emmen, vous serez compl\u00e8tement d\u00e9charg\u00e9 afin que vous puissiez profiter pleinement.[\/vc_column_text][\/vc_column][vc_column width=\u00a0\u00bb1\/3&Prime;][vc_column_text]<\/p>\n<ul>\n<li>Diff\u00e9rentes formules<\/li>\n<li>Convient \u00e0 chaque saison<\/li>\n<li>Pour les entreprises, les particuliers et les familles<\/li>\n<li>Avec petit-d\u00e9jeuner, d\u00e9jeuner, boissons ou d\u00eener<\/li>\n<\/ul>\n<p>[\/vc_column_text][\/vc_column][\/vc_row][vc_row el_class=\u00a0\u00bbhmobile\u00a0\u00bb][vc_column]<div class=\"beoordeling-box boxmid mobilebox\">\n                        <p>\n                            Nos clients nous \u00e9valuent avec un\n                        <\/p>\n                        <div class=\"midmob\">\n                            <span class=\"grademob\">9.3<\/span> \n                                <div class=\"sterren\">\n                                <span class=\"fa fa-star checked\"><\/span>\n                                <span class=\"fa fa-star checked\"><\/span>\n                                <span class=\"fa fa-star checked\"><\/span>\n                                <span class=\"fa fa-star checked\"><\/span>\n                                <span class=\"fa fa-star-half-o checked\"><\/span>\n                            <\/div>\n                        <\/div>\n                        <p>\n                            sur 8473 avis fiables\n\n                        <\/p>\n                    <\/div>[\/vc_column][\/vc_row]<\/p>\n<\/div>","protected":false},"excerpt":{"rendered":"<p>[vc_row][vc_column width=\u00a0\u00bb2\/3&Prime;][vc_column_text el_class=\u00a0\u00bbborderright\u00a0\u00bb] Formules Hotel ten Cate Une d\u00e9tente totale et profitez pleinement Un s\u00e9jour sp\u00e9cial avec une nuit\u00e9e, une r\u00e9union inspirante, une journ\u00e9e aventureuse \u00e0 WILDLANDS Emmen ou une journ\u00e9e sportive au terrain de Golf? Chez ten Cate \u00e0 Emmen, vous serez compl\u00e8tement d\u00e9charg\u00e9 afin que vous puissiez profiter pleinement.[\/vc_column_text][\/vc_column][vc_column width=\u00a0\u00bb1\/3&Prime;][vc_column_text] Diff\u00e9rentes formules Convient [&hellip;]<\/p>\n","protected":false},"author":8,"featured_media":2353,"parent":0,"menu_order":0,"comment_status":"closed","ping_status":"closed","template":"arrangementen.php","meta":{"_acf_changed":false,"footnotes":""},"class_list":["post-2343","page","type-page","status-publish","has-post-thumbnail","hentry"],"acf":[],"_links":{"self":[{"href":"https:\/\/hoteltencate.nl\/fr\/wp-json\/wp\/v2\/pages\/2343","targetHints":{"allow":["GET"]}}],"collection":[{"href":"https:\/\/hoteltencate.nl\/fr\/wp-json\/wp\/v2\/pages"}],"about":[{"href":"https:\/\/hoteltencate.nl\/fr\/wp-json\/wp\/v2\/types\/page"}],"author":[{"embeddable":true,"href":"https:\/\/hoteltencate.nl\/fr\/wp-json\/wp\/v2\/users\/8"}],"replies":[{"embeddable":true,"href":"https:\/\/hoteltencate.nl\/fr\/wp-json\/wp\/v2\/comments?post=2343"}],"version-history":[{"count":1,"href":"https:\/\/hoteltencate.nl\/fr\/wp-json\/wp\/v2\/pages\/2343\/revisions"}],"predecessor-version":[{"id":8410,"href":"https:\/\/hoteltencate.nl\/fr\/wp-json\/wp\/v2\/pages\/2343\/revisions\/8410"}],"wp:featuredmedia":[{"embeddable":true,"href":"https:\/\/hoteltencate.nl\/fr\/wp-json\/wp\/v2\/media\/2353"}],"wp:attachment":[{"href":"https:\/\/hoteltencate.nl\/fr\/wp-json\/wp\/v2\/media?parent=2343"}],"curies":[{"name":"wp","href":"https:\/\/api.w.org\/{rel}","templated":true}]}}