{"id":3016,"date":"2021-04-12T11:33:48","date_gmt":"2021-04-12T11:33:48","guid":{"rendered":"https:\/\/htc.swdev.nl\/?page_id=3016"},"modified":"2025-05-22T10:44:13","modified_gmt":"2025-05-22T08:44:13","slug":"hotel-drenthe","status":"publish","type":"page","link":"https:\/\/hoteltencate.nl\/en\/hotel-drenthe\/","title":{"rendered":"SEO: Hotel Drenthe"},"content":{"rendered":"<div class=\"wpb-content-wrapper\"><p>[vc_row equal_height=&#8221;yes&#8221; el_class=&#8221;sticky&#8221;][vc_column width=&#8221;2\/3&#8243;][vc_column_text]<\/p>\n<h1><b>Hotel Drenthe: relax in an inspiring environment\u00a0<\/b><\/h1>\n<p><span style=\"font-weight: 400;\">You can book a hotel in Drenthe when you need a <strong>relaxing weekend<\/strong> off in your own country. Drenthe is an excellent choice if you want to relax and like to do this in a natural environment.<\/span><\/p>\n<p><span style=\"font-weight: 400;\">Where can you find nice hotels in Drenthe? In the heart of Emmen is Hotel ten Cate located. Book a room in the colorful and unique hotel. <\/span><\/p>\n<p><span style=\"font-weight: 400;\">Searching for a place to stay in Drenthe will end once you&#8217;ve discovered the possibilties at Hotel ten Cate! Hotel ten Cate in Drenthe is equipped and ensures a successful weekend or night away in your own country. You&#8217;ll stay in an artistic building and at the same time enjoy a versatile range of facilities and packages. Why would you even consider a &#8216;short&#8217; holiday?<\/span>[\/vc_column_text][vc_btn title=&#8221;Book a room&#8221; style=&#8221;flat&#8221; color=&#8221;warning&#8221; link=&#8221;url:https%3A%2F%2Fhoteltencate.nl%2Fkamers%2F|title:Boek%20een%20kamer||&#8221;][vc_column_text]<\/p>\n<h2><b>Which rooms to book at Hotel ten Cate?\u00a0<\/b><\/h2>\n<p><span style=\"font-weight: 400;\">Plenty of accomodations are located in Drenthe, however we would like to invite you to spend a night in our special hotel.<br \/>\nThe beautiful building where you will be staying has 57 comfortable rooms that you can book per night. <\/span><b>hotelkamers<\/b><span style=\"font-weight: 400;\"> in het hotel zijn van alle gemakken voorzien en er is altijd een kamer beschikbaar die past binnen je budget. Maak de keuze uit een Standaardkamer, Kunstkamer, Familiekamer of een Standaard Familiekamer. Andere opties zijn de Superior Kamer, de Executive Kamer, de Dance of Love Kamer, een Budgetkamer of Suite. Een hotelkamer bij ons hotel Drenthe boek je altijd inclusief comfortabele bedden, een bad of douche \u00e9n gratis wifi. Het boeken van een kamer doe je gemakkelijk online via de website \u00f3f je reserveert telefonisch de gewenste hotelkamer. Medewerkers van Hotel ten Cate staan je graag te woord.<\/span>[\/vc_column_text][vc_single_image image=&#8221;1473&#8243; img_size=&#8221;full&#8221;][vc_column_text css=&#8221;.vc_custom_1618227221167{margin-top: 40px !important;}&#8221;]<\/p>\n<h2><b>Dineren bij Hotel ten Cate in Drenthe<\/b><\/h2>\n<p><span style=\"font-weight: 400;\">Een weekend of nacht in ons hotel Drenthe is natuurlijk niet compleet zonder ontbijt. Iedere ochtend geniet je van een uitgebreid ontbijtbuffet zodat je voldoende energie hebt om er die dag tegenaan te gaan. Naast het ontbijt is het ook mogelijk om bij Hotel ten Cate te <\/span><b>dineren<\/b><span style=\"font-weight: 400;\">. We zijn tevens een<\/span><a href=\"https:\/\/hoteltencate.nl\/restaurant-emmen\/\"> <span style=\"font-weight: 400;\">restaurant<\/span><\/a><span style=\"font-weight: 400;\"> en bieden al onze gasten de keuze uit een veelzijdige menukaart. Je hebt de keuze uit diverse streekgerechten. Het is goed om te weten dat we alleen kiezen voor duurzame en eerlijke producten en deze bijvoorbeeld serveren met topwijnen en tapbieren. Maak kennis met de culinaire hoogstandjes in ons restaurant, bekijk de veganistische menukaart en gun jezelf \u00e9n je partner een onvergetelijk verblijf in ons hotel. Uiteraard is het ook een optie om in het hotel te lunchen of &#8216;s avonds te borrelen in de hotelbar. Er is keuze genoeg!<\/span>[\/vc_column_text][vc_row_inner][vc_column_inner width=&#8221;1\/2&#8243;][vc_column_text]<\/p>\n<h2><b>Mogelijkheden voor kinderen bij Hotel ten Cate<\/b><\/h2>\n<p><span style=\"font-weight: 400;\">Hotel ten Cate is een kleurrijk en kunstzinnig <a href=\"https:\/\/hoteltencate.nl\/boutique-hotel\/\">boutique hotel<\/a> en dit sluit perfect aan op de belevingswereld van <\/span><b>kinderen<\/b><span style=\"font-weight: 400;\">. Daarom zijn ook zij meer dan welkom in ons hotel Drenthe. Bovendien zijn er volop uitstapjes te maken in de directe omgeving van Hotel ten Cate waardoor je kinderen zich beslist niet hoeven te vervelen. Ga bijvoorbeeld met ze op stap naar WILDLANDS Emmen of breng een bezoek aan Kabouterland in Exloo. Vooral de allerkleinsten zullen die trip ongetwijfeld waarderen. <\/span><\/p>\n<p><span style=\"font-weight: 400;\">Hotelgasten waarderen Hotel ten Cate met gemiddeld een 9,3 en dit komt mede door ons aangename verblijf voor kinderen. Het kindvriendelijke in ons hotel zie je naast de kunstzinnige en creatieve uitstraling ook terug in het diverse aanbod kindermenu&#8217;s.<\/span>[\/vc_column_text][\/vc_column_inner][vc_column_inner width=&#8221;1\/2&#8243;][vc_column_text]<\/p>\n<h2><b>Wat voor arrangementen Hotel Ten Cate aanbiedt<\/b><\/h2>\n<p><span style=\"font-weight: 400;\">Bij Hotel ten Cate is er altijd ruimte om te kiezen voor een uniek<\/span><a href=\"https:\/\/hoteltencate.nl\/arrangement\/\"> <span style=\"font-weight: 400;\">arrangement<\/span><\/a><span style=\"font-weight: 400;\">. Uit welke <\/span><b>arrangementen<\/b><span style=\"font-weight: 400;\"> je kiest? Het is bijvoorbeeld mogelijk om bij ons je bruiloft te vieren of een dag op de golfbaan door te brengen. Vergaderen voor je bedrijf behoort eveneens tot de mogelijkheid. Dit is mogelijk voor 2 tot 250 personen. <\/span>Wil je graag een verjaardagsfeest of een jubileum vieren in Hotel ten Cate? Ook dit behoort tot de mogelijkheden.<\/p>\n<p>Ten slotte zijn er onze zondag- en wellnessarrangementen. Dit zijn perfecte gelegenheden om je volledig in de watten te laten leggen of even helemaal niets te doen. Gun je zelf een ontspannen verblijf en boek een arrangement via de website.[\/vc_column_text][\/vc_column_inner][\/vc_row_inner][vc_btn title=&#8221;Boek een kamer&#8221; style=&#8221;flat&#8221; color=&#8221;warning&#8221; link=&#8221;url:https%3A%2F%2Fhoteltencate.nl%2Fmenukaart%2F|title:Menukaart||&#8221;][vc_single_image image=&#8221;1324&#8243; img_size=&#8221;full&#8221;][vc_column_text]<\/p>\n<h2><b>Wat is er te doen in de omgeving van het hotel?<\/b><\/h2>\n<p><span style=\"font-weight: 400;\">In Emmen en<\/span><a href=\"https:\/\/hoteltencate.nl\/omgeving-emmen\/\"> <span style=\"font-weight: 400;\">omgeving<\/span><\/a><span style=\"font-weight: 400;\"> is van alles te ondernemen. Fietsen is een <\/span><b>activiteit<\/b><span style=\"font-weight: 400;\"> die volop wordt beoefend door onze hotelgasten. Het Hunebedcentrum in Borger brengt je terug in de tijd en laat je kennismaken met de prehistorie. Een andere bezienswaardigheid is het <a href=\"https:\/\/hoteltencate.nl\/omgeving-emmen\/drents-museum-in-assen\/\">Drents Museum in Assen<\/a>. Dit museum is \u00e9\u00e9n van d\u00e9 trekpleisters in Noord-Drenthe en wordt vooral geroemd vanwege de bijzondere archeologiecollectie. Naast de prachtige natuur en een verblijf in een mooi hotel in Drenthe, geniet je dus ook van een stukje Drentse cultuur en talloze bezienswaardigheden. Relaxen, wellness, maar ook op pad gaan biedt absoluut voldoening en ontspanning.<\/span><\/p>\n<h2><b>Alle voordelen van Hotel ten Cate op een rij<\/b><\/h2>\n<p><span style=\"font-weight: 400;\">Wil je graag een overnachting boeken in ons hotel Drenthe, maar ben je nog niet volledig overtuigd? Maak kennis met onze <\/span><b>voordelen<\/b><span style=\"font-weight: 400;\"> en boek direct een nachtje weg in ons luxe hotel te Emmen:<\/span><\/p>\n<ul>\n<li style=\"font-weight: 400;\"><span style=\"font-weight: 400;\">Hotel ten Cate staat garant voor goede sfeer, professionele bediening en comfortabele faciliteiten.<\/span><\/li>\n<li style=\"font-weight: 400;\"><span style=\"font-weight: 400;\">We zijn een kindvriendelijk hotel en bieden ook voor kinderen een prettige hotelervaring.<\/span><\/li>\n<li style=\"font-weight: 400;\"><span style=\"font-weight: 400;\">Naast aantrekkelijke hotelprijzen profiteer je ook van scherp geprijsde arrangementen \u00e9n maak je gebruik van diverse <a href=\"https:\/\/hoteltencate.nl\/?page_id=15\">sauna- en wellnessfaciliteiten<\/a><\/span><\/li>\n<li style=\"font-weight: 400;\"><span style=\"font-weight: 400;\">In de omgeving van het hotel is van alles te doen waardoor het onmogelijk is om een saaie vakantie te beleven in ons hotel.<\/span><\/li>\n<li style=\"font-weight: 400;\"><span style=\"font-weight: 400;\">Dankzij het luxe <a href=\"https:\/\/hoteltencate.nl\/restaurant-emmen\/\">restaurant<\/a> komt ook de inwendige mens voldoende aan zijn of haar trekken!<\/span><\/li>\n<\/ul>\n<p>[\/vc_column_text][vc_single_image image=&#8221;1472&#8243; img_size=&#8221;full&#8221;][vc_column_text css=&#8221;.vc_custom_1580218398289{margin-top: 40px !important;}&#8221;]<\/p>\n<h3><b>Hotel Drenthe overnachting? Boek direct je reservering<\/b><\/h3>\n<p><span style=\"font-weight: 400;\">Ben je op zoek naar een fijn hotel Drenthe voor een prettige overnachting of verblijf? Voor de juiste accommodatie in Drenthe boek een hotelkamer bij Hotel ten Cate in Emmen. Op die manier verzeker jij jezelf van een comfortabele en prettige vakantie. Naast particuliere mogelijkheden zijn er ook mogelijkheden om zakelijk een verblijf of vergadering bij ons te boeken. Schroom ook niet om ons te contacten als je je bruiloft in Drenthe wilt vieren. Neem daarom telefonisch <\/span><b>contact<\/b><span style=\"font-weight: 400;\"> op via <a href=\"tel:0591-617600\">0591-617600<\/a> of <a href=\"https:\/\/hoteltencate.nl\/kamer-boeken\/\">boek direct een kamer<\/a> via de website. Ons team staat je geduldig en vriendelijk te woord.<\/span>[\/vc_column_text][vc_btn title=&#8221;Boek een kamer&#8221; style=&#8221;flat&#8221; color=&#8221;warning&#8221; link=&#8221;url:https%3A%2F%2Fhoteltencate.nl%2Fkamers|title:Boek%20een%20kamer||&#8221;]<div class=\"beoordeling-box boxmid mobilebox\">\n                        <p>\n                            Our guests rate us with a \n                        <\/p>\n                        <div class=\"midmob\">\n                            <span class=\"grademob\">9.3<\/span> \n                                <div class=\"sterren\">\n                                <span class=\"fa fa-star checked\"><\/span>\n                                <span class=\"fa fa-star checked\"><\/span>\n                                <span class=\"fa fa-star checked\"><\/span>\n                                <span class=\"fa fa-star checked\"><\/span>\n                                <span class=\"fa fa-star-half-o checked\"><\/span>\n                            <\/div>\n                        <\/div>\n                        <p>\n                            from 8473 trustworthy reviews\n                        <\/p>\n                    <\/div>[vc_separator color=&#8221;black&#8221;]<div class=\"slider-tencate slider-\"><div class=\"slider-owl-container\"><div class=\"item\">\n                            <div class=\"arg-img\" style=\"min-height:400px; background:url(https:\/\/hoteltencate.nl\/wp-content\/uploads\/2019\/02\/211012teamhorsthuisDSC4981-1024x684.jpg) center no-repeat;\"><\/div>\n                        <\/div><div class=\"item\">\n                            <div class=\"arg-img\" style=\"min-height:400px; background:url(https:\/\/hoteltencate.nl\/wp-content\/uploads\/2019\/09\/restaurant_emmen_zijkant-1024x683.jpg) center no-repeat;\"><\/div>\n                        <\/div><div class=\"item\">\n                            <div class=\"arg-img\" style=\"min-height:400px; background:url(https:\/\/hoteltencate.nl\/wp-content\/uploads\/2019\/03\/87-1024x678.jpg) center no-repeat;\"><\/div>\n                        <\/div><div class=\"item\">\n                            <div class=\"arg-img\" style=\"min-height:400px; background:url(https:\/\/hoteltencate.nl\/wp-content\/uploads\/2019\/09\/restaurant_emmen_vooraanzicht-1024x684.jpg) center no-repeat;\"><\/div>\n                        <\/div><div class=\"item\">\n                            <div class=\"arg-img\" style=\"min-height:400px; background:url(https:\/\/hoteltencate.nl\/wp-content\/uploads\/2019\/09\/restaurant_emmen_tafel-1024x683.jpg) center no-repeat;\"><\/div>\n                        <\/div><\/div>\n                    <div class=\"slideroptions\">\n                        <div class=\"leftsw arrowsw slideropt\"><img decoding=\"async\" src=\"https:\/\/hoteltencate.nl\/wp-content\/themes\/hoteltencate\/img\/arrowleft.png\" alt=\"\" title=\"\"><\/div>\n                        <div class=\"counter slideropt\">1\/5<\/div>\n                        <div class=\"rightsw arrowsw slideropt\"><img decoding=\"async\" src=\"https:\/\/hoteltencate.nl\/wp-content\/themes\/hoteltencate\/img\/arrowright.png\" alt=\"\" title=\"\"><\/div>\n                    <\/div><\/div>\n                    <script>\n                        jQuery(document).ready(function($) {\n                                var owl = $(\".slider- .slider-owl-container\");\n                                owl.owlCarousel({\n                                    margin:35,\n                                    nav:false,\n                                    responsive:{\n                                        0:{\n                                            items:1\n                                        },\n                                        500:{\n                                            items:1\n                                        },\n                                        768:{\n                                            items:1\n                                        }\n                                    }\n                                }); \n\n                                \n                                jQuery(\".slider- .leftsw\").click(function(){\n                                    owl.trigger(\"prev.owl.carousel\");\n                                });\n                                \n                                owl.on(\"changed.owl.carousel\", function(event) {\n                                    var items     = event.item.count;     \/\/ Number of items\n                                    var item      = event.item.index;     \/\/ Position of the current item\n                                    jQuery(\".slider- .counter\").html((item+1)+\"\/\"+items)\n                               });\n                                \n                                jQuery(\".slider- .rightsw\").click(function(){\n                                    owl.trigger(\"next.owl.carousel\");\n                                }); \n                        });\n                    <\/script>\n                    [\/vc_column][vc_column width=&#8221;1\/3&#8243; el_class=&#8221;sidebar-container hdesktop sticky&#8221;]<div class=\"sidebar-menu\">\n                            <ul>\n<li><a href=\"https:\/\/hoteltencate.nl\/kamer-boeken\/\">Reserveer een kamer<\/a><\/li>\n<li><a href=\"https:\/\/hoteltencate.nl\/restaurant-emmen\/\">Bekijk het restaurant<\/a><\/li>\n<li><a href=\"https:\/\/hoteltencate.nl\/arrangement\/\">Ontdek de arrangementen<\/a><\/li>\n<\/ul>\n\n                        <\/div>\n                        <img decoding=\"async\" class=\"sidebar-divider\" src=\"https:\/\/hoteltencate.nl\/wp-content\/themes\/hoteltencate\/img\/new\/arrange-singlediv-new-pink.png\" alt=\"\" title=\"\"><div class=\"beoordeling-sidebar\">\n                     <h5>Our guests rate <strong>this restaurant<\/strong> with a <\/h5>\n                     <span class=\"grade\">8,7<\/span>\n                     <div class=\"sterren\">\n                        <span class=\"fa fa-star checked\"><\/span>\n                        <span class=\"fa fa-star checked\"><\/span>\n                        <span class=\"fa fa-star checked\"><\/span>\n                        <span class=\"fa fa-star checked\"><\/span>\n                        <span class=\"fa fa-star-half-o checked\"><\/span>\n                    <\/div>\n                    <h5>From 865 trustworthy reviews<\/h5>\n                <\/div><div class=\"beoordeling-box boxmid mobilebox\">\n                        <p>\n                            Our guests rate us with a \n                        <\/p>\n                        <div class=\"midmob\">\n                            <span class=\"grademob\">9.3<\/span> \n                                <div class=\"sterren\">\n                                <span class=\"fa fa-star checked\"><\/span>\n                                <span class=\"fa fa-star checked\"><\/span>\n                                <span class=\"fa fa-star checked\"><\/span>\n                                <span class=\"fa fa-star checked\"><\/span>\n                                <span class=\"fa fa-star-half-o checked\"><\/span>\n                            <\/div>\n                        <\/div>\n                        <p>\n                            from 8473 trustworthy reviews\n                        <\/p>\n                    <\/div>[\/vc_column][\/vc_row]<\/p>\n<\/div>","protected":false},"excerpt":{"rendered":"<p>[vc_row equal_height=&#8221;yes&#8221; el_class=&#8221;sticky&#8221;][vc_column width=&#8221;2\/3&#8243;][vc_column_text] Hotel Drenthe: relax in an inspiring environment\u00a0 You can book a hotel in Drenthe when you need a relaxing weekend off in your own country. Drenthe is an excellent choice if you want to relax and like to do this in a natural environment. Where can you find nice hotels in [&hellip;]<\/p>\n","protected":false},"author":8,"featured_media":3020,"parent":0,"menu_order":0,"comment_status":"closed","ping_status":"closed","template":"normal-page.php","meta":{"_acf_changed":false,"footnotes":""},"class_list":["post-3016","page","type-page","status-publish","has-post-thumbnail","hentry"],"acf":[],"_links":{"self":[{"href":"https:\/\/hoteltencate.nl\/en\/wp-json\/wp\/v2\/pages\/3016","targetHints":{"allow":["GET"]}}],"collection":[{"href":"https:\/\/hoteltencate.nl\/en\/wp-json\/wp\/v2\/pages"}],"about":[{"href":"https:\/\/hoteltencate.nl\/en\/wp-json\/wp\/v2\/types\/page"}],"author":[{"embeddable":true,"href":"https:\/\/hoteltencate.nl\/en\/wp-json\/wp\/v2\/users\/8"}],"replies":[{"embeddable":true,"href":"https:\/\/hoteltencate.nl\/en\/wp-json\/wp\/v2\/comments?post=3016"}],"version-history":[{"count":3,"href":"https:\/\/hoteltencate.nl\/en\/wp-json\/wp\/v2\/pages\/3016\/revisions"}],"predecessor-version":[{"id":8158,"href":"https:\/\/hoteltencate.nl\/en\/wp-json\/wp\/v2\/pages\/3016\/revisions\/8158"}],"wp:featuredmedia":[{"embeddable":true,"href":"https:\/\/hoteltencate.nl\/en\/wp-json\/wp\/v2\/media\/3020"}],"wp:attachment":[{"href":"https:\/\/hoteltencate.nl\/en\/wp-json\/wp\/v2\/media?parent=3016"}],"curies":[{"name":"wp","href":"https:\/\/api.w.org\/{rel}","templated":true}]}}