{"id":3929,"date":"2021-04-21T10:37:03","date_gmt":"2021-04-21T10:37:03","guid":{"rendered":"https:\/\/htc.swdev.nl\/?page_id=3929"},"modified":"2023-05-23T13:49:27","modified_gmt":"2023-05-23T11:49:27","slug":"ubernachten-emmen","status":"publish","type":"page","link":"https:\/\/hoteltencate.nl\/de\/ubernachten-emmen\/","title":{"rendered":"Ubernachten Emmen"},"content":{"rendered":"<div class=\"wpb-content-wrapper\"><p>[vc_row equal_height=&#8220;yes&#8220; el_class=&#8220;sticky&#8220;][vc_column width=&#8220;2\/3&#8243;][vc_column_text]<\/p>\n<h1>Unvergessliche \u00dcbernachtung in Emmen bei Wildlands<\/h1>\n<p id=\"tw-target-text\" class=\"tw-data-text tw-text-large XcVN5d tw-ta\" dir=\"ltr\" data-placeholder=\"Vertaling\"><span class=\"Y2IQFc\" lang=\"de\">M\u00f6chten Sie die Nacht in Emmen in einem einzigartigen Hotel verbringen, das sich in Sichtweite und in Gehweite des Wildlands Adventure Zoos befindet? Wir freuen uns, Sie im Hotel ten Cate begr\u00fc\u00dfen zu d\u00fcrfen. Kommen Sie mit Ihrer ganzen Familie zusammen und wir bieten Ihnen einen unvergesslichen Aufenthalt in unseren gem\u00fctlichen Familienzimmern. Nat\u00fcrlich ist unser Hotel auch der ideale Ausgangspunkt f\u00fcr jeden anderen Aufenthalt auf dem wundersch\u00f6nen Hondsrug in Drenthe. Wir haben 53 komfortable Hotelzimmer, die neben gem\u00fctlichen Familienzimmern aus klassischen Zimmern und sogar Kunstr\u00e4umen bestehen.<\/span><\/p>\n<p>[\/vc_column_text][vc_single_image image=&#8220;669&#8243; img_size=&#8220;600&#215;250&#8243;][vc_column_text css=&#8220;.vc_custom_1619001258052{margin-top: 40px !important;}&#8220;]<\/p>\n<h2 id=\"tw-target-text\" class=\"tw-data-text tw-text-large XcVN5d tw-ta\" dir=\"ltr\" data-placeholder=\"Vertaling\"><span class=\"Y2IQFc\" lang=\"de\">Verbringen Sie die Nacht in Emmen an einem einzigartigen Ort<\/span><\/h2>\n<p id=\"tw-target-text\" class=\"tw-data-text tw-text-large XcVN5d tw-ta\" dir=\"ltr\" data-placeholder=\"Vertaling\"><span class=\"Y2IQFc\" lang=\"de\">Unser Hotel befindet sich in der N\u00e4he des Zentrums von Emmer und dennoch befinden Sie sich in einer ruhigen Umgebung, in der pure Entspannung vorherrscht. In Noordbarge, einem der \u00e4ltesten D\u00f6rfer der Niederlande, entdecken Sie die sch\u00f6nsten Gr\u00fcns und Bauernh\u00f6fe. Unser Hotel grenzt an den Rand von Noordbarge, das mittlerweile zu einem Stadtteil von Emmen geworden ist. Aufgrund der Kombination des Zentrums einerseits und des charakteristischen Charakters eines idyllischen Dorfes andererseits wohnen Sie in unserem Hotel an einem einzigartigen Ort, den Sie sonst nirgendwo finden.<\/span><\/p>\n<p>[\/vc_column_text][vc_row_inner][vc_column_inner width=&#8220;1\/2&#8243;][vc_column_text]<\/p>\n<h2 id=\"tw-target-text\" class=\"tw-data-text tw-text-large XcVN5d tw-ta\" dir=\"ltr\" data-placeholder=\"Vertaling\"><span class=\"Y2IQFc\" lang=\"de\">Wildlands und das Atlas Theater<\/span><\/h2>\n<p id=\"tw-target-text\" class=\"tw-data-text tw-text-large XcVN5d tw-ta\" dir=\"ltr\" data-placeholder=\"Vertaling\"><span class=\"Y2IQFc\" lang=\"de\">Im Zoohotel ten Cate bieten wir verschiedene Wildlands-Pakete an. Dies bedeutet, dass nicht nur die Nacht in Emmen verbracht wird, sondern auch ein Besuch in Wildlands inbegriffen ist. Dar\u00fcber hinaus ist ein umfangreiches Fr\u00fchst\u00fccksbuffet Teil der 2- und 3-Tage-Pakete sowie die kostenlose Nutzung aller unserer Fitnesseinrichtungen. Au\u00dferdem sparen Sie bei uns die Wildlands-Parkkosten, da Sie als Hotelgast bei uns kostenlos parken. Wenn Sie unser Hotel verlassen, k\u00f6nnen Sie in k\u00fcrzester Zeit zum Eingang des Wildlands Adventure Zoo Emmen und des Atlas Theatre gehen. Ideal, oder?<\/span><\/p>\n<p>[\/vc_column_text][\/vc_column_inner][vc_column_inner width=&#8220;1\/2&#8243;][vc_column_text]<\/p>\n<h2 id=\"tw-target-text\" class=\"tw-data-text tw-text-large XcVN5d tw-ta\" dir=\"ltr\" data-placeholder=\"Vertaling\"><span class=\"Y2IQFc\" lang=\"de\">Gro\u00dfe Auswahl an Hotelpaketen<\/span><\/h2>\n<p id=\"tw-target-text\" class=\"tw-data-text tw-text-large XcVN5d tw-ta\" dir=\"ltr\" data-placeholder=\"Vertaling\"><span class=\"Y2IQFc\" lang=\"de\">Neben dem Wildlands-Paket k\u00f6nnen Sie auch aus vielen anderen Hotel- und Tagungspaketen ausw\u00e4hlen. Schlie\u00dflich befinden Sie sich auf dem Drentse Hondsrug, einem Gebiet, in dem es viel zu erleben und zu entdecken gibt. Zum Beispiel bieten wir Ihnen auch ein Kombinationspaket von \u00dcbernachtungen in Emmen mit einem Besuch im Drents Museum in Assen an. Oder wie w\u00e4re es mit einem Arrangement, bei dem Golf im Mittelpunkt steht? Unser Golfpaket beinhaltet Greenfees am wundersch\u00f6nen Golfplatz &#8222;De Gelpenberg&#8220;. Dieser Golfclub in Aalden wurde 1970 gegr\u00fcndet und ist damit der \u00e4lteste in der Provinz Drenthe.<\/span><\/p>\n<p>[\/vc_column_text][\/vc_column_inner][\/vc_row_inner][vc_single_image image=&#8220;670&#8243; img_size=&#8220;600&#215;250&#8243;][vc_column_text css=&#8220;.vc_custom_1619001362724{margin-top: 40px !important;}&#8220;]<\/p>\n<h2 id=\"tw-target-text\" class=\"tw-data-text tw-text-large XcVN5d tw-ta\" dir=\"ltr\" data-placeholder=\"Vertaling\"><span class=\"Y2IQFc\" lang=\"de\">Auch f\u00fcr ma\u00dfgeschneiderte Arrangements<\/span><\/h2>\n<p id=\"tw-target-text\" class=\"tw-data-text tw-text-large XcVN5d tw-ta\" dir=\"ltr\" data-placeholder=\"Vertaling\"><span class=\"Y2IQFc\" lang=\"de\">Ist Ihr gew\u00fcnschtes Paket nicht auf unserer Website? Kein Problem. Bitte z\u00f6gern Sie nicht, uns zu kontaktieren und sich nach der Vielseitigkeit der M\u00f6glichkeiten zu erkundigen. Sie k\u00f6nnen uns auch f\u00fcr Tagespakete kontaktieren. Dies bedeutet, dass wir gemeinsam mit Ihnen ein ma\u00dfgeschneidertes Programm zusammenstellen, das alle Ihre spezifischen W\u00fcnsche erf\u00fcllt. Denken Sie an eine Geburtstagsfeier, eine Jubil\u00e4umsfeier, einen lebhaften Empfang und vieles mehr. Dank unserer langj\u00e4hrigen Erfahrung und Erfahrung im Hosting wissen wir immer, wie wir es zu einem gro\u00dfen Erfolg machen k\u00f6nnen.<\/span><\/p>\n<h2 id=\"tw-target-text\" class=\"tw-data-text tw-text-large XcVN5d tw-ta\" dir=\"ltr\" data-placeholder=\"Vertaling\"><span class=\"Y2IQFc\" lang=\"de\">Kulinarische K\u00f6stlichkeiten und gem\u00fctliche Brasserie<\/span><\/h2>\n<p id=\"tw-target-text\" class=\"tw-data-text tw-text-large XcVN5d tw-ta\" dir=\"ltr\" data-placeholder=\"Vertaling\"><span class=\"Y2IQFc\" lang=\"de\">Sie k\u00f6nnen nicht nur in Emmen \u00fcbernachten, sondern auch ein k\u00f6stliches Abendessen oder ein leckeres Mittagessen in unserem Hotel in Emmen genie\u00dfen. Nehmen Sie in unserem attraktiven Restaurant Platz oder genie\u00dfen Sie bei sch\u00f6nem Wetter das Ambiente in unserem sch\u00f6nen Innengarten. In unserer gem\u00fctlichen Brasserie k\u00f6nnen Sie auch einen Snack genie\u00dfen. Dar\u00fcber hinaus k\u00f6nnen Sie an der Bar einen Aperitif trinken oder vor dem Schlafengehen einen Schlummertrunk nehmen. Es ist nicht erforderlich, einen Platz in unserer Brasserie zu reservieren, dessen \u00d6ffnungszeiten zwischen 07:00 und 12:00 Uhr liegen. M\u00f6chten Sie zu einer anderen Zeit zu Mittag oder zu Abend essen? Bitte z\u00f6gern Sie nicht uns zu kontaktieren.<\/span><\/p>\n<p>[\/vc_column_text][vc_column_text]<\/p>\n<h2>F\u00fcr weitere Informationen und Reservierungen<\/h2>\n<p id=\"tw-target-text\" class=\"tw-data-text tw-text-large XcVN5d tw-ta\" dir=\"ltr\" data-placeholder=\"Vertaling\"><span class=\"Y2IQFc\" lang=\"de\">Kurz gesagt, auf Ihrer Suche nach den besten Hotels in der Region Emmen sollten Sie ohne Zweifel im Hotel ten Cate sein. Wir bieten Ihnen ein hervorragendes Preis-Leistungsverh\u00e4ltnis, das Sie sonst nirgendwo finden. Dar\u00fcber hinaus ist unser Hotel nur wenige Gehminuten vom Emmer-Zentrum, den Wildlands und dem vielbeachteten Atlas-Theater entfernt. M\u00f6chten Sie weitere Informationen oder eine Reservierung vornehmen? Bitte rufen Sie +31 (0) 591 617 600 an. Sie k\u00f6nnen uns auch eine Nachricht senden \u00fcber: info@hoteltencate.nl.<\/span><\/p>\n<p>[\/vc_column_text][vc_btn title=&#8220;Hotel anzeigen&#8220; style=&#8220;flat&#8220; color=&#8220;warning&#8220; link=&#8220;url:https%3A%2F%2Fhoteltencate.nl%2Fkamers%2F|||&#8220;]<div class=\"beoordeling-box boxmid mobilebox\">\n                        <p>\n                            Unsere G\u00e4ste bewerten uns mit a\n                        <\/p>\n                        <div class=\"midmob\">\n                            <span class=\"grademob\">9.3<\/span> \n                                <div class=\"sterren\">\n                                <span class=\"fa fa-star checked\"><\/span>\n                                <span class=\"fa fa-star checked\"><\/span>\n                                <span class=\"fa fa-star checked\"><\/span>\n                                <span class=\"fa fa-star checked\"><\/span>\n                                <span class=\"fa fa-star-half-o checked\"><\/span>\n                            <\/div>\n                        <\/div>\n                        <p>\n                            von 8473 vertrauensw\u00fcrdigen Bewertungen\n\n                        <\/p>\n                    <\/div><div class=\"slider-tencate slider-\"><div class=\"slider-owl-container\"><div class=\"item\">\n                            <div class=\"arg-img\" style=\"min-height:px; background:url(https:\/\/hoteltencate.nl\/wp-content\/uploads\/2018\/07\/Ten-Cate-10-1024x678.jpg) center no-repeat;\"><\/div>\n                        <\/div><div class=\"item\">\n                            <div class=\"arg-img\" style=\"min-height:px; background:url(https:\/\/hoteltencate.nl\/wp-content\/uploads\/2018\/07\/Ten-Cate-11-1024x678.jpg) center no-repeat;\"><\/div>\n                        <\/div><div class=\"item\">\n                            <div class=\"arg-img\" style=\"min-height:px; background:url(https:\/\/hoteltencate.nl\/wp-content\/uploads\/2018\/07\/Ten-Cate-9-1024x678.jpg) center no-repeat;\"><\/div>\n                        <\/div><div class=\"item\">\n                            <div class=\"arg-img\" style=\"min-height:px; background:url(https:\/\/hoteltencate.nl\/wp-content\/uploads\/2018\/07\/Ten-Cate-1-1024x678.jpg) center no-repeat;\"><\/div>\n                        <\/div><div class=\"item\">\n                            <div class=\"arg-img\" style=\"min-height:px; background:url(https:\/\/hoteltencate.nl\/wp-content\/uploads\/2018\/07\/Ten-Cate-3-1024x678.jpg) center no-repeat;\"><\/div>\n                        <\/div><div class=\"item\">\n                            <div class=\"arg-img\" style=\"min-height:px; background:url(https:\/\/hoteltencate.nl\/wp-content\/uploads\/2018\/07\/Ten-Cate-4-1024x678.jpg) center no-repeat;\"><\/div>\n                        <\/div><div class=\"item\">\n                            <div class=\"arg-img\" style=\"min-height:px; background:url(https:\/\/hoteltencate.nl\/wp-content\/uploads\/2018\/07\/Ten-Cate-8-1024x678.jpg) center no-repeat;\"><\/div>\n                        <\/div><\/div>\n                    <div class=\"slideroptions\">\n                        <div class=\"leftsw arrowsw slideropt\"><img decoding=\"async\" src=\"https:\/\/hoteltencate.nl\/wp-content\/themes\/hoteltencate\/img\/arrowleft.png\" alt=\"\" title=\"\"><\/div>\n                        <div class=\"counter slideropt\">1\/7<\/div>\n                        <div class=\"rightsw arrowsw slideropt\"><img decoding=\"async\" src=\"https:\/\/hoteltencate.nl\/wp-content\/themes\/hoteltencate\/img\/arrowright.png\" alt=\"\" title=\"\"><\/div>\n                    <\/div><\/div>\n                    <script>\n                        jQuery(document).ready(function($) {\n                                var owl = $(\".slider- .slider-owl-container\");\n                                owl.owlCarousel({\n                                    margin:35,\n                                    nav:false,\n                                    responsive:{\n                                        0:{\n                                            items:1\n                                        },\n                                        500:{\n                                            items:1\n                                        },\n                                        768:{\n                                            items:1\n                                        }\n                                    }\n                                }); \n\n                                \n                                jQuery(\".slider- .leftsw\").click(function(){\n                                    owl.trigger(\"prev.owl.carousel\");\n                                });\n                                \n                                owl.on(\"changed.owl.carousel\", function(event) {\n                                    var items     = event.item.count;     \/\/ Number of items\n                                    var item      = event.item.index;     \/\/ Position of the current item\n                                    jQuery(\".slider- .counter\").html((item+1)+\"\/\"+items)\n                               });\n                                \n                                jQuery(\".slider- .rightsw\").click(function(){\n                                    owl.trigger(\"next.owl.carousel\");\n                                }); \n                        });\n                    <\/script>\n                    [\/vc_column][vc_column width=&#8220;1\/3&#8243; el_class=&#8220;sidebar-container hdesktop sticky&#8220;]<div class=\"sidebar-menu\">\n                            <ul>\n<li><a class=\"sidebarbtn orange\" href=\"https:\/\/hoteltencate.nl\/\"><span class=\"Y2IQFc\" lang=\"de\">Willkommen im Hotel Restaurant Ten Cate<\/span><\/a><\/li>\n<li><a class=\"sidebarbtn\" href=\"https:\/\/hoteltencate.nl\/restaurant-emmen\/\"><span class=\"Y2IQFc\" lang=\"de\">Schauen Sie sich das Restaurant an<\/span><\/a><\/li>\n<li><a href=\"https:\/\/hoteltencate.nl\/kamer-boeken\/\"><span class=\"Y2IQFc\" lang=\"de\">Sehen Sie sich unsere Zimmer an<\/span><\/a><\/li>\n<li><a href=\"https:\/\/hoteltencate.nl\/?page_id=15\"><span class=\"Y2IQFc\" lang=\"de\">Sehen Sie sich unser Wellness an<\/span><\/a><\/li>\n<li><a class=\"sidebarbtn\" href=\"https:\/\/hoteltencate.nl\/?page_id=446\"><span class=\"Y2IQFc\" lang=\"de\">Sehen Sie sich unsere Brasserie an<\/span><\/a><\/li>\n<\/ul>\n\n                        <\/div>\n                        <img decoding=\"async\" class=\"sidebar-divider\" src=\"https:\/\/hoteltencate.nl\/wp-content\/themes\/hoteltencate\/img\/new\/arrange-singlediv-new-pink.png\" alt=\"\" title=\"\"><div class=\"beoordeling-sidebar\">\n                     <h5>Unsere G\u00e4ste bewerten <strong>dieses Restaurant<\/ strong> mit einem<\/h5>\n                     <span class=\"grade\">8,7<\/span>\n                     <div class=\"sterren\">\n                        <span class=\"fa fa-star checked\"><\/span>\n                        <span class=\"fa fa-star checked\"><\/span>\n                        <span class=\"fa fa-star checked\"><\/span>\n                        <span class=\"fa fa-star checked\"><\/span>\n                        <span class=\"fa fa-star-half-o checked\"><\/span>\n                    <\/div>\n                    <h5>von 865 vertrauensw\u00fcrdigen Bewertungen<\/h5>\n                <\/div>[\/vc_column][\/vc_row]<\/p>\n<\/div>","protected":false},"excerpt":{"rendered":"<p>[vc_row equal_height=&#8220;yes&#8220; el_class=&#8220;sticky&#8220;][vc_column width=&#8220;2\/3&#8243;][vc_column_text] Unvergessliche \u00dcbernachtung in Emmen bei Wildlands M\u00f6chten Sie die Nacht in Emmen in einem einzigartigen Hotel verbringen, das sich in Sichtweite und in Gehweite des Wildlands Adventure Zoos befindet? Wir freuen uns, Sie im Hotel ten Cate begr\u00fc\u00dfen zu d\u00fcrfen. Kommen Sie mit Ihrer ganzen Familie zusammen und wir bieten Ihnen [&hellip;]<\/p>\n","protected":false},"author":8,"featured_media":2355,"parent":0,"menu_order":0,"comment_status":"closed","ping_status":"closed","template":"","meta":{"_acf_changed":false,"footnotes":""},"class_list":["post-3929","page","type-page","status-publish","has-post-thumbnail","hentry"],"acf":[],"_links":{"self":[{"href":"https:\/\/hoteltencate.nl\/de\/wp-json\/wp\/v2\/pages\/3929","targetHints":{"allow":["GET"]}}],"collection":[{"href":"https:\/\/hoteltencate.nl\/de\/wp-json\/wp\/v2\/pages"}],"about":[{"href":"https:\/\/hoteltencate.nl\/de\/wp-json\/wp\/v2\/types\/page"}],"author":[{"embeddable":true,"href":"https:\/\/hoteltencate.nl\/de\/wp-json\/wp\/v2\/users\/8"}],"replies":[{"embeddable":true,"href":"https:\/\/hoteltencate.nl\/de\/wp-json\/wp\/v2\/comments?post=3929"}],"version-history":[{"count":3,"href":"https:\/\/hoteltencate.nl\/de\/wp-json\/wp\/v2\/pages\/3929\/revisions"}],"predecessor-version":[{"id":6112,"href":"https:\/\/hoteltencate.nl\/de\/wp-json\/wp\/v2\/pages\/3929\/revisions\/6112"}],"wp:featuredmedia":[{"embeddable":true,"href":"https:\/\/hoteltencate.nl\/de\/wp-json\/wp\/v2\/media\/2355"}],"wp:attachment":[{"href":"https:\/\/hoteltencate.nl\/de\/wp-json\/wp\/v2\/media?parent=3929"}],"curies":[{"name":"wp","href":"https:\/\/api.w.org\/{rel}","templated":true}]}}