{"id":3875,"date":"2021-04-21T09:28:46","date_gmt":"2021-04-21T09:28:46","guid":{"rendered":"https:\/\/htc.swdev.nl\/?page_id=3875"},"modified":"2025-05-22T10:50:37","modified_gmt":"2025-05-22T08:50:37","slug":"aktivitaten-drenthe","status":"publish","type":"page","link":"https:\/\/hoteltencate.nl\/de\/aktivitaten-drenthe\/","title":{"rendered":"Activiteiten Drenthe"},"content":{"rendered":"<div class=\"wpb-content-wrapper\"><p>[vc_row equal_height=&#8220;yes&#8220;][vc_column width=&#8220;2\/3&#8243;][vc_column_text]<\/p>\n<h1 id=\"tw-target-text\" class=\"tw-data-text tw-text-large XcVN5d tw-ta\" dir=\"ltr\" data-placeholder=\"Vertaling\"><span class=\"Y2IQFc\" lang=\"de\">Aktivit\u00e4ten in Drenthe<\/span><\/h1>\n<p id=\"tw-target-text\" class=\"tw-data-text tw-text-large XcVN5d tw-ta\" dir=\"ltr\" data-placeholder=\"Vertaling\"><span class=\"Y2IQFc\" lang=\"de\">Die Provinz Drenthe ist als wundersch\u00f6ne gr\u00fcne und sichere Region bekannt! Die Touristen genie\u00dfen das \u00c4u\u00dferste und die Einwohner leben dort sehr angenehm. <\/span><\/p>\n<p class=\"tw-data-text tw-text-large XcVN5d tw-ta\" dir=\"ltr\" data-placeholder=\"Vertaling\"><span class=\"Y2IQFc\" lang=\"de\">Ob Sie Kultur schnuppern oder einfach nur die Natur genie\u00dfen m\u00f6chten, in Drenthe gibt es viel zu tun! Es gibt auch viel zu sehen und zu erleben f\u00fcr Kinder und die Kleinen. <\/span><\/p>\n<p class=\"tw-data-text tw-text-large XcVN5d tw-ta\" dir=\"ltr\" data-placeholder=\"Vertaling\"><span class=\"Y2IQFc\" lang=\"de\">Lesen Sie mehr \u00fcber die besten Aktivit\u00e4ten und Aktivit\u00e4ten in Drenthe und der gr\u00f6\u00dften Stadt der Provinz: Emmen. Langeweile gibt es absolut nicht!<\/span><\/p>\n<h2>Die besten Aktivit\u00e4ten in Drenthe<\/h2>\n<p id=\"tw-target-text\" class=\"tw-data-text tw-text-large XcVN5d tw-ta\" dir=\"ltr\" data-placeholder=\"Vertaling\"><span class=\"Y2IQFc\" lang=\"de\">Ein Wochenende oder eine Woche in Drenthe ist ein Vergn\u00fcgen f\u00fcr Jung und Alt. Ob Sie etwas Aktives tun oder mehr \u00fcber die Geschichte erfahren m\u00f6chten. In Drenthe ist f\u00fcr Jung und Alt etwas dabei! Lesen Sie mehr \u00fcber die besten Aktivit\u00e4ten in Drenthe:<\/span><\/p>\n<p>[\/vc_column_text][vc_single_image image=&#8220;624&#8243; img_size=&#8220;800&#215;400&#8243; alignment=&#8220;center&#8220;][vc_column_text css=&#8220;.vc_custom_1618997188358{margin-top: 40px !important;}&#8220;]<\/p>\n<h2>F\u00fcr die Naturliebhaber<\/h2>\n<p id=\"tw-target-text\" class=\"tw-data-text tw-text-large XcVN5d tw-ta\" dir=\"ltr\" data-placeholder=\"Vertaling\"><span class=\"Y2IQFc\" lang=\"de\">Als Naturliebhaber sind Sie in Drenthe ganz zu Hause. Es ist sehr gr\u00fcn. Drenthe hat daher auch 3 Nationalparks: den Drents-Friese Wold, den Dwingelderveld und den Drentsche Aa. <\/span><\/p>\n<p class=\"tw-data-text tw-text-large XcVN5d tw-ta\" dir=\"ltr\" data-placeholder=\"Vertaling\"><span class=\"Y2IQFc\" lang=\"de\">Alle Parks k\u00f6nnen zu Fu\u00df oder mit dem Fahrrad erkundet werden. Suchen Sie nach den alten Hunebeds, die reichlich vorhanden sind, und achten Sie auf die Hirten, die oft mit Schafherden herumlaufen. Sind Sie ein kulinarischer Enthusiast? In Drenthe gibt es in dieser Gegend auch viel zu probieren und zu erleben! Es gibt mehrere kulinarische Radwege, auf denen Sie nach Ihrer Radtour entspannen und eines der attraktiven Restaurants genie\u00dfen k\u00f6nnen. <\/span><\/p>\n<p class=\"tw-data-text tw-text-large XcVN5d tw-ta\" dir=\"ltr\" data-placeholder=\"Vertaling\"><span class=\"Y2IQFc\" lang=\"de\">Wirst du Drenthe mit den Kindern entdecken? Auch f\u00fcr sie gibt es mehr als genug zu tun! Die Vergn\u00fcgungsparks in Drenthe sind ein wahres Kinderparadies. Vom Vergn\u00fcgungspark Drouwenerzand zum bekannten Plopsa Indoor Coevorden. Sprookjeshof in Zuidlaren ist auch bei den Kleinen beliebt. <\/span><\/p>\n<p class=\"tw-data-text tw-text-large XcVN5d tw-ta\" dir=\"ltr\" data-placeholder=\"Vertaling\"><span class=\"Y2IQFc\" lang=\"de\">Besuchen Sie Drenthe an einem warmen niederl\u00e4ndischen Sommertag? Vergessen Sie nicht, Ihre Badebekleidung mitzubringen, da Sie nicht lange suchen m\u00fcssen, um sich abzuk\u00fchlen. Es gibt eine gro\u00dfe Auswahl an Schwimmb\u00e4dern an verschiedenen Orten. Einige Empfehlungen sind: Erholungspark Ermerstrand in Erm, Baggelhuizerplas in Assen und Natuurbad de Zandpol. <\/span><\/p>\n<p class=\"tw-data-text tw-text-large XcVN5d tw-ta\" dir=\"ltr\" data-placeholder=\"Vertaling\"><span class=\"Y2IQFc\" lang=\"de\">Besuchen Sie einen Schafstall! Spa\u00df f\u00fcr Jung und Alt und sehr lehrreich zu sehen, wie der Hirte und sein Hund arbeiten, um die Schafe in die richtige Richtung zu trainieren. Einige Empfehlungen sind: Schafstall Ruinen am Rande des Nationalparks Dwingelderveld, Schafstall Weiteveen im Naturschutzgebiet Bargerveen und Schafstall Exloo.<\/span><\/p>\n<p>[\/vc_column_text][vc_single_image image=&#8220;2031&#8243; img_size=&#8220;800&#215;400&#8243; alignment=&#8220;center&#8220;][vc_row_inner][vc_column_inner width=&#8220;1\/2&#8243;][vc_column_text]<\/p>\n<h2>Die besten Aktivit\u00e4ten in Emmen<\/h2>\n<p id=\"tw-target-text\" class=\"tw-data-text tw-text-large XcVN5d tw-ta\" dir=\"ltr\" data-placeholder=\"Vertaling\"><span class=\"Y2IQFc\" lang=\"de\">Der Ort Emmen tr\u00e4gt den Spitznamen: &#8222;Die Schmetterlingsstadt&#8220;. Dies ist ein Hinweis auf den ehemaligen Emmen Zoo. Heute wurde dieser Park vom Wildlands Adventure Zoo abgel\u00f6st, f\u00fcr den die Stadt bekannt ist. <\/span><\/p>\n<p class=\"tw-data-text tw-text-large XcVN5d tw-ta\" dir=\"ltr\" data-placeholder=\"Vertaling\"><span class=\"Y2IQFc\" lang=\"de\">Neben dem Besuch dieses Parks gibt es in und um Emmen noch viel mehr zu tun und zu sehen. Lesen Sie mehr \u00fcber die besten Aktivit\u00e4ten in Emmen. Der Wildlands Adventure Zoo ist der Nachfolger des Emmen Zoos. In diesem Zoo k\u00f6nnen Sie Nash\u00f6rner und Giraffen in minimaler Entfernung beobachten und auf einer LKW-Safari einen Ausflug durch die Savanne unternehmen. <\/span><\/p>\n<p class=\"tw-data-text tw-text-large XcVN5d tw-ta\" dir=\"ltr\" data-placeholder=\"Vertaling\"><span class=\"Y2IQFc\" lang=\"de\">Nat\u00fcrlich gibt es hier noch viel mehr zu sehen und zu tun. Verpassen Sie keinen Besuch w\u00e4hrend Ihres Aufenthalts in Emmen! Wenn Sie mehr \u00fcber das pr\u00e4historische Drenthe erfahren m\u00f6chten, besuchen Sie das Hunebedcentrum von Borger. In diesem Museum reisen Sie in die Zeit vor mehr als 5000 Jahren zur\u00fcck. Beeindruckend und ein absolutes Muss f\u00fcr Geschichtsinteressierte.<\/span><\/p>\n<p>[\/vc_column_text][\/vc_column_inner][vc_column_inner width=&#8220;1\/2&#8243;][vc_column_text]<\/p>\n<p id=\"tw-target-text\" class=\"tw-data-text tw-text-large XcVN5d tw-ta\" dir=\"ltr\" data-placeholder=\"Vertaling\"><span class=\"Y2IQFc\" lang=\"de\">Die sch\u00f6nen und ber\u00fchmten G\u00e4rten in Dedemsvaart sind das Lebenswerk von Mien Ruys. Sie war eine der Landschaftsarchitekten des letzten Jahrhunderts. Es gibt unz\u00e4hlige Gr\u00fcnde, warum sich ihre G\u00e4rten von anderen offenen G\u00e4rten unterscheiden: darunter die reich bl\u00fchenden R\u00e4nder von Stauden. Ein Besuch f\u00fcr einen sch\u00f6nen Spaziergang ist es absolut wert. <\/span><\/p>\n<p class=\"tw-data-text tw-text-large XcVN5d tw-ta\" dir=\"ltr\" data-placeholder=\"Vertaling\"><span class=\"Y2IQFc\" lang=\"de\">Wenn Sie Museumspoorlijn STAR, die l\u00e4ngste Museumsbahn der Niederlande, besuchen, machen Sie eine besondere Zeitreise. Setzen Sie sich auf den Fahrersitz und erfahren Sie in einer umfassenden Ausstellung alles \u00fcber die faszinierende Geschichte dieser Eisenbahn. Im Herzen von Emmen, im alten Zoo, finden Sie &#8222;Emmen Escapes&#8220;. Als Fan von Fluchtzimmern werden Sie sich hier garantiert am\u00fcsieren. In einer Gruppe werden Sie in einen Raum versetzt und genie\u00dfen eine einzigartige Erfahrung, bei der Sie viele Hinweise, R\u00e4tsel und Aufgaben l\u00f6sen m\u00fcssen. Eine sehr sch\u00f6ne Erfahrung!<\/span><\/p>\n<p>[\/vc_column_text][\/vc_column_inner][\/vc_row_inner][vc_column_text]<\/p>\n<h3 id=\"tw-target-text\" class=\"tw-data-text tw-text-large XcVN5d tw-ta\" dir=\"ltr\" data-placeholder=\"Vertaling\"><span class=\"Y2IQFc\" lang=\"de\">Reservieren Sie im Hotel Ten Cate<\/span><\/h3>\n<p id=\"tw-target-text\" class=\"tw-data-text tw-text-large XcVN5d tw-ta\" dir=\"ltr\" data-placeholder=\"Vertaling\"><span class=\"Y2IQFc\" lang=\"de\">M\u00f6chten Sie Ihren Besuch in Drenthe mit einem guten Aufenthalt in einer inspirierenden und sch\u00f6nen Lage verbinden? <\/span><\/p>\n<p class=\"tw-data-text tw-text-large XcVN5d tw-ta\" dir=\"ltr\" data-placeholder=\"Vertaling\"><span class=\"Y2IQFc\" lang=\"de\">Im Herzen von Emmen finden Sie das Hotel Ten Cate. Wir sind das ideale Hotel in Emmen als Ausgangspunkt f\u00fcr alle Reisen in und um Emmen. Entspannen Sie im Komfort dieses k\u00fcnstlerischen Hotels! Kontaktieren Sie uns f\u00fcr eine Reservierung oder Vereinbarung per E-Mail-Adresse: info@hoteltencate.nl oder Telefonnummer: 059-617 600<\/span><\/p>\n<p>[\/vc_column_text][vc_btn title=&#8220; Reservieren Sie im Hotel ten Cate&#8220; style=&#8220;flat&#8220; color=&#8220;warning&#8220; link=&#8220;url:https%3A%2F%2Fhoteltencate.nl%2Fkamers%2F|title:Reserveer%20nu!||&#8220;]<div class=\"beoordeling-box boxmid mobilebox\">\n                        <p>\n                            Unsere G\u00e4ste bewerten uns mit a\n                        <\/p>\n                        <div class=\"midmob\">\n                            <span class=\"grademob\">9.3<\/span> \n                                <div class=\"sterren\">\n                                <span class=\"fa fa-star checked\"><\/span>\n                                <span class=\"fa fa-star checked\"><\/span>\n                                <span class=\"fa fa-star checked\"><\/span>\n                                <span class=\"fa fa-star checked\"><\/span>\n                                <span class=\"fa fa-star-half-o checked\"><\/span>\n                            <\/div>\n                        <\/div>\n                        <p>\n                            von 8473 vertrauensw\u00fcrdigen Bewertungen\n\n                        <\/p>\n                    <\/div>[\/vc_column][vc_column width=&#8220;1\/3&#8243; el_class=&#8220;sidebar-container hdesktop sticky&#8220;]<div class=\"sidebar-menu\">\n                            <ul>\n<li><a class=\"sidebarbtn orange\" href=\"https:\/\/hoteltencate.nl\/\"><span class=\"Y2IQFc\" lang=\"de\">Willkommen im Hotel Restaurant Ten Cate<\/span><\/a><\/li>\n<li><a class=\"sidebarbtn\" href=\"https:\/\/hoteltencate.nl\/restaurant-emmen\/\"><span class=\"Y2IQFc\" lang=\"de\">Schauen Sie sich das Restaurant an<\/span><\/a><\/li>\n<li><a href=\"https:\/\/hoteltencate.nl\/kamer-boeken\/\"><span class=\"Y2IQFc\" lang=\"de\">Sehen Sie sich unsere Zimmer an<\/span><\/a><\/li>\n<li><a href=\"https:\/\/hoteltencate.nl\/?page_id=15\"><span class=\"Y2IQFc\" lang=\"de\">Sehen Sie sich unser Wellness an<\/span><\/a><\/li>\n<li><a class=\"sidebarbtn\" href=\"https:\/\/hoteltencate.nl\/?page_id=446\"><span class=\"Y2IQFc\" lang=\"de\">Sehen Sie sich unsere Brasserie an<\/span><\/a><\/li>\n<\/ul>\n\n                        <\/div>\n                        <img decoding=\"async\" class=\"sidebar-divider\" src=\"https:\/\/hoteltencate.nl\/wp-content\/themes\/hoteltencate\/img\/new\/arrange-singlediv-new-pink.png\" alt=\"\" title=\"\"><div class=\"beoordeling-sidebar\">\n                     <h5>Unsere G\u00e4ste bewerten <strong>dieses Restaurant<\/ strong> mit einem<\/h5>\n                     <span class=\"grade\">8,7<\/span>\n                     <div class=\"sterren\">\n                        <span class=\"fa fa-star checked\"><\/span>\n                        <span class=\"fa fa-star checked\"><\/span>\n                        <span class=\"fa fa-star checked\"><\/span>\n                        <span class=\"fa fa-star checked\"><\/span>\n                        <span class=\"fa fa-star-half-o checked\"><\/span>\n                    <\/div>\n                    <h5>von 865 vertrauensw\u00fcrdigen Bewertungen<\/h5>\n                <\/div>[\/vc_column][\/vc_row]<\/p>\n<\/div>","protected":false},"excerpt":{"rendered":"<p>[vc_row equal_height=&#8220;yes&#8220;][vc_column width=&#8220;2\/3&#8243;][vc_column_text] Aktivit\u00e4ten in Drenthe Die Provinz Drenthe ist als wundersch\u00f6ne gr\u00fcne und sichere Region bekannt! Die Touristen genie\u00dfen das \u00c4u\u00dferste und die Einwohner leben dort sehr angenehm. Ob Sie Kultur schnuppern oder einfach nur die Natur genie\u00dfen m\u00f6chten, in Drenthe gibt es viel zu tun! Es gibt auch viel zu sehen und zu [&hellip;]<\/p>\n","protected":false},"author":8,"featured_media":3884,"parent":0,"menu_order":0,"comment_status":"closed","ping_status":"closed","template":"","meta":{"_acf_changed":false,"footnotes":""},"class_list":["post-3875","page","type-page","status-publish","has-post-thumbnail","hentry"],"acf":[],"_links":{"self":[{"href":"https:\/\/hoteltencate.nl\/de\/wp-json\/wp\/v2\/pages\/3875","targetHints":{"allow":["GET"]}}],"collection":[{"href":"https:\/\/hoteltencate.nl\/de\/wp-json\/wp\/v2\/pages"}],"about":[{"href":"https:\/\/hoteltencate.nl\/de\/wp-json\/wp\/v2\/types\/page"}],"author":[{"embeddable":true,"href":"https:\/\/hoteltencate.nl\/de\/wp-json\/wp\/v2\/users\/8"}],"replies":[{"embeddable":true,"href":"https:\/\/hoteltencate.nl\/de\/wp-json\/wp\/v2\/comments?post=3875"}],"version-history":[{"count":2,"href":"https:\/\/hoteltencate.nl\/de\/wp-json\/wp\/v2\/pages\/3875\/revisions"}],"predecessor-version":[{"id":8404,"href":"https:\/\/hoteltencate.nl\/de\/wp-json\/wp\/v2\/pages\/3875\/revisions\/8404"}],"wp:featuredmedia":[{"embeddable":true,"href":"https:\/\/hoteltencate.nl\/de\/wp-json\/wp\/v2\/media\/3884"}],"wp:attachment":[{"href":"https:\/\/hoteltencate.nl\/de\/wp-json\/wp\/v2\/media?parent=3875"}],"curies":[{"name":"wp","href":"https:\/\/api.w.org\/{rel}","templated":true}]}}