{"id":3830,"date":"2021-04-20T10:03:23","date_gmt":"2021-04-20T10:03:23","guid":{"rendered":"https:\/\/htc.swdev.nl\/?page_id=3830"},"modified":"2025-05-22T10:57:04","modified_gmt":"2025-05-22T08:57:04","slug":"hotel-drenthe","status":"publish","type":"page","link":"https:\/\/hoteltencate.nl\/de\/hotel-drenthe\/","title":{"rendered":"SEO: Hotel Drenthe"},"content":{"rendered":"<div class=\"wpb-content-wrapper\"><p>[vc_row equal_height=&#8220;yes&#8220; el_class=&#8220;sticky&#8220;][vc_column width=&#8220;2\/3&#8243;][vc_column_text]<\/p>\n<h1>Hotel Drenthe: Entspannen Sie in einer inspirierenden Umgebung<\/h1>\n<p id=\"tw-target-text\" class=\"tw-data-text tw-text-large XcVN5d tw-ta\" dir=\"ltr\" data-placeholder=\"Vertaling\"><span class=\"Y2IQFc\" lang=\"de\">Sie k\u00f6nnen ein Hotel in Drenthe buchen, wenn Sie ein erholsames Wochenende in Ihrem eigenen Land verbringen m\u00f6chten. Drenthe ist eine ausgezeichnete Wahl, wenn Sie dem Alltag entfliehen und dies in einer nat\u00fcrlichen Umgebung tun m\u00f6chten. Aber wo finden Sie sch\u00f6ne Hotels in Drenthe? Buchen Sie ein Zimmer im farbenfrohen und einzigartigen Hotel Ten Cate im Herzen von Emmen. Ihre Suche nach einer Unterkunft in Drenthe endet daher im Hotel ten Cate. Unser Hotel Drenthe ist komplett ausgestattet und sorgt f\u00fcr ein erfolgreiches Wochenende oder eine erfolgreiche Nacht in Ihrem eigenen Land. Sie wohnen in einem k\u00fcnstlerischen Geb\u00e4ude und genie\u00dfen gleichzeitig eine vielseitige Auswahl an Einrichtungen und Paketen. Warum buchen Sie \u00fcberhaupt ein Hotel in Drenthe f\u00fcr einen Kurzurlaub?<\/span><\/p>\n<p>[\/vc_column_text][vc_btn title=&#8220;Ein Zimmer buchen&#8220; style=&#8220;flat&#8220; color=&#8220;warning&#8220; link=&#8220;url:https%3A%2F%2Fhoteltencate.nl%2Fkamers%2F|title:Boek%20een%20kamer||&#8220;][vc_column_text]<\/p>\n<h2 id=\"tw-target-text\" class=\"tw-data-text tw-text-large XcVN5d tw-ta\" dir=\"ltr\" data-placeholder=\"Vertaling\"><span class=\"Y2IQFc\" lang=\"de\">Welche Zimmer buchen Sie im Hotel ten Cate?<\/span><\/h2>\n<p id=\"tw-target-text\" class=\"tw-data-text tw-text-large XcVN5d tw-ta\" dir=\"ltr\" data-placeholder=\"Vertaling\"><span class=\"Y2IQFc\" lang=\"de\">Es gibt viele Unterk\u00fcnfte in Drenthe, aber wir m\u00f6chten Sie einladen, eine Nacht in unserem speziellen Hotel zu verbringen. Das sch\u00f6ne Geb\u00e4ude, in dem Sie wohnen werden, verf\u00fcgt \u00fcber 57 komfortable Zimmer, die Sie pro Nacht buchen k\u00f6nnen. Die Hotelzimmer im Hotel sind komplett ausgestattet und es steht immer ein Zimmer zur Verf\u00fcgung, das Ihrem Budget entspricht. W\u00e4hlen Sie zwischen einem Standardzimmer, einem Kunstzimmer, einem Familienzimmer oder einem Standardfamilienzimmer. Weitere Optionen sind das Superior-Zimmer, das Executive-Zimmer, das Dance of Love-Zimmer, ein Budget-Zimmer oder eine Suite. Sie buchen immer ein Hotelzimmer in unserem Hotel Drenthe mit bequemen Betten, einer Badewanne oder Dusche und kostenfreiem WLAN. Sie k\u00f6nnen ganz einfach ein Zimmer online \u00fcber die Website buchen oder das gew\u00fcnschte Hotelzimmer telefonisch reservieren. Die Mitarbeiter des Hotel Ten Cate sprechen gerne mit Ihnen.<\/span><\/p>\n<p>[\/vc_column_text][vc_single_image image=&#8220;1473&#8243; img_size=&#8220;full&#8220;][vc_column_text css=&#8220;.vc_custom_1618912646502{margin-top: 40px !important;}&#8220;]<\/p>\n<h2 id=\"tw-target-text\" class=\"tw-data-text tw-text-large XcVN5d tw-ta\" dir=\"ltr\" data-placeholder=\"Vertaling\"><span class=\"Y2IQFc\" lang=\"de\">Abendessen im Hotel Ten Cate in Drenthe<\/span><\/h2>\n<p id=\"tw-target-text\" class=\"tw-data-text tw-text-large XcVN5d tw-ta\" dir=\"ltr\" data-placeholder=\"Vertaling\"><span class=\"Y2IQFc\" lang=\"de\">Ein Wochenende oder eine Nacht in unserem Hotel Drenthe ist ohne Fr\u00fchst\u00fcck nat\u00fcrlich nicht komplett. Jeden Morgen genie\u00dfen Sie ein reichhaltiges Fr\u00fchst\u00fccksbuffet, damit Sie genug Energie haben, um es an diesem Tag zu tun. Neben dem Fr\u00fchst\u00fcck k\u00f6nnen Sie auch im Hotel ten Cate zu Abend essen. Wir sind auch ein Restaurant und bieten allen unseren G\u00e4sten eine Auswahl aus einer vielseitigen Speisekarte. Sie k\u00f6nnen aus verschiedenen regionalen Gerichten w\u00e4hlen. Es ist gut zu wissen, dass wir nur nachhaltige und ehrliche Produkte ausw\u00e4hlen und sie zum Beispiel mit Spitzenweinen und gezapften Bieren servieren. Lernen Sie die kulinarischen K\u00f6stlichkeiten in unserem Restaurant kennen, sehen Sie sich das vegane Men\u00fc an und g\u00f6nnen Sie sich und Ihrem Partner einen unvergesslichen Aufenthalt in unserem Hotel. Nat\u00fcrlich k\u00f6nnen Sie auch im Hotel zu Mittag essen oder abends in der Hotelbar etwas trinken. Es gibt eine gro\u00dfe Auswahl!<\/span><\/p>\n<p>[\/vc_column_text][vc_row_inner][vc_column_inner width=&#8220;1\/2&#8243;][vc_column_text]<\/p>\n<h2>M\u00f6glichkeiten f\u00fcr Kinder im Hotel Ten Cate<\/h2>\n<p id=\"tw-target-text\" class=\"tw-data-text tw-text-large XcVN5d tw-ta\" dir=\"ltr\" data-placeholder=\"Vertaling\"><span class=\"Y2IQFc\" lang=\"de\">Das Hotel Ten Cate ist ein farbenfrohes und k\u00fcnstlerisches Boutique-Hotel, das perfekt zur Wahrnehmung von Kindern passt. Deshalb sind sie auch in unserem Hotel Drenthe mehr als willkommen. Dar\u00fcber hinaus gibt es in unmittelbarer N\u00e4he des Hotels ten Cate zahlreiche Ausfl\u00fcge, damit sich Ihre Kinder nicht langweilen m\u00fcssen. Nehmen Sie sie zum Beispiel mit auf eine Reise nach WILDLANDS Emmen oder besuchen Sie das Kabouterland in Exloo. Besonders die Kleinen werden diese Reise zweifellos zu sch\u00e4tzen wissen. <\/span><\/p>\n<p class=\"tw-data-text tw-text-large XcVN5d tw-ta\" dir=\"ltr\" data-placeholder=\"Vertaling\"><span class=\"Y2IQFc\" lang=\"de\">Hotelg\u00e4ste bewerten das Hotel ten Cate mit einem Durchschnitt von 9,3, was teilweise auf unseren angenehmen Aufenthalt f\u00fcr Kinder zur\u00fcckzuf\u00fchren ist. Neben dem k\u00fcnstlerischen und kreativen Look spiegelt sich die Kinderfreundlichkeit in unserem Hotel auch in der vielf\u00e4ltigen Auswahl an Kindermen\u00fcs wider.<\/span><\/p>\n<p>[\/vc_column_text][\/vc_column_inner][vc_column_inner width=&#8220;1\/2&#8243;][vc_column_text]<\/p>\n<h2 id=\"tw-target-text\" class=\"tw-data-text tw-text-large XcVN5d tw-ta\" dir=\"ltr\" data-placeholder=\"Vertaling\"><span class=\"Y2IQFc\" lang=\"de\">Welche Art von Paketen bietet das Hotel Ten Cate an?<\/span><\/h2>\n<p id=\"tw-target-text\" class=\"tw-data-text tw-text-large XcVN5d tw-ta\" dir=\"ltr\" data-placeholder=\"Vertaling\"><span class=\"Y2IQFc\" lang=\"de\">Im Hotel Ten Cate ist immer Platz f\u00fcr ein einzigartiges Paket. Aus welchen Paketen w\u00e4hlen Sie? Zum Beispiel ist es m\u00f6glich, Ihre Hochzeit mit uns zu feiern oder einen Tag auf dem Golfplatz zu verbringen. Treffen f\u00fcr Ihr Unternehmen sind ebenfalls m\u00f6glich. Dies ist f\u00fcr 2 bis 250 Personen m\u00f6glich. M\u00f6chten Sie eine Geburtstagsfeier oder ein Jubil\u00e4um im Hotel ten Cate feiern? Dies ist auch m\u00f6glich. <\/span><\/p>\n<p class=\"tw-data-text tw-text-large XcVN5d tw-ta\" dir=\"ltr\" data-placeholder=\"Vertaling\"><span class=\"Y2IQFc\" lang=\"de\">Endlich gibt es unsere Sonntags- und Wellnesspakete. Dies sind perfekte Gelegenheiten, sich v\u00f6llig verw\u00f6hnen zu lassen oder gar nichts zu tun. G\u00f6nnen Sie sich einen erholsamen Aufenthalt und buchen Sie ein Paket \u00fcber die Website.<\/span><\/p>\n<p>[\/vc_column_text][\/vc_column_inner][\/vc_row_inner][vc_btn title=&#8220;ein zimmer buchen&#8220; style=&#8220;flat&#8220; color=&#8220;warning&#8220; link=&#8220;url:https%3A%2F%2Fhoteltencate.nl%2Fmenukaart%2F|title:Menukaart||&#8220;][vc_single_image image=&#8220;1324&#8243; img_size=&#8220;full&#8220;][vc_column_text]<\/p>\n<h2>Was k\u00f6nnen Sie in der Umgebung des Hotels tun?<\/h2>\n<p id=\"tw-target-text\" class=\"tw-data-text tw-text-large XcVN5d tw-ta\" dir=\"ltr\" data-placeholder=\"Vertaling\"><span class=\"Y2IQFc\" lang=\"de\">In Emmen und Umgebung gibt es viel zu tun. Radfahren ist eine Aktivit\u00e4t, die von unseren Hotelg\u00e4sten h\u00e4ufig praktiziert wird. Das Hunebedcentrum in Borger versetzt Sie in die Vergangenheit und f\u00fchrt Sie in die Vorgeschichte ein. Eine weitere Attraktion ist das Drents Museum in Assen. Dieses Museum ist eine der Attraktionen in Nord-Drenthe und vor allem f\u00fcr seine spezielle arch\u00e4ologische Sammlung bekannt. Neben der wundersch\u00f6nen Natur und einem Aufenthalt in einem wundersch\u00f6nen Hotel in Drenthe genie\u00dfen Sie auch ein St\u00fcck Drenthe-Kultur und unz\u00e4hlige Sehensw\u00fcrdigkeiten. Entspannung, Wellness, aber auch Ausgehen bieten absolute Zufriedenheit und Entspannung.<\/span><\/p>\n<h2>Alle Vorteile des Hotel Ten Cate auf einen Blick<\/h2>\n<p id=\"tw-target-text\" class=\"tw-data-text tw-text-large XcVN5d tw-ta\" dir=\"ltr\" data-placeholder=\"Vertaling\"><span class=\"Y2IQFc\" lang=\"de\">M\u00f6chten Sie eine \u00dcbernachtung in unserem Hotel Drenthe buchen, sind Sie aber noch nicht ganz \u00fcberzeugt? Lernen Sie unsere Vorteile kennen und buchen Sie eine Nacht direkt in unserem Luxushotel in Emmen:<\/span><\/p>\n<ul>\n<li style=\"font-weight: 400;\">\n<p id=\"tw-target-text\" class=\"tw-data-text tw-text-large XcVN5d tw-ta\" dir=\"ltr\" data-placeholder=\"Vertaling\"><span class=\"Y2IQFc\" lang=\"de\">Das Hotel Ten Cate garantiert eine gute Atmosph\u00e4re, professionellen Service und komfortable Einrichtungen. <\/span><\/p>\n<\/li>\n<li style=\"font-weight: 400;\">\n<p id=\"tw-target-text\" class=\"tw-data-text tw-text-large XcVN5d tw-ta\" dir=\"ltr\" data-placeholder=\"Vertaling\"><span class=\"Y2IQFc\" lang=\"de\">Wir sind ein kinderfreundliches Hotel und bieten auch ein angenehmes Hotelerlebnis f\u00fcr Kinder. <\/span><\/p>\n<\/li>\n<li style=\"font-weight: 400;\">\n<p id=\"tw-target-text\" class=\"tw-data-text tw-text-large XcVN5d tw-ta\" dir=\"ltr\" data-placeholder=\"Vertaling\"><span class=\"Y2IQFc\" lang=\"de\">Neben attraktiven Hotelpreisen profitieren Sie auch von erm\u00e4\u00dfigten Paketen und nutzen verschiedene <\/span><\/p>\n<\/li>\n<li style=\"font-weight: 400;\">\n<p id=\"tw-target-text\" class=\"tw-data-text tw-text-large XcVN5d tw-ta\" dir=\"ltr\" data-placeholder=\"Vertaling\"><span class=\"Y2IQFc\" lang=\"de\">Sauna- und Wellnesseinrichtungen In der N\u00e4he des Hotels gibt es viel zu tun, so dass ein langweiliger <\/span><\/p>\n<\/li>\n<li style=\"font-weight: 400;\">\n<p id=\"tw-target-text\" class=\"tw-data-text tw-text-large XcVN5d tw-ta\" dir=\"ltr\" data-placeholder=\"Vertaling\"><span class=\"Y2IQFc\" lang=\"de\">Urlaub in unserem Hotel nicht m\u00f6glich ist. <\/span><\/p>\n<\/li>\n<li style=\"font-weight: 400;\">\n<p id=\"tw-target-text\" class=\"tw-data-text tw-text-large XcVN5d tw-ta\" dir=\"ltr\" data-placeholder=\"Vertaling\"><span class=\"Y2IQFc\" lang=\"de\">Dank des luxuri\u00f6sen Restaurants ist auch die innere Person ausreichend zufrieden!<\/span><\/p>\n<\/li>\n<\/ul>\n<p>[\/vc_column_text][vc_single_image image=&#8220;1472&#8243; img_size=&#8220;full&#8220;][vc_column_text css=&#8220;.vc_custom_1618912837557{margin-top: 40px !important;}&#8220;]<\/p>\n<h3 id=\"tw-target-text\" class=\"tw-data-text tw-text-large XcVN5d tw-ta\" dir=\"ltr\" data-placeholder=\"Vertaling\"><span class=\"Y2IQFc\" lang=\"de\">Hotel Drenthe \u00dcbernachtung? Buchen Sie Ihre Reservierung direkt<\/span><\/h3>\n<p id=\"tw-target-text\" class=\"tw-data-text tw-text-large XcVN5d tw-ta\" dir=\"ltr\" data-placeholder=\"Vertaling\"><span class=\"Y2IQFc\" lang=\"de\">Suchen Sie ein sch\u00f6nes Hotel in Drenthe f\u00fcr eine angenehme \u00dcbernachtung oder einen angenehmen Aufenthalt? Buchen Sie f\u00fcr die richtige Unterkunft in Drenthe ein Hotelzimmer im Hotel ten Cate in Emmen. So sichern Sie sich einen komfortablen und angenehmen Urlaub. Neben privaten Optionen gibt es auch die M\u00f6glichkeit, einen Gesch\u00e4ftsaufenthalt oder ein Treffen mit uns zu buchen. Z\u00f6gern Sie nicht, uns zu kontaktieren, wenn Sie Ihre Hochzeit in Drenthe feiern m\u00f6chten. Kontaktieren Sie uns daher telefonisch unter 0591-617600 oder buchen Sie ein Zimmer direkt \u00fcber die Website. Unser Team wird geduldig und freundlich mit Ihnen sprechen.<\/span><\/p>\n<p>[\/vc_column_text][vc_btn title=&#8220;ein zimmer buchen&#8220; style=&#8220;flat&#8220; color=&#8220;warning&#8220; link=&#8220;url:https%3A%2F%2Fhoteltencate.nl%2Fkamers|title:Boek%20een%20kamer||&#8220;]<div class=\"beoordeling-box boxmid mobilebox\">\n                        <p>\n                            Unsere G\u00e4ste bewerten uns mit a\n                        <\/p>\n                        <div class=\"midmob\">\n                            <span class=\"grademob\">9.3<\/span> \n                                <div class=\"sterren\">\n                                <span class=\"fa fa-star checked\"><\/span>\n                                <span class=\"fa fa-star checked\"><\/span>\n                                <span class=\"fa fa-star checked\"><\/span>\n                                <span class=\"fa fa-star checked\"><\/span>\n                                <span class=\"fa fa-star-half-o checked\"><\/span>\n                            <\/div>\n                        <\/div>\n                        <p>\n                            von 8473 vertrauensw\u00fcrdigen Bewertungen\n\n                        <\/p>\n                    <\/div>[vc_separator color=&#8220;black&#8220;]<div class=\"slider-tencate slider-\"><div class=\"slider-owl-container\"><div class=\"item\">\n                            <div class=\"arg-img\" style=\"min-height:400px; background:url(https:\/\/hoteltencate.nl\/wp-content\/uploads\/2019\/02\/211012teamhorsthuisDSC4981-1024x684.jpg) center no-repeat;\"><\/div>\n                        <\/div><div class=\"item\">\n                            <div class=\"arg-img\" style=\"min-height:400px; background:url(https:\/\/hoteltencate.nl\/wp-content\/uploads\/2019\/09\/restaurant_emmen_zijkant-1024x683.jpg) center no-repeat;\"><\/div>\n                        <\/div><div class=\"item\">\n                            <div class=\"arg-img\" style=\"min-height:400px; background:url(https:\/\/hoteltencate.nl\/wp-content\/uploads\/2019\/03\/87-1024x678.jpg) center no-repeat;\"><\/div>\n                        <\/div><div class=\"item\">\n                            <div class=\"arg-img\" style=\"min-height:400px; background:url(https:\/\/hoteltencate.nl\/wp-content\/uploads\/2019\/09\/restaurant_emmen_vooraanzicht-1024x684.jpg) center no-repeat;\"><\/div>\n                        <\/div><div class=\"item\">\n                            <div class=\"arg-img\" style=\"min-height:400px; background:url(https:\/\/hoteltencate.nl\/wp-content\/uploads\/2019\/09\/restaurant_emmen_tafel-1024x683.jpg) center no-repeat;\"><\/div>\n                        <\/div><\/div>\n                    <div class=\"slideroptions\">\n                        <div class=\"leftsw arrowsw slideropt\"><img decoding=\"async\" src=\"https:\/\/hoteltencate.nl\/wp-content\/themes\/hoteltencate\/img\/arrowleft.png\" alt=\"\" title=\"\"><\/div>\n                        <div class=\"counter slideropt\">1\/5<\/div>\n                        <div class=\"rightsw arrowsw slideropt\"><img decoding=\"async\" src=\"https:\/\/hoteltencate.nl\/wp-content\/themes\/hoteltencate\/img\/arrowright.png\" alt=\"\" title=\"\"><\/div>\n                    <\/div><\/div>\n                    <script>\n                        jQuery(document).ready(function($) {\n                                var owl = $(\".slider- .slider-owl-container\");\n                                owl.owlCarousel({\n                                    margin:35,\n                                    nav:false,\n                                    responsive:{\n                                        0:{\n                                            items:1\n                                        },\n                                        500:{\n                                            items:1\n                                        },\n                                        768:{\n                                            items:1\n                                        }\n                                    }\n                                }); \n\n                                \n                                jQuery(\".slider- .leftsw\").click(function(){\n                                    owl.trigger(\"prev.owl.carousel\");\n                                });\n                                \n                                owl.on(\"changed.owl.carousel\", function(event) {\n                                    var items     = event.item.count;     \/\/ Number of items\n                                    var item      = event.item.index;     \/\/ Position of the current item\n                                    jQuery(\".slider- .counter\").html((item+1)+\"\/\"+items)\n                               });\n                                \n                                jQuery(\".slider- .rightsw\").click(function(){\n                                    owl.trigger(\"next.owl.carousel\");\n                                }); \n                        });\n                    <\/script>\n                    [\/vc_column][vc_column width=&#8220;1\/3&#8243; el_class=&#8220;sidebar-container hdesktop sticky&#8220;]<div class=\"sidebar-menu\">\n                            <ul>\n<li><a href=\"https:\/\/hoteltencate.nl\/kamer-boeken\/\">Ein Zimmer buchen<\/a><\/li>\n<li><a href=\"https:\/\/hoteltencate.nl\/restaurant-emmen\/\">Schauen Sie sich das Restaurant an<\/a><\/li>\n<li><a href=\"https:\/\/hoteltencate.nl\/arrangement\/\">Entdecken Sie die Pakete<\/a><\/li>\n<\/ul>\n\n                        <\/div>\n                        <img decoding=\"async\" class=\"sidebar-divider\" src=\"https:\/\/hoteltencate.nl\/wp-content\/themes\/hoteltencate\/img\/new\/arrange-singlediv-new-pink.png\" alt=\"\" title=\"\"><div class=\"beoordeling-sidebar\">\n                     <h5>Unsere G\u00e4ste bewerten <strong>dieses Restaurant<\/ strong> mit einem<\/h5>\n                     <span class=\"grade\">8,7<\/span>\n                     <div class=\"sterren\">\n                        <span class=\"fa fa-star checked\"><\/span>\n                        <span class=\"fa fa-star checked\"><\/span>\n                        <span class=\"fa fa-star checked\"><\/span>\n                        <span class=\"fa fa-star checked\"><\/span>\n                        <span class=\"fa fa-star-half-o checked\"><\/span>\n                    <\/div>\n                    <h5>von 865 vertrauensw\u00fcrdigen Bewertungen<\/h5>\n                <\/div><div class=\"beoordeling-box boxmid mobilebox\">\n                        <p>\n                            Unsere G\u00e4ste bewerten uns mit a\n                        <\/p>\n                        <div class=\"midmob\">\n                            <span class=\"grademob\">9.3<\/span> \n                                <div class=\"sterren\">\n                                <span class=\"fa fa-star checked\"><\/span>\n                                <span class=\"fa fa-star checked\"><\/span>\n                                <span class=\"fa fa-star checked\"><\/span>\n                                <span class=\"fa fa-star checked\"><\/span>\n                                <span class=\"fa fa-star-half-o checked\"><\/span>\n                            <\/div>\n                        <\/div>\n                        <p>\n                            von 8473 vertrauensw\u00fcrdigen Bewertungen\n\n                        <\/p>\n                    <\/div>[\/vc_column][\/vc_row]<\/p>\n<\/div>","protected":false},"excerpt":{"rendered":"<p>[vc_row equal_height=&#8220;yes&#8220; el_class=&#8220;sticky&#8220;][vc_column width=&#8220;2\/3&#8243;][vc_column_text] Hotel Drenthe: Entspannen Sie in einer inspirierenden Umgebung Sie k\u00f6nnen ein Hotel in Drenthe buchen, wenn Sie ein erholsames Wochenende in Ihrem eigenen Land verbringen m\u00f6chten. Drenthe ist eine ausgezeichnete Wahl, wenn Sie dem Alltag entfliehen und dies in einer nat\u00fcrlichen Umgebung tun m\u00f6chten. Aber wo finden Sie sch\u00f6ne Hotels in [&hellip;]<\/p>\n","protected":false},"author":8,"featured_media":3802,"parent":0,"menu_order":0,"comment_status":"closed","ping_status":"closed","template":"normal-page.php","meta":{"_acf_changed":false,"footnotes":""},"class_list":["post-3830","page","type-page","status-publish","has-post-thumbnail","hentry"],"acf":[],"_links":{"self":[{"href":"https:\/\/hoteltencate.nl\/de\/wp-json\/wp\/v2\/pages\/3830","targetHints":{"allow":["GET"]}}],"collection":[{"href":"https:\/\/hoteltencate.nl\/de\/wp-json\/wp\/v2\/pages"}],"about":[{"href":"https:\/\/hoteltencate.nl\/de\/wp-json\/wp\/v2\/types\/page"}],"author":[{"embeddable":true,"href":"https:\/\/hoteltencate.nl\/de\/wp-json\/wp\/v2\/users\/8"}],"replies":[{"embeddable":true,"href":"https:\/\/hoteltencate.nl\/de\/wp-json\/wp\/v2\/comments?post=3830"}],"version-history":[{"count":2,"href":"https:\/\/hoteltencate.nl\/de\/wp-json\/wp\/v2\/pages\/3830\/revisions"}],"predecessor-version":[{"id":8160,"href":"https:\/\/hoteltencate.nl\/de\/wp-json\/wp\/v2\/pages\/3830\/revisions\/8160"}],"wp:featuredmedia":[{"embeddable":true,"href":"https:\/\/hoteltencate.nl\/de\/wp-json\/wp\/v2\/media\/3802"}],"wp:attachment":[{"href":"https:\/\/hoteltencate.nl\/de\/wp-json\/wp\/v2\/media?parent=3830"}],"curies":[{"name":"wp","href":"https:\/\/api.w.org\/{rel}","templated":true}]}}