{"id":3161,"date":"2021-04-12T12:01:47","date_gmt":"2021-04-12T12:01:47","guid":{"rendered":"https:\/\/htc.swdev.nl\/?page_id=3161"},"modified":"2025-05-22T10:57:50","modified_gmt":"2025-05-22T08:57:50","slug":"meetings-emmen","status":"publish","type":"page","link":"https:\/\/hoteltencate.nl\/de\/meetings-emmen\/","title":{"rendered":"Vergaderen emmen"},"content":{"rendered":"<div class=\"wpb-content-wrapper\"><p>[vc_row equal_height=&#8220;yes&#8220;][vc_column width=&#8220;2\/3&#8243;][vc_column_text]<\/p>\n<h1>Treffen in Emmen an einem inspirierenden Top-Ort<\/h1>\n<p>Suchen Sie nach einem inspirierenden und einzigartigen Raum, um sich in Emmen zu treffen? Dann sind Sie im Hotel Restaurant ten Cate genau richtig. Sie finden uns auf dem Drentse Hondsrug in der N\u00e4he des sch\u00f6nen Stadtzentrums und gleichzeitig in Noordbarge, einem der \u00e4ltesten D\u00f6rfer der Niederlande. Einerseits wohnen Sie in einer Umgebung mit wundersch\u00f6nem Gr\u00fcn und idyllischen Bauernh\u00f6fen und andererseits sind Sie nur wenige Gehminuten vom Stadtzentrum von Emmer entfernt. Fantastisch, oder?<\/p>\n<p id=\"tw-target-text\" class=\"tw-data-text tw-text-large XcVN5d tw-ta\" dir=\"ltr\" data-placeholder=\"Vertaling\"><span lang=\"de\">Wir bieten Ihnen auch sehr attraktive Tagespakete. Im Hotel ten Cate bedeutet dies einen treffen in Emmen zu den besten Preisen, einschlie\u00dflich komfortabler Hotelzimmer, eines attraktiven Restaurants und einer gem\u00fctlichen Bar.<\/span><\/p>\n<p>[\/vc_column_text][vc_btn title=&#8220; Besprechungspaket anzeigen&#8220; style=&#8220;flat&#8220; color=&#8220;warning&#8220; link=&#8220;url:https%3A%2F%2Fhoteltencate.nl%2Farrangement%2Fvergaderen%2F|||&#8220;][vc_single_image image=&#8220;667&#8243; img_size=&#8220;full&#8220;][vc_column_text css=&#8220;.vc_custom_1618228632511{margin-top: 40px !important;}&#8220;]<\/p>\n<h2 id=\"tw-target-text\" class=\"tw-data-text tw-text-large XcVN5d tw-ta\" dir=\"ltr\" data-placeholder=\"Vertaling\"><span lang=\"de\">Ausgezeichnete einrichtungen in Emmen<\/span><\/h2>\n<div class=\"jhH5U\">\n<div id=\"tw-ob\" class=\"tw-src-ltr\">\n<div class=\"oSioSc\">\n<div id=\"tw-target\">\n<div id=\"kAz1tf\" class=\"g9WsWb\">\n<div id=\"tw-target-text-container\" class=\"tw-ta-container hide-focus-ring tw-nfl\" tabindex=\"0\">\n<p id=\"tw-target-text\" class=\"tw-data-text tw-text-large XcVN5d tw-ta\" dir=\"ltr\" data-placeholder=\"Vertaling\"><span lang=\"de\">Unabh\u00e4ngig von der Gr\u00f6\u00dfe Ihres Unternehmens f\u00fcr Ihr Gesch\u00e4ftstreffen bieten wir Ihnen hervorragende Einrichtungen. Egal, ob Ihre Gruppe <strong>aus 2 oder 250<\/strong> Personen besteht: Wir sorgen daf\u00fcr, dass Ihre Treffen, Ihr Seminar oder Ihr Empfang mit allem Komfort versehen wird. Wir haben mehrere multifunktionale Besprechungsr\u00e4ume mit hohen Fenstern, die viel Tageslicht bieten.<\/span><\/p>\n<\/div>\n<\/div>\n<\/div>\n<\/div>\n<\/div>\n<\/div>\n<p>[\/vc_column_text][vc_single_image image=&#8220;1523&#8243; img_size=&#8220;full&#8220;][vc_row_inner][vc_column_inner width=&#8220;1\/2&#8243;][vc_column_text]<\/p>\n<h2 id=\"tw-target-text\" class=\"tw-data-text tw-text-large XcVN5d tw-ta\" dir=\"ltr\" data-placeholder=\"Vertaling\"><span lang=\"de\">Meeting-Pakete ab 19,50 \u20ac p.p.<\/span><\/h2>\n<p id=\"tw-target-text\" class=\"tw-data-text tw-text-large XcVN5d tw-ta\" dir=\"ltr\" data-placeholder=\"Vertaling\"><span lang=\"de\">Bei uns k\u00f6nnen Sie aus verschiedenen Meetings pakete ausw\u00e4hlen, die wir in Absprache mit Ihnen sorgf\u00e4ltig zusammengestellt haben. Zum Beispiel bieten wir Ihnen bereits ein individuelles Meeting-Paket ab 19,50 \u20ac pro Person an. Die folgenden Artikel sind ebenfalls standardm\u00e4\u00dfig in jedem Paket enthalten:<\/span><\/p>\n<ul>\n<li><span lang=\"de\">Kostenlose Parkpl\u00e4tze und WiFi<\/span><\/li>\n<li>Raum<\/li>\n<li>Unbegrenzter Kaffee und Tee<\/li>\n<li>Auswahl an Keksen und Pfefferminzbonbons<\/li>\n<\/ul>\n<p>[\/vc_column_text][\/vc_column_inner][vc_column_inner width=&#8220;1\/2&#8243;][vc_column_text]<\/p>\n<h2 id=\"tw-target-text\" class=\"tw-data-text tw-text-large XcVN5d tw-ta\" dir=\"ltr\" data-placeholder=\"Vertaling\"><span lang=\"de\">F\u00fcr eine angenehme Nachtruhe<\/span><\/h2>\n<p id=\"tw-target-text\" class=\"tw-data-text tw-text-large XcVN5d tw-ta\" dir=\"ltr\" data-placeholder=\"Vertaling\"><span lang=\"de\">Nach einem Tag intensiver Besprechung in Emmen oder nach einem anderen Gesch\u00e4ftstreffen ist es sch\u00f6n zu glauben, dass ein bequemes Bett auf Sie wartet. Im Hotel ten Cate wissen wir das besser als jeder andere. Deshalb bieten wir nicht weniger als 57 Hotelzimmer in verschiedenen Einrichtungsstilen an. Was jedoch allen unseren Hotelzimmern entspricht, ist der hohe Komfort. Dies bedeutet, dass Sie sicher sind, dass Ihre Kunden oder Kollegen und Sie einen ausgezeichneten Schlaf erwarten k\u00f6nnen.<\/span><\/p>\n<p>[\/vc_column_text][vc_single_image image=&#8220;1324&#8243; img_size=&#8220;full&#8220;][\/vc_column_inner][\/vc_row_inner][vc_column_text css=&#8220;.vc_custom_1618228771999{margin-top: 40px !important;}&#8220;]<\/p>\n<h2 id=\"tw-target-text\" class=\"tw-data-text tw-text-large XcVN5d tw-ta\" dir=\"ltr\" data-placeholder=\"Vertaling\"><span lang=\"de\">Gem\u00fctliches Restaurant und Brasserie mit gem\u00fctlicher Bar<\/span><\/h2>\n<p id=\"tw-target-text\" class=\"tw-data-text tw-text-large XcVN5d tw-ta\" dir=\"ltr\" data-placeholder=\"Vertaling\"><span lang=\"de\">Unser Hotel ist aufgrund unseres attraktiven Restaurants auch einer der beliebtesten Orte in Emmen f\u00fcr jedes Gesch\u00e4ftstreffen. Hier k\u00f6nnen Sie ein k\u00f6stliches Mittagessen und ein ausgezeichnetes Abendessen genie\u00dfen, das auf der franz\u00f6sisch orientierten niederl\u00e4ndischen K\u00fcche basiert. Sie werden das kulinarische S\u00fcdost-Drenthe von seiner besten Seite entdecken, ohne den Hauptpreis zu zahlen. Ist das Wetter drau\u00dfen sch\u00f6n? Dann k\u00f6nnen Sie und Ihre Gruppe drau\u00dfen in unserem sch\u00f6nen Innenhof sitzen. Wir haben auch eine Brasserie, in der Sie sowohl ein Getr\u00e4nk als auch einen Snack bestellen k\u00f6nnen.<\/span><\/p>\n<h2 id=\"tw-target-text\" class=\"tw-data-text tw-text-large XcVN5d tw-ta\" dir=\"ltr\" data-placeholder=\"Vertaling\"><span lang=\"de\">F\u00fcr weitere Informationen und Ihre Besprechungsanforderungen<\/span><\/h2>\n<p id=\"tw-target-text\" class=\"tw-data-text tw-text-large XcVN5d tw-ta\" dir=\"ltr\" data-placeholder=\"Vertaling\"><span lang=\"de\">Kurz gesagt, Ihr Gesch\u00e4ftstreffen findet im Hotel Restaurant ten Cate an einem der inspirierendsten Tagungsorte in Emmen statt. Wir helfen Ihnen gerne weiter und denken mit Ihnen zusammen, wo Sie es w\u00fcnschen. Unsere langj\u00e4hrige Erfahrung, der professionelle Service und die komfortablen Einrichtungen machen das Treffen in Emmen zu einem Erlebnis f\u00fcr sich.<\/span><\/p>\n<p class=\"tw-data-text tw-text-large XcVN5d tw-ta\" dir=\"ltr\" data-placeholder=\"Vertaling\"><span lang=\"de\">M\u00f6chten Sie mehr wissen oder Ihre Besprechungsw\u00fcnsche an uns senden? Bitte kontaktieren Sie uns \u00fcber <\/span><a href=\"mailto:info@hoteltencate.nl\">info@hoteltencate.nl<\/a> <span lang=\"de\">oder \u00fcber die Telefonnummer +31 (0) 591 617 600 und wir werden die M\u00f6glichkeiten besprechen.<\/span><\/p>\n<p>[\/vc_column_text]<div class=\"beoordeling-box boxmid mobilebox\">\n                        <p>\n                            Unsere G\u00e4ste bewerten uns mit a\n                        <\/p>\n                        <div class=\"midmob\">\n                            <span class=\"grademob\">9.3<\/span> \n                                <div class=\"sterren\">\n                                <span class=\"fa fa-star checked\"><\/span>\n                                <span class=\"fa fa-star checked\"><\/span>\n                                <span class=\"fa fa-star checked\"><\/span>\n                                <span class=\"fa fa-star checked\"><\/span>\n                                <span class=\"fa fa-star-half-o checked\"><\/span>\n                            <\/div>\n                        <\/div>\n                        <p>\n                            von 8473 vertrauensw\u00fcrdigen Bewertungen\n\n                        <\/p>\n                    <\/div>[vc_btn title=&#8220; Besprechungspaket anzeigen&#8220; style=&#8220;flat&#8220; color=&#8220;warning&#8220; link=&#8220;url:https%3A%2F%2Fhoteltencate.nl%2Farrangement%2Fvergaderen%2F|||&#8220;]<div class=\"slider-tencate slider-\"><div class=\"slider-owl-container\"><div class=\"item\">\n                            <div class=\"arg-img\" style=\"min-height:600px; background:url(https:\/\/hoteltencate.nl\/wp-content\/uploads\/2018\/07\/Ten-Cate-5-1024x678.jpg) center no-repeat;\"><\/div>\n                        <\/div><div class=\"item\">\n                            <div class=\"arg-img\" style=\"min-height:600px; background:url(https:\/\/hoteltencate.nl\/wp-content\/uploads\/2018\/07\/Ten-Cate-7-1024x678.jpg) center no-repeat;\"><\/div>\n                        <\/div><div class=\"item\">\n                            <div class=\"arg-img\" style=\"min-height:600px; background:url(https:\/\/hoteltencate.nl\/wp-content\/uploads\/2018\/07\/Ten-Cate-11-1024x678.jpg) center no-repeat;\"><\/div>\n                        <\/div><div class=\"item\">\n                            <div class=\"arg-img\" style=\"min-height:600px; background:url(https:\/\/hoteltencate.nl\/wp-content\/uploads\/2018\/07\/Ten-Cate-10-1024x678.jpg) center no-repeat;\"><\/div>\n                        <\/div><div class=\"item\">\n                            <div class=\"arg-img\" style=\"min-height:600px; background:url(https:\/\/hoteltencate.nl\/wp-content\/uploads\/2019\/10\/IMG_3008-1024x683.jpg) center no-repeat;\"><\/div>\n                        <\/div><div class=\"item\">\n                            <div class=\"arg-img\" style=\"min-height:600px; background:url(https:\/\/hoteltencate.nl\/wp-content\/uploads\/2019\/10\/IMG_3007-1024x683.jpg) center no-repeat;\"><\/div>\n                        <\/div><div class=\"item\">\n                            <div class=\"arg-img\" style=\"min-height:600px; background:url(https:\/\/hoteltencate.nl\/wp-content\/uploads\/2019\/10\/IMG_2996-1024x683.jpg) center no-repeat;\"><\/div>\n                        <\/div><\/div>\n                    <div class=\"slideroptions\">\n                        <div class=\"leftsw arrowsw slideropt\"><img decoding=\"async\" src=\"https:\/\/hoteltencate.nl\/wp-content\/themes\/hoteltencate\/img\/arrowleft.png\" alt=\"\" title=\"\"><\/div>\n                        <div class=\"counter slideropt\">1\/7<\/div>\n                        <div class=\"rightsw arrowsw slideropt\"><img decoding=\"async\" src=\"https:\/\/hoteltencate.nl\/wp-content\/themes\/hoteltencate\/img\/arrowright.png\" alt=\"\" title=\"\"><\/div>\n                    <\/div><\/div>\n                    <script>\n                        jQuery(document).ready(function($) {\n                                var owl = $(\".slider- .slider-owl-container\");\n                                owl.owlCarousel({\n                                    margin:35,\n                                    nav:false,\n                                    responsive:{\n                                        0:{\n                                            items:1\n                                        },\n                                        500:{\n                                            items:1\n                                        },\n                                        768:{\n                                            items:1\n                                        }\n                                    }\n                                }); \n\n                                \n                                jQuery(\".slider- .leftsw\").click(function(){\n                                    owl.trigger(\"prev.owl.carousel\");\n                                });\n                                \n                                owl.on(\"changed.owl.carousel\", function(event) {\n                                    var items     = event.item.count;     \/\/ Number of items\n                                    var item      = event.item.index;     \/\/ Position of the current item\n                                    jQuery(\".slider- .counter\").html((item+1)+\"\/\"+items)\n                               });\n                                \n                                jQuery(\".slider- .rightsw\").click(function(){\n                                    owl.trigger(\"next.owl.carousel\");\n                                }); \n                        });\n                    <\/script>\n                    [\/vc_column][vc_column width=&#8220;1\/3&#8243; el_class=&#8220;sidebar-container hdesktop sticky&#8220;]<div class=\"sidebar-menu\">\n                            <ul>\n<li><a class=\"sidebarbtn orange\" href=\"https:\/\/hoteltencate.nl\/\">Hotel Restaurant ten Cate<\/a><\/li>\n<li><a class=\"sidebarbtn\" href=\"https:\/\/hoteltencate.nl\/restaurant-emmen\/\">Restaurant<\/a><\/li>\n<li><a href=\"https:\/\/hoteltencate.nl\/kamer-boeken\/\">Zimmer<\/a><\/li>\n<li><a href=\"https:\/\/hoteltencate.nl\/arrangement\/vergaderen\/\">Meeting Pakete<\/a><\/li>\n<\/ul>\n\n                        <\/div>\n                        <img decoding=\"async\" class=\"sidebar-divider\" src=\"https:\/\/hoteltencate.nl\/wp-content\/themes\/hoteltencate\/img\/new\/arrange-singlediv-new-pink.png\" alt=\"\" title=\"\"><div class=\"beoordeling-sidebar\">\n                     <h5>Unsere G\u00e4ste bewerten <strong>dieses Restaurant<\/ strong> mit einem<\/h5>\n                     <span class=\"grade\">8,7<\/span>\n                     <div class=\"sterren\">\n                        <span class=\"fa fa-star checked\"><\/span>\n                        <span class=\"fa fa-star checked\"><\/span>\n                        <span class=\"fa fa-star checked\"><\/span>\n                        <span class=\"fa fa-star checked\"><\/span>\n                        <span class=\"fa fa-star-half-o checked\"><\/span>\n                    <\/div>\n                    <h5>von 865 vertrauensw\u00fcrdigen Bewertungen<\/h5>\n                <\/div>[\/vc_column][\/vc_row]<\/p>\n<\/div>","protected":false},"excerpt":{"rendered":"<p>[vc_row equal_height=&#8220;yes&#8220;][vc_column width=&#8220;2\/3&#8243;][vc_column_text] Treffen in Emmen an einem inspirierenden Top-Ort Suchen Sie nach einem inspirierenden und einzigartigen Raum, um sich in Emmen zu treffen? Dann sind Sie im Hotel Restaurant ten Cate genau richtig. Sie finden uns auf dem Drentse Hondsrug in der N\u00e4he des sch\u00f6nen Stadtzentrums und gleichzeitig in Noordbarge, einem der \u00e4ltesten D\u00f6rfer [&hellip;]<\/p>\n","protected":false},"author":8,"featured_media":3206,"parent":0,"menu_order":0,"comment_status":"closed","ping_status":"closed","template":"","meta":{"_acf_changed":false,"footnotes":""},"class_list":["post-3161","page","type-page","status-publish","has-post-thumbnail","hentry"],"acf":[],"_links":{"self":[{"href":"https:\/\/hoteltencate.nl\/de\/wp-json\/wp\/v2\/pages\/3161","targetHints":{"allow":["GET"]}}],"collection":[{"href":"https:\/\/hoteltencate.nl\/de\/wp-json\/wp\/v2\/pages"}],"about":[{"href":"https:\/\/hoteltencate.nl\/de\/wp-json\/wp\/v2\/types\/page"}],"author":[{"embeddable":true,"href":"https:\/\/hoteltencate.nl\/de\/wp-json\/wp\/v2\/users\/8"}],"replies":[{"embeddable":true,"href":"https:\/\/hoteltencate.nl\/de\/wp-json\/wp\/v2\/comments?post=3161"}],"version-history":[{"count":2,"href":"https:\/\/hoteltencate.nl\/de\/wp-json\/wp\/v2\/pages\/3161\/revisions"}],"predecessor-version":[{"id":8147,"href":"https:\/\/hoteltencate.nl\/de\/wp-json\/wp\/v2\/pages\/3161\/revisions\/8147"}],"wp:featuredmedia":[{"embeddable":true,"href":"https:\/\/hoteltencate.nl\/de\/wp-json\/wp\/v2\/media\/3206"}],"wp:attachment":[{"href":"https:\/\/hoteltencate.nl\/de\/wp-json\/wp\/v2\/media?parent=3161"}],"curies":[{"name":"wp","href":"https:\/\/api.w.org\/{rel}","templated":true}]}}