{"id":3040,"date":"2021-04-12T11:47:19","date_gmt":"2021-04-12T11:47:19","guid":{"rendered":"https:\/\/htc.swdev.nl\/?page_id=3040"},"modified":"2025-05-22T10:52:21","modified_gmt":"2025-05-22T08:52:21","slug":"essen-emmen","status":"publish","type":"page","link":"https:\/\/hoteltencate.nl\/de\/essen-emmen\/","title":{"rendered":"Essen Emmen"},"content":{"rendered":"<div class=\"wpb-content-wrapper\"><p>[vc_row equal_height=&#8220;yes&#8220;][vc_column width=&#8220;2\/3&#8243;][vc_column_text]<\/p>\n<h1 id=\"tw-target-text\" class=\"tw-data-text tw-text-large XcVN5d tw-ta\" dir=\"ltr\" data-placeholder=\"Vertaling\"><span lang=\"de\">Essen bei Hotel Restaurant Ten Cate<\/span><\/h1>\n<p class=\"tw-data-text tw-text-large XcVN5d tw-ta\" dir=\"ltr\" data-placeholder=\"Vertaling\"><span lang=\"de\">Essen in Emmen an einem wundersch\u00f6nes Restaurant, an dem Gastlichkeit und kulinarische Qualit\u00e4t vorherrschen? Im Hotel Restaurant Ten Cate k\u00f6nnen Sie sich darauf verlassen. Sie finden unser Restaurant in Emmen nur wenige Gehminuten vom <\/span><a href=\"https:\/\/hoteltencate.nl\/arrangement\/wildlands\/\">Wildlands Adventure Zoo<\/a> <span lang=\"de\">und dem Zentrum entfernt. Unser Restaurantkonzept ist etwas ganz Besonderes und wird Sie in vielerlei Hinsicht \u00fcberraschen. In einem trendy und gleichzeitig klassischen Ambiente werden Sie von uns mit einem \u00fcberraschenden Men\u00fc verw\u00f6hnt, das haupts\u00e4chlich aus Produkten aus der Region zubereitet wird.<\/span><\/p>\n<h2 id=\"tw-target-text\" class=\"tw-data-text tw-text-large XcVN5d tw-ta\" dir=\"ltr\" data-placeholder=\"Vertaling\"><span lang=\"de\">Wir machen das Essen in Emmen zu einem einzigartigen Erlebnis<\/span><\/h2>\n<p id=\"tw-target-text\" class=\"tw-data-text tw-text-large XcVN5d tw-ta\" dir=\"ltr\" data-placeholder=\"Vertaling\"><span lang=\"de\">Unser pasioniertes Team ist bestrebt, Ihnen ein einzigartiges Erlebnis zu bieten. Dies bedeutet, dass Sie bei uns eine Oase des Friedens, der Gastlichkeit und der kulinarischen Qualit\u00e4t genie\u00dfen k\u00f6nnen. In unseren Gerichten, die wir in einer franz\u00f6sisch orientierten &#8222;Dutch cuisine\u201c servieren, verwenden wir so oft wie m\u00f6glich lokale Produkte. Egal, ob Sie sich f\u00fcr ein leckeres Mittagessen oder ein ausgezeichnetes Abendessen entscheiden, Sie werden die hohe Qualit\u00e4t \u00fcberall probieren. Lassen Sie deshalb Ihren Gaumen maximal streicheln und gehen Sie in Emmen bij zum Abendessen aus <\/span><a href=\"https:\/\/hoteltencate.nl\/restaurant-emmen\/\">Restaurant ten Cate<\/a>.<\/p>\n<p>[\/vc_column_text]<div class=\"slider-tencate slider-\"><div class=\"slider-owl-container\"><div class=\"item\">\n                            <div class=\"arg-img\" style=\"min-height:500px; background:url(https:\/\/hoteltencate.nl\/wp-content\/uploads\/2019\/10\/DSC9842-1024x684.jpg) center no-repeat;\"><\/div>\n                        <\/div><div class=\"item\">\n                            <div class=\"arg-img\" style=\"min-height:500px; background:url(https:\/\/hoteltencate.nl\/wp-content\/uploads\/2019\/10\/DSC9827-1024x684.jpg) center no-repeat;\"><\/div>\n                        <\/div><div class=\"item\">\n                            <div class=\"arg-img\" style=\"min-height:500px; background:url(https:\/\/hoteltencate.nl\/wp-content\/uploads\/2019\/10\/DSC9815-1024x684.jpg) center no-repeat;\"><\/div>\n                        <\/div><div class=\"item\">\n                            <div class=\"arg-img\" style=\"min-height:500px; background:url(https:\/\/hoteltencate.nl\/wp-content\/uploads\/2019\/10\/DSC8126-1024x684.jpg) center no-repeat;\"><\/div>\n                        <\/div><div class=\"item\">\n                            <div class=\"arg-img\" style=\"min-height:500px; background:url(https:\/\/hoteltencate.nl\/wp-content\/uploads\/2019\/10\/DSC8025-1024x684.jpg) center no-repeat;\"><\/div>\n                        <\/div><div class=\"item\">\n                            <div class=\"arg-img\" style=\"min-height:500px; background:url(https:\/\/hoteltencate.nl\/wp-content\/uploads\/2019\/10\/DSC8064-1024x684.jpg) center no-repeat;\"><\/div>\n                        <\/div><div class=\"item\">\n                            <div class=\"arg-img\" style=\"min-height:500px; background:url(https:\/\/hoteltencate.nl\/wp-content\/uploads\/2019\/10\/DSC7908-1024x684.jpg) center no-repeat;\"><\/div>\n                        <\/div><div class=\"item\">\n                            <div class=\"arg-img\" style=\"min-height:500px; background:url(https:\/\/hoteltencate.nl\/wp-content\/uploads\/2019\/10\/DSC7877-1024x684.jpg) center no-repeat;\"><\/div>\n                        <\/div><div class=\"item\">\n                            <div class=\"arg-img\" style=\"min-height:500px; background:url(https:\/\/hoteltencate.nl\/wp-content\/uploads\/2019\/10\/DSC9872-1024x684.jpg) center no-repeat;\"><\/div>\n                        <\/div><div class=\"item\">\n                            <div class=\"arg-img\" style=\"min-height:500px; background:url(https:\/\/hoteltencate.nl\/wp-content\/uploads\/2019\/10\/DSC8054-1024x684.jpg) center no-repeat;\"><\/div>\n                        <\/div><\/div>\n                    <div class=\"slideroptions\">\n                        <div class=\"leftsw arrowsw slideropt\"><img decoding=\"async\" src=\"https:\/\/hoteltencate.nl\/wp-content\/themes\/hoteltencate\/img\/arrowleft.png\" alt=\"\" title=\"\"><\/div>\n                        <div class=\"counter slideropt\">1\/10<\/div>\n                        <div class=\"rightsw arrowsw slideropt\"><img decoding=\"async\" src=\"https:\/\/hoteltencate.nl\/wp-content\/themes\/hoteltencate\/img\/arrowright.png\" alt=\"\" title=\"\"><\/div>\n                    <\/div><\/div>\n                    <script>\n                        jQuery(document).ready(function($) {\n                                var owl = $(\".slider- .slider-owl-container\");\n                                owl.owlCarousel({\n                                    margin:35,\n                                    nav:false,\n                                    responsive:{\n                                        0:{\n                                            items:1\n                                        },\n                                        500:{\n                                            items:1\n                                        },\n                                        768:{\n                                            items:1\n                                        }\n                                    }\n                                }); \n\n                                \n                                jQuery(\".slider- .leftsw\").click(function(){\n                                    owl.trigger(\"prev.owl.carousel\");\n                                });\n                                \n                                owl.on(\"changed.owl.carousel\", function(event) {\n                                    var items     = event.item.count;     \/\/ Number of items\n                                    var item      = event.item.index;     \/\/ Position of the current item\n                                    jQuery(\".slider- .counter\").html((item+1)+\"\/\"+items)\n                               });\n                                \n                                jQuery(\".slider- .rightsw\").click(function(){\n                                    owl.trigger(\"next.owl.carousel\");\n                                }); \n                        });\n                    <\/script>\n                    [vc_column_text css=&#8220;.vc_custom_1618227906889{margin-top: 40px !important;}&#8220;]<\/p>\n<h2 id=\"tw-target-text\" class=\"tw-data-text tw-text-large XcVN5d tw-ta\" dir=\"ltr\" data-placeholder=\"Vertaling\"><span lang=\"de\">Vielseitige Gerichte: leckeres Essen in Emmen<\/span><\/h2>\n<p class=\"tw-data-text tw-text-large XcVN5d tw-ta\" dir=\"ltr\" data-placeholder=\"Vertaling\"><span lang=\"de\">Auf unserer <\/span>online speisekarte <span lang=\"de\">finden Sie alle leckeren Details unserer Mittag- und Abendessen. Zum Mittagessen k\u00f6nnen Sie aus verschiedenen Suppen, Salaten, Sandwiches und auch warmen Gerichten w\u00e4hlen. Denken Sie an k\u00f6stliche strammer Max, Omeletts und verschiedene &#8222;12-uurtjes&#8220;. Sie k\u00f6nnen auch einen unserer Teller zum Mittagessen w\u00e4hlen. Die Teller &#8222;frikandele aus eigenem haus&#8220; und &#8222;Hunherspiess&#8220; sind ein Traum. Die gleiche Vielseitigkeit finden Sie in unseren Abendgerichten und<\/span> <a href=\"https:\/\/hoteltencate.nl\/?page_id=179\">\u00dcberacerrassingsmenu\u2019s<\/a>. <span lang=\"de\">Alle Hauptgerichte werden je nach Jahreszeit mit st\u00e4ndig wechselnden Beilagen serviert.<\/span><\/p>\n<p>[\/vc_column_text][vc_single_image image=&#8220;1473&#8243; img_size=&#8220;full&#8220;][vc_btn title=&#8220; Restaurant Emmen anzeigen&#8220; style=&#8220;flat&#8220; color=&#8220;warning&#8220; link=&#8220;url:https%3A%2F%2Fhoteltencate.nl%2Frestaurant-emmen%2F|title:Restaurant%20Emmen%20Hotel%20ten%20Cate||&#8220;]<div class=\"beoordeling-box boxmid mobilebox\">\n                        <p>\n                            Unsere G\u00e4ste bewerten uns mit a\n                        <\/p>\n                        <div class=\"midmob\">\n                            <span class=\"grademob\">9.3<\/span> \n                                <div class=\"sterren\">\n                                <span class=\"fa fa-star checked\"><\/span>\n                                <span class=\"fa fa-star checked\"><\/span>\n                                <span class=\"fa fa-star checked\"><\/span>\n                                <span class=\"fa fa-star checked\"><\/span>\n                                <span class=\"fa fa-star-half-o checked\"><\/span>\n                            <\/div>\n                        <\/div>\n                        <p>\n                            von 8473 vertrauensw\u00fcrdigen Bewertungen\n\n                        <\/p>\n                    <\/div>[vc_separator color=&#8220;black&#8220;][vc_row_inner][vc_column_inner width=&#8220;1\/2&#8243;][vc_column_text]<\/p>\n<h2 id=\"tw-target-text\" class=\"tw-data-text tw-text-large XcVN5d tw-ta\" dir=\"ltr\" data-placeholder=\"Vertaling\"><span lang=\"de\">Monatliches Men\u00fc mit saisonalen Gerichten<\/span><\/h2>\n<p class=\"tw-data-text tw-text-large XcVN5d tw-ta\" dir=\"ltr\" data-placeholder=\"Vertaling\"><span lang=\"de\">Wenn Sie mit uns in Emmen essen m\u00f6chten, k\u00f6nnen Sie auch <\/span><a href=\"https:\/\/hoteltencate.nl\/?page_id=179\">ein Monatliches Men\u00fc <\/a><span lang=\"de\">w\u00e4hlen, das ausschlie\u00dflich aus saisonalen Gerichten besteht. Jeden Monat kann unser K\u00fcchenteam Sie als Gast mit k\u00f6stlichen Gerichten \u00fcberraschen, die nur aus frischen Zutaten zubereitet werden. Sie w\u00e4hlen ein \u00fcberraschendes 3- oder 4-G\u00e4nge-Men\u00fc zu einem sehr g\u00fcnstigen Preis. Sind Sie Vegetarier oder haben Sie spezielle Ern\u00e4hrungsbed\u00fcrfnisse? Nat\u00fcrlich k\u00f6nnen Sie sich bei einer gro\u00dfen Auswahl an exzellenten Gerichten auf uns verlassen. Wenn Sie uns im Voraus informieren, stellen wir sicher, dass alles vollst\u00e4ndig nach Ihren W\u00fcnschen angeordnet ist.<\/span><\/p>\n<p>[\/vc_column_text][\/vc_column_inner][vc_column_inner width=&#8220;1\/2&#8243;][vc_column_text]<\/p>\n<h2 id=\"tw-target-text\" class=\"tw-data-text tw-text-large XcVN5d tw-ta\" dir=\"ltr\" data-placeholder=\"Vertaling\"><span lang=\"de\">Hotelpakete zu Gunstige Preisen<\/span><\/h2>\n<p class=\"tw-data-text tw-text-large XcVN5d tw-ta\" dir=\"ltr\" data-placeholder=\"Vertaling\"><span lang=\"de\">Im Hotel Restaurant Ten Cate k\u00f6nnen Sie auch in Emmen ausw\u00e4rts essen, einschlie\u00dflich einer \u00dcbernachtung. Zum Beispiel haben wir das <\/span><a href=\"https:\/\/hoteltencate.nl\/arrangement\/zondag\/\">Sonntagspaket<\/a>. <span lang=\"de\">Mit diesem Paket checken Sie am Sonntagnachmittag ab 15:00 Uhr bei uns ein und genie\u00dfen am Sonntagabend ein kulinarisches 3-G\u00e4nge-Men\u00fc in unserem Restaurant. Sie \u00fcbernachten dann in einem komfortablen Doppelzimmer und am n\u00e4chsten Morgen wartet ein reichhaltiges Fr\u00fchst\u00fcck auf Sie. Sie haben dann den ganzen Tag Zeit, wie Sie es f\u00fcr richtig halten. Besuchen Sie zum Beispiel den Wildlands Adventure Zoo Emmen, der zu Fu\u00df erreichbar ist. Sie k\u00f6nnen die Eintrittskarten an unserer Rezeption kaufen. Gleiches gilt f\u00fcr die sch\u00f6nsten Radwege der Region und viele<\/span>\u00a0<a href=\"https:\/\/hoteltencate.nl\/omgeving\/\">andere Aktivit\u00e4ten und Sehensw\u00fcrdigkeiten<\/a>.<\/p>\n<p>[\/vc_column_text][\/vc_column_inner][\/vc_row_inner][vc_single_image image=&#8220;1566&#8243; img_size=&#8220;full&#8220;][vc_column_text css=&#8220;.vc_custom_1618227963068{margin-top: 40px !important;}&#8220;]<\/p>\n<h2 id=\"tw-target-text\" class=\"tw-data-text tw-text-large XcVN5d tw-ta\" dir=\"ltr\" data-placeholder=\"Vertaling\"><span lang=\"de\">Snacks und Getr\u00e4nke in der gem\u00fctlichen Brasserie ten Cate<\/span><\/h2>\n<p class=\"tw-data-text tw-text-large XcVN5d tw-ta\" dir=\"ltr\" data-placeholder=\"Vertaling\"><span lang=\"de\">In der Brasserie ten Cate k\u00f6nnen Sie auch in Emmen zu Abend essen oder an der Bar etwas trinken. Hier wurden bereits viele Getr\u00e4nkepartys abgehalten, was immer ein gro\u00dfer Erfolg ist. Die Atmosph\u00e4re ist sehr angenehm und der Service f\u00fchlt sich genau so an, wie sie Ihnen dienen k\u00f6nnen. Von der<\/span> Brasserie ten Cate <span lang=\"de\">haben Sie auch einen Blick auf unseren wundersch\u00f6nen Innenhof mit bequemen St\u00fchlen. Bei sch\u00f6nem Wetter k\u00f6nnen Sie ultimative Momente der Ruhe genie\u00dfen, zum Beispiel bei einem guten Glas Ros\u00e9. Unsere Brasserie ist von 07:00 bis 12:00 Uhr ge\u00f6ffnet. Sie m\u00fcssen keine Reservierung vornehmen. M\u00f6chten Sie zu anderen Zeiten zu Mittag oder zu Abend in der Brasserie essen? Bitte z\u00f6gern Sie nicht uns zu<\/span> <a href=\"https:\/\/hoteltencate.nl\/contact\/\">kontaktieren<\/a>. <span lang=\"de\">Mit ein termin ist fast alles m\u00f6glich.<\/span><\/p>\n<h2 id=\"tw-target-text\" class=\"tw-data-text tw-text-large XcVN5d tw-ta\" dir=\"ltr\" data-placeholder=\"Vertaling\"><span lang=\"de\">Kombination mit einem Besuch in unserem Solarium<\/span><\/h2>\n<p id=\"tw-target-text\" class=\"tw-data-text tw-text-large XcVN5d tw-ta\" dir=\"ltr\" data-placeholder=\"Vertaling\"><span lang=\"de\">Neben \u00dcbernachtungen und Restaurants in Emmen bietet das Hotel ten Cate auch verschiedene Entspannungsm\u00f6glichkeiten. Wir haben ein eigenes Solarium, in dem Sie sich beim Entspannen sonnig br\u00e4unen k\u00f6nnen. Unsere Sonnenliege verf\u00fcgt \u00fcber einen separaten Gesichtsbr\u00e4uner, den Sie selbst einstellen k\u00f6nnen. Sie bestimmen auch, ob und welche Musik abgespielt wird. Sie k\u00f6nnen zwischen einer Dauer von 10 Minuten f\u00fcr 4,50 \u20ac und 20 Minuten f\u00fcr 7,50 \u20ac w\u00e4hlen. Nat\u00fcrlich sind Sie auch in unserem Solarium herzlich willkommen, wenn Sie kein Hotelgast sind und nicht in unserem Restaurant essen.<\/span><\/p>\n<h2>Von Hot-Stone-Massage bis Kopfmassage und mehr<\/h2>\n<p>Ausw\u00e4rts essen in Emmen und vorher eine herrliche Massage genie\u00dfen? Dann sind Sie im Hotel ten Cate genau richtig. Neben dem Solarium verf\u00fcgen wir auch \u00fcber einen eigenen Massagebereich. Unsere Massagefachkraft Joyce van der Kruijf bietet hier verschiedene Massagearten an, bei denen K\u00f6rper und Geist perfekt in Einklang kommen. Eine Wohltat der Ruhe ergreift dadurch von Ihnen Besitz. Von Hot-Stone-Massagen bis zu Kopfmassagen und Aroma-Touch-Massagen. Sie k\u00f6nnen auch eine Aroma-Touch-Massage w\u00e4hlen, vorab mit einer Kopfmassage. Bitte beachten Sie, dass Sie Termine f\u00fcr eine Massage direkt mit Joyce vereinbaren und nicht \u00fcber unsere Rezeption. Sie k\u00f6nnen Joyce unter +31 (0)6 1082 78 76 anrufen.[\/vc_column_text][vc_single_image image=&#8220;150&#8243; img_size=&#8220;full&#8220;][vc_column_text css=&#8220;.vc_custom_1618227982967{margin-top: 40px !important;}&#8220;]<\/p>\n<h2>Komplettes Training in unserem modernen Fitnessraum<\/h2>\n<p id=\"tw-target-text\" class=\"tw-data-text tw-text-large XcVN5d tw-ta\" dir=\"ltr\" data-placeholder=\"Vertaling\"><span lang=\"de\">In Emmen essen, in Emmen \u00fcbernachten, in Emmen Wellness, gibt es noch mehr? Ja, denn wir bieten auch verschiedene Einrichtungen im Fitnesscenter des TC Health Center f\u00fcr gesunde Bewegung an. Hier finden Sie alles, was Sie f\u00fcr das ultimative und vollst\u00e4ndige Training ben\u00f6tigen. Von Kraft- und Cardio-Fitnessger\u00e4ten bis hin zu Ruderger\u00e4ten und mehr. Als Hotelgast k\u00f6nnen Sie alle diese Einrichtungen kostenlos nutzen. Sie k\u00f6nnen einige Kilometer rudern, auf dem Laufband laufen oder sich w\u00e4hrend Ihres Hotelaufenthalts auf dem Cross-Trainer am\u00fcsieren. Auch wenn Sie kein Hotelgast sind, stehen Ihnen alle diese Fitnesseinrichtungen zur Verf\u00fcgung. Bitte erkundigen Sie sich an unserer Rezeption nach den M\u00f6glichkeiten und Kosten.<\/span><\/p>\n<h2>Buchen Sie bei Hotel Restaurant Ten Cate<\/h2>\n<p class=\"tw-data-text tw-text-large XcVN5d tw-ta\" dir=\"ltr\" data-placeholder=\"Vertaling\"><span lang=\"de\">M\u00f6chten Sie auch ein k\u00f6stliches Mittag- oder Abendessen haben, \u00fcber Nacht bleiben oder unsere Boarding- und Entspannungsm\u00f6glichkeiten nutzen? Bitte senden Sie eine E-Mail an <\/span><a href=\"mailto:info@hoteltencate.nl\">info@hoteltencate.nl<\/a> <span lang=\"de\">oder rufen Sie uns unter +31 (0) 591 617 600 an. Haben Sie spezielle Ern\u00e4hrungsbed\u00fcrfnisse, eine Allergie oder sind Sie Vegetarier? Lassen Sie es uns wissen und wir bieten Ihnen immer eine passende, ma\u00dfgeschneiderte Men\u00fcauswahl. Gerne stehen wir Ihnen auch f\u00fcr weitere Informationen zu unseren speziellen Paketen, Aktivit\u00e4ten und Attraktionen in der Region sowie zur Organisation von Gesch\u00e4ftstreffen zur Verf\u00fcgung.<\/span><\/p>\n<p>[\/vc_column_text][vc_btn title=&#8220; Restaurant Emmen anzeigen&#8220; style=&#8220;flat&#8220; color=&#8220;warning&#8220; link=&#8220;url:https%3A%2F%2Fhoteltencate.nl%2Frestaurant-emmen%2F|title:Restaurant%20Emmen||&#8220;]<div class=\"slider-tencate slider-\"><div class=\"slider-owl-container\"><div class=\"item\">\n                            <div class=\"arg-img\" style=\"min-height:500px; background:url(https:\/\/hoteltencate.nl\/wp-content\/uploads\/2018\/07\/Ten-Cate-9-1024x678.jpg) center no-repeat;\"><\/div>\n                        <\/div><div class=\"item\">\n                            <div class=\"arg-img\" style=\"min-height:500px; background:url(https:\/\/hoteltencate.nl\/wp-content\/uploads\/2018\/07\/Ten-Cate-8-1024x678.jpg) center no-repeat;\"><\/div>\n                        <\/div><div class=\"item\">\n                            <div class=\"arg-img\" style=\"min-height:500px; background:url(https:\/\/hoteltencate.nl\/wp-content\/uploads\/2018\/07\/Ten-Cate-7-1024x678.jpg) center no-repeat;\"><\/div>\n                        <\/div><div class=\"item\">\n                            <div class=\"arg-img\" style=\"min-height:500px; background:url(https:\/\/hoteltencate.nl\/wp-content\/uploads\/2018\/07\/Ten-Cate-6-1024x678.jpg) center no-repeat;\"><\/div>\n                        <\/div><div class=\"item\">\n                            <div class=\"arg-img\" style=\"min-height:500px; background:url(https:\/\/hoteltencate.nl\/wp-content\/uploads\/2018\/07\/Ten-Cate-5-1024x678.jpg) center no-repeat;\"><\/div>\n                        <\/div><div class=\"item\">\n                            <div class=\"arg-img\" style=\"min-height:500px; background:url(https:\/\/hoteltencate.nl\/wp-content\/uploads\/2018\/07\/Ten-Cate-3-1024x678.jpg) center no-repeat;\"><\/div>\n                        <\/div><div class=\"item\">\n                            <div class=\"arg-img\" style=\"min-height:500px; background:url(https:\/\/hoteltencate.nl\/wp-content\/uploads\/2018\/07\/Ten-Cate-10-1024x678.jpg) center no-repeat;\"><\/div>\n                        <\/div><\/div>\n                    <div class=\"slideroptions\">\n                        <div class=\"leftsw arrowsw slideropt\"><img decoding=\"async\" src=\"https:\/\/hoteltencate.nl\/wp-content\/themes\/hoteltencate\/img\/arrowleft.png\" alt=\"\" title=\"\"><\/div>\n                        <div class=\"counter slideropt\">1\/7<\/div>\n                        <div class=\"rightsw arrowsw slideropt\"><img decoding=\"async\" src=\"https:\/\/hoteltencate.nl\/wp-content\/themes\/hoteltencate\/img\/arrowright.png\" alt=\"\" title=\"\"><\/div>\n                    <\/div><\/div>\n                    <script>\n                        jQuery(document).ready(function($) {\n                                var owl = $(\".slider- .slider-owl-container\");\n                                owl.owlCarousel({\n                                    margin:35,\n                                    nav:false,\n                                    responsive:{\n                                        0:{\n                                            items:1\n                                        },\n                                        500:{\n                                            items:1\n                                        },\n                                        768:{\n                                            items:1\n                                        }\n                                    }\n                                }); \n\n                                \n                                jQuery(\".slider- .leftsw\").click(function(){\n                                    owl.trigger(\"prev.owl.carousel\");\n                                });\n                                \n                                owl.on(\"changed.owl.carousel\", function(event) {\n                                    var items     = event.item.count;     \/\/ Number of items\n                                    var item      = event.item.index;     \/\/ Position of the current item\n                                    jQuery(\".slider- .counter\").html((item+1)+\"\/\"+items)\n                               });\n                                \n                                jQuery(\".slider- .rightsw\").click(function(){\n                                    owl.trigger(\"next.owl.carousel\");\n                                }); \n                        });\n                    <\/script>\n                    [\/vc_column][vc_column width=&#8220;1\/3&#8243; el_class=&#8220;sidebar-container hdesktop sticky&#8220;]<div class=\"sidebar-menu\">\n                            <ul>\n<li><a class=\"sidebarbtn orange\" href=\"https:\/\/hoteltencate.nl\/\">Hotel Restaurant ten Cate<\/a><\/li>\n<li><a class=\"sidebarbtn\" href=\"https:\/\/hoteltencate.nl\/restaurant-emmen\/\">Restaurant<\/a><\/li>\n<li><a href=\"https:\/\/hoteltencate.nl\/kamers\/\">Zimmer<\/a><\/li>\n<\/ul>\n\n                        <\/div>\n                        <img decoding=\"async\" class=\"sidebar-divider\" src=\"https:\/\/hoteltencate.nl\/wp-content\/themes\/hoteltencate\/img\/new\/arrange-singlediv-new-pink.png\" alt=\"\" title=\"\"><div class=\"beoordeling-sidebar\">\n                     <h5>Unsere G\u00e4ste bewerten <strong>dieses Restaurant<\/ strong> mit einem<\/h5>\n                     <span class=\"grade\">8,7<\/span>\n                     <div class=\"sterren\">\n                        <span class=\"fa fa-star checked\"><\/span>\n                        <span class=\"fa fa-star checked\"><\/span>\n                        <span class=\"fa fa-star checked\"><\/span>\n                        <span class=\"fa fa-star checked\"><\/span>\n                        <span class=\"fa fa-star-half-o checked\"><\/span>\n                    <\/div>\n                    <h5>von 865 vertrauensw\u00fcrdigen Bewertungen<\/h5>\n                <\/div>[\/vc_column][\/vc_row]<\/p>\n<\/div>","protected":false},"excerpt":{"rendered":"<p>[vc_row equal_height=&#8220;yes&#8220;][vc_column width=&#8220;2\/3&#8243;][vc_column_text] Essen bei Hotel Restaurant Ten Cate Essen in Emmen an einem wundersch\u00f6nes Restaurant, an dem Gastlichkeit und kulinarische Qualit\u00e4t vorherrschen? Im Hotel Restaurant Ten Cate k\u00f6nnen Sie sich darauf verlassen. Sie finden unser Restaurant in Emmen nur wenige Gehminuten vom Wildlands Adventure Zoo und dem Zentrum entfernt. Unser Restaurantkonzept ist etwas ganz [&hellip;]<\/p>\n","protected":false},"author":8,"featured_media":0,"parent":0,"menu_order":0,"comment_status":"closed","ping_status":"closed","template":"","meta":{"_acf_changed":false,"footnotes":""},"class_list":["post-3040","page","type-page","status-publish","hentry"],"acf":[],"_links":{"self":[{"href":"https:\/\/hoteltencate.nl\/de\/wp-json\/wp\/v2\/pages\/3040","targetHints":{"allow":["GET"]}}],"collection":[{"href":"https:\/\/hoteltencate.nl\/de\/wp-json\/wp\/v2\/pages"}],"about":[{"href":"https:\/\/hoteltencate.nl\/de\/wp-json\/wp\/v2\/types\/page"}],"author":[{"embeddable":true,"href":"https:\/\/hoteltencate.nl\/de\/wp-json\/wp\/v2\/users\/8"}],"replies":[{"embeddable":true,"href":"https:\/\/hoteltencate.nl\/de\/wp-json\/wp\/v2\/comments?post=3040"}],"version-history":[{"count":4,"href":"https:\/\/hoteltencate.nl\/de\/wp-json\/wp\/v2\/pages\/3040\/revisions"}],"predecessor-version":[{"id":8177,"href":"https:\/\/hoteltencate.nl\/de\/wp-json\/wp\/v2\/pages\/3040\/revisions\/8177"}],"wp:attachment":[{"href":"https:\/\/hoteltencate.nl\/de\/wp-json\/wp\/v2\/media?parent=3040"}],"curies":[{"name":"wp","href":"https:\/\/api.w.org\/{rel}","templated":true}]}}