{"id":2983,"date":"2021-04-12T11:21:23","date_gmt":"2021-04-12T11:21:23","guid":{"rendered":"https:\/\/htc.swdev.nl\/?page_id=2983"},"modified":"2026-04-09T10:40:48","modified_gmt":"2026-04-09T08:40:48","slug":"restaurant-emmen","status":"publish","type":"page","link":"https:\/\/hoteltencate.nl\/de\/restaurant-emmen\/","title":{"rendered":"Restaurant Emmen"},"content":{"rendered":"<div class=\"wpb-content-wrapper\"><p>[vc_row equal_height=&#8220;yes&#8220; el_class=&#8220;sticky&#8220;][vc_column width=&#8220;2\/3&#8243;][vc_column_text css=&#8220;&#8220;]<\/p>\n<h1>Das Gem\u00fctlichste Restaurant Emmen<\/h1>\n<p id=\"tw-target-text\" class=\"tw-data-text tw-text-large XcVN5d tw-ta\" dir=\"ltr\" data-placeholder=\"Vertaling\"><span lang=\"de\">Lassen Sie sich vom Hotel Restaurant ten Cate, das gem\u00fctlichste Restaurant von Emmen und Umgebung, \u00fcberraschen. Hier k\u00f6nnen Sie ein \u00fcberraschendes <a href=\"https:\/\/hoteltencate.nl\/wp-content\/uploads\/2026\/04\/HTC-Menukaart-April-2026-ENGELS.pdf\">Men\u00fc<\/a> in einer trendy und gleichzeitig klassischen und warmen Atmosph\u00e4re genie\u00dfen. Unsere Gerichte werden gr\u00f6\u00dftenteils mit Produkten aus der Region zubereitet und Sie sind zu einem leckeren Mittagessen und einem ausgezeichneten Abendessen herzlich willkommen. Trinken Sie etwas? Entdecken Sie die Gem\u00fctlichkeit unserer Brasserie oder entspannen Sie bei sch\u00f6nem Wetter auf der gem\u00fctlichen Terrasse unseres Innengartens<\/span>.<\/p>\n<p>[\/vc_column_text][vc_btn title=&#8220;Einen Tisch reservieren&#8220; style=&#8220;flat&#8220; color=&#8220;warning&#8220; link=&#8220;url:%23|title:reserveren||&#8220; el_class=&#8220;tafel-reserveren-popup&#8220;][vc_column_text]<\/p>\n<ul>\n<li>Verschiedene regionale Gerichte<\/li>\n<li>Franz\u00f6sisch orientierte &#8222;Dutch cuisine&#8220;<\/li>\n<li>Verschiedene gezapfte Biere und leckere Weine<\/li>\n<li>Die K\u00fcche ist montags bis sonntag von <strong>12:00 bis 21:00<\/strong> Uhr ge\u00f6ffnet<\/li>\n<\/ul>\n<p>[\/vc_column_text][vc_btn title=&#8220;Speisekarte ansehen&#8220; style=&#8220;flat&#8220; color=&#8220;warning&#8220; css=&#8220;&#8220; link=&#8220;url:https%3A%2F%2Fhoteltencate.nl%2Fwp-content%2Fuploads%2F2026%2F04%2FHTC-Menukaart-April-2026-ENGELS.pdf|title:Speisekarte%20ansehen&#8220; el_class=&#8220;hmobile&#8220;][vc_column_text]<\/p>\n<h2 id=\"tw-target-text\" class=\"tw-data-text tw-text-large XcVN5d tw-ta\" dir=\"ltr\" data-placeholder=\"Vertaling\"><span lang=\"de\">Unser Restaurant in Emmen bietet Ihnen eine Oase der Ruhe<\/span><\/h2>\n<p id=\"tw-target-text\" class=\"tw-data-text tw-text-large XcVN5d tw-ta\" dir=\"ltr\" data-placeholder=\"Vertaling\"><span lang=\"de\">Sobald Sie unser Restaurant betreten, werden Sie sofort von einer Oase der Ruhe umarmt. Hier k\u00f6nnen Sie sich ganz den t\u00e4glichen Sorgen entziehen und zahlreiche kulinarische K\u00f6stlichkeiten genie\u00dfen. Wir freuen uns, Ihnen mit unvergleichlicher Gastlichkeit zu dienen, um es Ihnen so angenehm wie m\u00f6glich zu machen. Haben Sie eine Di\u00e4tanfrage oder eine Allergie? Kein Problem. Lassen Sie es uns wissen und wir sorgen daf\u00fcr, dass Ihr Wunsch bis ins letzte Detail erf\u00fcllt wird<\/span>.<\/p>\n<p>[\/vc_column_text][vc_single_image image=&#8220;5836&#8243; img_size=&#8220;full&#8220;][vc_column_text css=&#8220;.vc_custom_1618226359739{margin-top: 40px !important;}&#8220;]<\/p>\n<h2 id=\"tw-target-text\" class=\"tw-data-text tw-text-large XcVN5d tw-ta\" dir=\"ltr\" data-placeholder=\"Vertaling\"><span lang=\"de\">Nur wenige Gehminuten vom Zentrum und den Wildlands entfernt<\/span><\/h2>\n<p id=\"tw-target-text\" class=\"tw-data-text tw-text-large XcVN5d tw-ta\" dir=\"ltr\" data-placeholder=\"Vertaling\"><span lang=\"de\">Sie finden unser Restaurant nur wenige Gehminuten vom Zentrum und des Wildlands Adventure Zoos. Gleichzeitig befindet sich unser buntes Hotel in einem der \u00e4ltesten D\u00f6rfer der Niederlande: Noordbarge. Sie werden diese einzigartige Kombination nirgendwo anders finden. Gleiches gilt f\u00fcr die Au\u00dfenseite unseres Hotels. Diese zeigen einfallsreiche Toyistisch-bilder. Toyism ist eine Kunstbewegung und hat 5 Wochen speziell f\u00fcr unser Hotel am Projekt &#8222;Dreams for Breakfast&#8220; gearbeitet. Auf der Vorderseite ist ein liebevolles Paar, das von verschiedenen K\u00f6stlichkeiten gepr\u00e4gt ist. Auch auf der S\u00fcdseite finden Sie Produkte, die als Grundlage f\u00fcr die k\u00f6stlichen Gerichte dienen, die Sie im Restaurant genie\u00dfen k\u00f6nnen.<\/span><\/p>\n<p>[\/vc_column_text][vc_row_inner][vc_column_inner width=&#8220;1\/2&#8243;][vc_column_text css=&#8220;&#8220;]<\/p>\n<h2>Franz\u00f6sisch orientierte &#8222;Dutch cuisine\u201c<\/h2>\n<p class=\"tw-data-text tw-text-large XcVN5d tw-ta\" dir=\"ltr\" data-placeholder=\"Vertaling\"><span lang=\"de\">Wir bieten eine franz\u00f6sisch orientierte &#8222;Dutch cuisine\u201c. Besonderes Augenmerk wird auf Gem\u00fcse gelegt, um die perfekte Balance in den verschiedenen Gerichten zu erreichen. Dies bedeutet, dass unsere Gerichte nicht nur aus dem Hauptprodukt Fleisch, Fisch, Gefl\u00fcgel oder Wild bestehen. Dar\u00fcber hinaus setzen wir uns daf\u00fcr ein, S\u00fcdost Drenthe auf ein qualitativ hochwertiges kulinarisches Niveau zu bringen und gleichzeitig unseren zug\u00e4nglichen Charakter zu bewahren.<\/span><span lang=\"de\">Auf <\/span>unserer <a href=\"https:\/\/hoteltencate.nl\/wp-content\/uploads\/2026\/04\/HTC-Menukaart-April-2026-ENGELS.pdf\">Speisekarte<\/a> f<span lang=\"de\">inden Sie ein hervorragendes Preis-Leistungsverh\u00e4ltnis.<\/span><\/p>\n<p>[\/vc_column_text][\/vc_column_inner][vc_column_inner width=&#8220;1\/2&#8243;][vc_column_text css=&#8220;&#8220;]<\/p>\n<h2><strong>Speisekarte von Restaurant ten Cate<\/strong><\/h2>\n<p class=\"tw-data-text tw-text-large XcVN5d tw-ta\" dir=\"ltr\" data-placeholder=\"Vertaling\"><span lang=\"de\">Da wir mit lokalen Lieferanten zusammenarbeiten, ist Ihnen jederzeit eine hohe kulinarische Qualit\u00e4t garantiert. Auf unserer Website finden Sie dies in unserer vielseitigen <a href=\"https:\/\/hoteltencate.nl\/wp-content\/uploads\/2026\/04\/HTC-Menukaart-April-2026-ENGELS.pdf\">Speisekarte<\/a><\/span>\u00a0<span lang=\"de\">mit Mittag- und Abendessen. <\/span><span lang=\"de\">Dar\u00fcber hinaus sind wir leidenschaftlich und stellen Ihnen gerne verschiedene \u00dcberraschungsmen\u00fcs zusammen. Gleiches gilt f\u00fcr die Spezialit\u00e4tenmen\u00fcs unseres K\u00fcchenchefs Rob Hoffman. Gerne bereiten wir auch eine gro\u00dfe Auswahl an besonders leckeren Gerichten f\u00fcr Vegetarier und Veganer zu. Au\u00dferdem haben wir <\/span>jeden Monat ein neues Monatsmen\u00fc. <span lang=\"de\">Das monatliche Men\u00fc f\u00fcgt sich nahtlos in die Jahreszeit ein und wird mit gr\u00f6\u00dfter Sorgfalt f\u00fcr Sie zusammengestellt und vorbereitet. Kurz gesagt, Sie k\u00f6nnen auch von kulinarischen K\u00f6stlichkeiten zu einem gunstigen Preis \u00fcberrascht werden.<\/span><\/p>\n<p>[\/vc_column_text][\/vc_column_inner][\/vc_row_inner][vc_single_image image=&#8220;3007&#8243; img_size=&#8220;full&#8220;][vc_column_text]<\/p>\n<h2><strong>Sontags arrangements<\/strong><\/h2>\n<p id=\"tw-target-text\" class=\"tw-data-text tw-text-large XcVN5d tw-ta\" dir=\"ltr\" data-placeholder=\"Vertaling\"><span lang=\"de\">F\u00fcr einen wundervollen Aufenthalt von Sonntag bis Montag hat das Hotel Restaurant ten Cate ein besonderes Arrangement: das Sonntagsarrangement. Sie checken am Sonntag ab 15 Uhr ein und am Abend erwartet Sie ein kulinarisches 3-G\u00e4nge-Men\u00fc in unserem Restaurant. Anschlie\u00dfend \u00fcbernachten Sie in einem unserer komfortablen Hotelzimmer und erhalten am n\u00e4chsten Morgen ein k\u00f6stliches Fr\u00fchst\u00fcck. Der Check-out am Montag ist um 11 Uhr. Danach haben Sie gen\u00fcgend Zeit, um beispielsweise den Wildlands Adventure Zoo zu besuchen oder eine andere Aktivit\u00e4t im Drentse Hondsrug zu unternehmen. Ideal, oder? Sie parken auch kostenlos bei unserem Hotel und nutzen das WLAN und unsere Fitnesseinrichtungen kostenlos. M\u00f6chten Sie mehr dar\u00fcber Wissen, welche Sehensw\u00fcrdigkeiten und Aktivit\u00e4ten in der Umgebung mehr als lohnenswert sind? Wir helfen Ihnen gerne weiter.<\/span><\/p>\n<h2>Verschiedene Arrangements, auch f\u00fcr Gesch\u00e4ftstreffen<\/h2>\n<p>Neben den <a href=\"https:\/\/hoteltencate.nl\/arrangement\/zondag\/\">Sonntagspaket<\/a>\u00a0<span lang=\"de\">k\u00f6nnen Sie sich auch f\u00fcr verschiedene andere Pakete entscheiden. Zum Beispiel haben wir die<\/span><a href=\"https:\/\/hoteltencate.nl\/arrangement\/wildlands\/\"> Wildlands Arrangements<\/a>, <span lang=\"de\">Inklusiv des Eintritts in einen unvergesslichen Tag in diesem Abenteuer- und Erlebnispark. Planen Sie ein Gesch\u00e4ftstreffen und suchen ein geeignetes Hotel und Restaurant? Dann k\u00f6nnen Sie bei uns aus einer Vielzahl von <\/span><a href=\"https:\/\/hoteltencate.nl\/arrangement\/\">Gesch\u00e4ftliche arrangements<\/a> <span lang=\"de\">w\u00e4hlen, in denen Sie auch unsere multifunktionalen Tagungsr\u00e4ume nutzen k\u00f6nnen. Auch hier halten wir uns gerne an Ihre Sonderw\u00fcnsche, damit wir Ihnen garantiert ein ma\u00dfgeschneidertes Paket anbieten k\u00f6nnen.<\/span>[\/vc_column_text][vc_single_image image=&#8220;5844&#8243; img_size=&#8220;full&#8220;][vc_column_text css=&#8220;.vc_custom_1622559240338{margin-top: 40px !important;}&#8220;]<\/p>\n<h2>Bar, Brasserie &amp; Restaurant Emmen<\/h2>\n<p>Neben unserem Restaurant gibt es auch eine sehr gem\u00fctliche Brasserie, in der Sie einen Snack und ein Getr\u00e4nk genie\u00dfen k\u00f6nnen. Unsere Bar ist ideal f\u00fcr einen Aperitif oder einen k\u00f6stlichen Schlummertrunk vor dem Schlafengehen. Geselligkeit wird hier absolut gro\u00df geschrieben. M\u00f6chten Sie zum Beispiel einen Empfang geben oder eine intime Cocktailparty veranstalten? In der Brasserie bieten Sie Ihren G\u00e4sten das gewisse Extra, damit sie lange in Erinnerung bleiben. Die regul\u00e4ren \u00d6ffnungszeiten unserer Brasserie sind zwischen 07:00 und 12:00 Uhr. Sollten Sie jedoch einen Sonderwunsch haben, sorgen wir selbstverst\u00e4ndlich daf\u00fcr, dass dieser ganz nach Ihren W\u00fcnschen ausgef\u00fcllt wird.[\/vc_column_text]<div class=\"beoordeling-box boxmid mobilebox\">\n                        <p>\n                            Unsere G\u00e4ste bewerten uns mit a\n                        <\/p>\n                        <div class=\"midmob\">\n                            <span class=\"grademob\">9.3<\/span> \n                                <div class=\"sterren\">\n                                <span class=\"fa fa-star checked\"><\/span>\n                                <span class=\"fa fa-star checked\"><\/span>\n                                <span class=\"fa fa-star checked\"><\/span>\n                                <span class=\"fa fa-star checked\"><\/span>\n                                <span class=\"fa fa-star-half-o checked\"><\/span>\n                            <\/div>\n                        <\/div>\n                        <p>\n                            von 8473 vertrauensw\u00fcrdigen Bewertungen\n\n                        <\/p>\n                    <\/div>[vc_separator color=&#8220;black&#8220;][vc_row_inner][vc_column_inner width=&#8220;1\/2&#8243;][vc_column_text]<\/p>\n<h2 id=\"tw-target-text\" class=\"tw-data-text tw-text-large XcVN5d tw-ta\" dir=\"ltr\" data-placeholder=\"Vertaling\"><span lang=\"de\">Trinken Sie etwas im gem\u00fctlichen Innenhof<\/span><\/h2>\n<p id=\"tw-target-text\" class=\"tw-data-text tw-text-large XcVN5d tw-ta\" dir=\"ltr\" data-placeholder=\"Vertaling\"><span lang=\"de\">Wenn das Wetter es zul\u00e4sst, k\u00f6nnen Sie in unserem komfortablen Innenhof entspannen, nachdem Sie in unserem Restaurant in Emmen kulinarische K\u00f6stlichkeiten genossen haben. Die besten Gespr\u00e4che finden an den modernen Tischen statt und ebenso sch\u00f6ne Getr\u00e4nke. Von unserer Brasserie aus haben Sie einen sch\u00f6nen Blick auf diesen Garten, in dem Sie sich in einer ganz anderen Welt vorstellen. Eine Welt voller Atmosph\u00e4re, Gem\u00fctlichkeit und Komfort. Hier herrscht eine Oase der Ruhe. Dar\u00fcber hinaus hilft Ihnen unser hilfsbereites Personal gerne bei allen Fragen. Sie sollten dieses einzigartige Erlebnis nicht verpassen.<\/span><\/p>\n<p>[\/vc_column_text][\/vc_column_inner][vc_column_inner width=&#8220;1\/2&#8243;][vc_column_text css=&#8220;&#8220;]<\/p>\n<h3 id=\"tw-target-text\" class=\"tw-data-text tw-text-large XcVN5d tw-ta\" dir=\"ltr\" data-placeholder=\"Vertaling\"><span lang=\"de\">Noch mehr Entspannung in unseren Wellnessbereich<\/span><\/h3>\n<p class=\"tw-data-text tw-text-large XcVN5d tw-ta\" dir=\"ltr\" data-placeholder=\"Vertaling\"><span lang=\"de\">Wenn Sie den H\u00f6hepunkt der Entspannung wirklich erleben m\u00f6chten, empfehlen wir Ihnen, auch eine unserer <\/span>wellnessbereich z<span lang=\"de\">u nutzen. Zum Beispiel k\u00f6nnen Sie sich vor oder nach Ihrem Besuch in unserem Restaurant 10 oder 20 Minuten Entspannung in unserem eigenen <\/span><a href=\"https:\/\/hoteltencate.nl\/wellness\/solarium\/\">solarium<\/a> <span lang=\"de\">g\u00f6nnen. Gleichzeitig bekommen Sie hier eine sonnige Br\u00e4une.\u00a0<\/span><\/p>\n<p>[\/vc_column_text][\/vc_column_inner][\/vc_row_inner][vc_single_image image=&#8220;3010&#8243; img_size=&#8220;full&#8220;][vc_column_text css=&#8220;.vc_custom_1618226458606{margin-top: 40px !important;}&#8220;]<\/p>\n<h2 id=\"tw-target-text\" class=\"tw-data-text tw-text-large XcVN5d tw-ta\" dir=\"ltr\" data-placeholder=\"Vertaling\"><span lang=\"de\">F\u00fcr weitere Informationen und Restaurantreservierungen<\/span><\/h2>\n<p class=\"tw-data-text tw-text-large XcVN5d tw-ta\" dir=\"ltr\" data-placeholder=\"Vertaling\"><span lang=\"de\">M\u00f6chten Sie weitere Informationen \u00fcber das Hotel Ten Cate oder einen Tisch in unserem Restaurant reservieren? Rufen Sie uns unter +31 (0) 591 617 600 an oder senden Sie eine E-Mail an <\/span><a href=\"mailto:info@hoteltencate.nl\">info@hoteltencate.nl<\/a>. <span lang=\"de\">Wir sind auch immer f\u00fcr Sie da, wenn es um spezielle Ern\u00e4hrungswunsche oder ma\u00dfgeschneiderte Arrangements geht. Wir freuen uns, Sie im Hotel Restaurant Ten Cate begr\u00fc\u00dfen zu d\u00fcrfen.<\/span><\/p>\n<p>[\/vc_column_text][vc_row_inner][vc_column_inner width=&#8220;1\/2&#8243;][vc_column_text]<\/p>\n<h2 id=\"tw-target-text\" class=\"tw-data-text tw-text-large XcVN5d tw-ta\" dir=\"ltr\" data-placeholder=\"Vertaling\"><span class=\"Y2IQFc\" lang=\"de\">Weitere Pakete<\/span><\/h2>\n<p id=\"tw-target-text\" class=\"tw-data-text tw-text-large XcVN5d tw-ta\" dir=\"ltr\" data-placeholder=\"Vertaling\"><span class=\"Y2IQFc\" lang=\"de\">Sie k\u00f6nnen uns auch f\u00fcr andere Vereinbarungen kontaktieren. Zum Beispiel f\u00fcr das Wildlands-Paket f\u00fcr einen Tag voller Abenteuer in diesem Abenteuerpark. Oder das Saunapaket f\u00fcr einen Tag purer Entspannung. Haben Sie ein Gesch\u00e4ftstreffen? Auch dann ist unser Hotel mit Restaurant in Emmen ein geeigneter Ausgangspunkt und wir bieten verschiedene Pakete an.<\/span><\/p>\n<p>[\/vc_column_text][\/vc_column_inner][vc_column_inner width=&#8220;1\/2&#8243;][vc_column_text]<\/p>\n<h2 id=\"tw-target-text\" class=\"tw-data-text tw-text-large XcVN5d tw-ta\" dir=\"ltr\" data-placeholder=\"Vertaling\"><span class=\"Y2IQFc\" lang=\"de\">Etwas zu feiern?<\/span><\/h2>\n<p id=\"tw-target-text\" class=\"tw-data-text tw-text-large XcVN5d tw-ta\" dir=\"ltr\" data-placeholder=\"Vertaling\"><span class=\"Y2IQFc\" lang=\"de\">Hast du etwas zu feiern? Mit seinen gem\u00fctlichen Sitzbereichen ist unser Restaurant ideal f\u00fcr intime Abendessen zu besonderen Anl\u00e4ssen. Sie und Ihre G\u00e4ste werden einen unvergesslichen Abend erleben. Wir haben auch sehr geeignete Orte f\u00fcr Gruppen, zum Beispiel f\u00fcr ein attraktives und gem\u00fctliches Abendessen mit Ihrer Familie. Unsere Brasserie ist ideal f\u00fcr Empf\u00e4nge oder eine intime Getr\u00e4nkeparty. Hier bieten Sie Ihren G\u00e4sten das gewisse Extra, damit sie noch lange \u00fcber Ihre Party sprechen k\u00f6nnen!<\/span><\/p>\n<p id=\"tw-target-text\" class=\"tw-data-text tw-text-large XcVN5d tw-ta\" dir=\"ltr\" data-placeholder=\"Vertaling\"><span class=\"Y2IQFc\" lang=\"de\">Nat\u00fcrlich halten wir uns an die Regeln und Richtlinien des RIVM im Zusammenhang mit dem Corona-Virus. Sobald es wieder m\u00f6glich ist, sind Sie bei noch gr\u00f6\u00dferen Gruppen herzlich willkommen!<\/span><\/p>\n<p>[\/vc_column_text][\/vc_column_inner][\/vc_row_inner][vc_column_text css=&#8220;.vc_custom_1618905303128{margin-top: 40px !important;}&#8220;]<\/p>\n<h2 id=\"tw-target-text\" class=\"tw-data-text tw-text-large XcVN5d tw-ta\" dir=\"ltr\" data-placeholder=\"Vertaling\"><span class=\"Y2IQFc\" lang=\"de\">Entdecken Sie Toyist Malerei in unseren Gerichten<\/span><\/h2>\n<p id=\"tw-target-text\" class=\"tw-data-text tw-text-large XcVN5d tw-ta\" dir=\"ltr\" data-placeholder=\"Vertaling\"><span class=\"Y2IQFc\" lang=\"de\">Sie finden unser markantes Hotel und Restaurant nur wenige Gehminuten vom Zentrum von Emmen und Wildlands entfernt. Das farbenfrohe \u00c4u\u00dfere unseres Hotels zeigt einfallsreiche Toyist-Gem\u00e4lde. Dieses Projekt namens &#8222;Dreams for Breakfast&#8220; wurde f\u00fcnf Wochen lang von Toyist-K\u00fcnstlern bearbeitet.<\/span><\/p>\n<p id=\"tw-target-text\" class=\"tw-data-text tw-text-large XcVN5d tw-ta\" dir=\"ltr\" data-placeholder=\"Vertaling\"><span class=\"Y2IQFc\" lang=\"de\">Toyism ist eine internationale Kunstbewegung, die ihren Ursprung in Emmen hat. Auf der Vorderseite unseres Hotels befindet sich ein liebevolles Paar, das von verschiedenen K\u00f6stlichkeiten entworfen wurde. Auf der S\u00fcdseite sehen Sie Produkte, die wir als Grundlage f\u00fcr die Gerichte in unserem Restaurant verwenden. Wir sind gespannt, ob Sie sie alle entdecken k\u00f6nnen!<\/span><\/p>\n<h2 id=\"tw-target-text\" class=\"tw-data-text tw-text-large XcVN5d tw-ta\" dir=\"ltr\" data-placeholder=\"Vertaling\"><span class=\"Y2IQFc\" lang=\"de\">Einen Tisch reservieren<\/span><\/h2>\n<p id=\"tw-target-text\" class=\"tw-data-text tw-text-large XcVN5d tw-ta\" dir=\"ltr\" data-placeholder=\"Vertaling\"><span class=\"Y2IQFc\" lang=\"de\">M\u00f6chten Sie kulinarische K\u00f6stlichkeiten in unserem Restaurant in Emmen genie\u00dfen? Wir freuen uns auf Sie! Reservieren Sie einen Tisch, indem Sie unten auf &#8222;Tisch reservieren&#8220; klicken, eine E-Mail an info@hoteltencate senden oder uns unter +31 (0) 591 617 600 anrufen. Haben Sie Fragen, spezielle W\u00fcnsche oder W\u00fcnsche? Bitte z\u00f6gern Sie nicht uns zu kontaktieren. Wir sind gerne f\u00fcr Sie da. Wir hoffen, Sie im Hotel Ten Cate zu sehen!<\/span><\/p>\n<p>[\/vc_column_text][vc_btn title=&#8220;Einen Tisch reservieren&#8220; style=&#8220;flat&#8220; color=&#8220;warning&#8220; link=&#8220;url:%23|||&#8220; el_class=&#8220;hdesktop tafel-reserveren-popup&#8220;]<div class=\"slider-tencate slider-\"><div class=\"slider-owl-container\"><div class=\"item\">\n                            <div class=\"arg-img\" style=\"min-height:400px; background:url(https:\/\/hoteltencate.nl\/wp-content\/uploads\/2019\/09\/restaurant_emmen_zijkant-1024x683.jpg) center no-repeat;\"><\/div>\n                        <\/div><div class=\"item\">\n                            <div class=\"arg-img\" style=\"min-height:400px; background:url(https:\/\/hoteltencate.nl\/wp-content\/uploads\/2019\/09\/restaurant_emmen_vooraanzicht-1024x684.jpg) center no-repeat;\"><\/div>\n                        <\/div><div class=\"item\">\n                            <div class=\"arg-img\" style=\"min-height:400px; background:url(https:\/\/hoteltencate.nl\/wp-content\/uploads\/2019\/09\/restaurant_emmen_tafels-1024x683.jpg) center no-repeat;\"><\/div>\n                        <\/div><div class=\"item\">\n                            <div class=\"arg-img\" style=\"min-height:400px; background:url(https:\/\/hoteltencate.nl\/wp-content\/uploads\/2023\/04\/diner_restaurant-1024x683.jpg) center no-repeat;\"><\/div>\n                        <\/div><\/div>\n                    <div class=\"slideroptions\">\n                        <div class=\"leftsw arrowsw slideropt\"><img decoding=\"async\" src=\"https:\/\/hoteltencate.nl\/wp-content\/themes\/hoteltencate\/img\/arrowleft.png\" alt=\"\" title=\"\"><\/div>\n                        <div class=\"counter slideropt\">1\/4<\/div>\n                        <div class=\"rightsw arrowsw slideropt\"><img decoding=\"async\" src=\"https:\/\/hoteltencate.nl\/wp-content\/themes\/hoteltencate\/img\/arrowright.png\" alt=\"\" title=\"\"><\/div>\n                    <\/div><\/div>\n                    <script>\n                        jQuery(document).ready(function($) {\n                                var owl = $(\".slider- .slider-owl-container\");\n                                owl.owlCarousel({\n                                    margin:35,\n                                    nav:false,\n                                    responsive:{\n                                        0:{\n                                            items:1\n                                        },\n                                        500:{\n                                            items:1\n                                        },\n                                        768:{\n                                            items:1\n                                        }\n                                    }\n                                }); \n\n                                \n                                jQuery(\".slider- .leftsw\").click(function(){\n                                    owl.trigger(\"prev.owl.carousel\");\n                                });\n                                \n                                owl.on(\"changed.owl.carousel\", function(event) {\n                                    var items     = event.item.count;     \/\/ Number of items\n                                    var item      = event.item.index;     \/\/ Position of the current item\n                                    jQuery(\".slider- .counter\").html((item+1)+\"\/\"+items)\n                               });\n                                \n                                jQuery(\".slider- .rightsw\").click(function(){\n                                    owl.trigger(\"next.owl.carousel\");\n                                }); \n                        });\n                    <\/script>\n                    [\/vc_column][vc_column width=&#8220;1\/3&#8243; el_class=&#8220;sidebar-container hdesktop sticky&#8220;]<div class=\"wellness-single-sidebar-openingstijden\">\n                   \u00d6ffnungszeiten\n Montag bis Sonntag<br\/>\n                    von <strong>12:00<\/strong> bis um\n <strong>21:00<\/strong>\n                <\/div><div class=\"sidebar-menu\">\n                            <ul>\n<li style=\"list-style-type: none;\">\n<ul>\n<li><a class=\"sidebarbtn orange calendar tafel-reserveren-popup\" href=\"#\">Einen Tisch reservieren<\/a><\/li>\n<li><a href=\"https:\/\/hoteltencate.nl\/wp-content\/uploads\/2026\/04\/HTC-Menukaart-April-2026-ENGELS.pdf\">Speisekarte ansehen<\/a><\/li>\n<\/ul>\n<\/li>\n<\/ul>\n\n                        <\/div>\n                        <img decoding=\"async\" class=\"sidebar-divider\" src=\"https:\/\/hoteltencate.nl\/wp-content\/themes\/hoteltencate\/img\/new\/arrange-singlediv-new-pink.png\" alt=\"\" title=\"\"><div class=\"beoordeling-sidebar\">\n                     <h5>Unsere G\u00e4ste bewerten <strong>dieses Restaurant<\/ strong> mit einem<\/h5>\n                     <span class=\"grade\">8,7<\/span>\n                     <div class=\"sterren\">\n                        <span class=\"fa fa-star checked\"><\/span>\n                        <span class=\"fa fa-star checked\"><\/span>\n                        <span class=\"fa fa-star checked\"><\/span>\n                        <span class=\"fa fa-star checked\"><\/span>\n                        <span class=\"fa fa-star-half-o checked\"><\/span>\n                    <\/div>\n                    <h5>von 865 vertrauensw\u00fcrdigen Bewertungen<\/h5>\n                <\/div><div class=\"beoordeling-box boxmid mobilebox\">\n                        <p>\n                            Unsere G\u00e4ste bewerten uns mit a\n                        <\/p>\n                        <div class=\"midmob\">\n                            <span class=\"grademob\">9.3<\/span> \n                                <div class=\"sterren\">\n                                <span class=\"fa fa-star checked\"><\/span>\n                                <span class=\"fa fa-star checked\"><\/span>\n                                <span class=\"fa fa-star checked\"><\/span>\n                                <span class=\"fa fa-star checked\"><\/span>\n                                <span class=\"fa fa-star-half-o checked\"><\/span>\n                            <\/div>\n                        <\/div>\n                        <p>\n                            von 8473 vertrauensw\u00fcrdigen Bewertungen\n\n                        <\/p>\n                    <\/div>[\/vc_column][vc_column][\/vc_column][\/vc_row]<\/p>\n<\/div>","protected":false},"excerpt":{"rendered":"<p>[vc_row equal_height=&#8220;yes&#8220; el_class=&#8220;sticky&#8220;][vc_column width=&#8220;2\/3&#8243;][vc_column_text css=&#8220;&#8220;] Das Gem\u00fctlichste Restaurant Emmen Lassen Sie sich vom Hotel Restaurant ten Cate, das gem\u00fctlichste Restaurant von Emmen und Umgebung, \u00fcberraschen. Hier k\u00f6nnen Sie ein \u00fcberraschendes Men\u00fc in einer trendy und gleichzeitig klassischen und warmen Atmosph\u00e4re genie\u00dfen. Unsere Gerichte werden gr\u00f6\u00dftenteils mit Produkten aus der Region zubereitet und Sie sind zu [&hellip;]<\/p>\n","protected":false},"author":8,"featured_media":3009,"parent":0,"menu_order":0,"comment_status":"closed","ping_status":"closed","template":"pagewithvideoheader.php","meta":{"_acf_changed":false,"footnotes":""},"class_list":["post-2983","page","type-page","status-publish","has-post-thumbnail","hentry"],"acf":[],"_links":{"self":[{"href":"https:\/\/hoteltencate.nl\/de\/wp-json\/wp\/v2\/pages\/2983","targetHints":{"allow":["GET"]}}],"collection":[{"href":"https:\/\/hoteltencate.nl\/de\/wp-json\/wp\/v2\/pages"}],"about":[{"href":"https:\/\/hoteltencate.nl\/de\/wp-json\/wp\/v2\/types\/page"}],"author":[{"embeddable":true,"href":"https:\/\/hoteltencate.nl\/de\/wp-json\/wp\/v2\/users\/8"}],"replies":[{"embeddable":true,"href":"https:\/\/hoteltencate.nl\/de\/wp-json\/wp\/v2\/comments?post=2983"}],"version-history":[{"count":7,"href":"https:\/\/hoteltencate.nl\/de\/wp-json\/wp\/v2\/pages\/2983\/revisions"}],"predecessor-version":[{"id":9056,"href":"https:\/\/hoteltencate.nl\/de\/wp-json\/wp\/v2\/pages\/2983\/revisions\/9056"}],"wp:featuredmedia":[{"embeddable":true,"href":"https:\/\/hoteltencate.nl\/de\/wp-json\/wp\/v2\/media\/3009"}],"wp:attachment":[{"href":"https:\/\/hoteltencate.nl\/de\/wp-json\/wp\/v2\/media?parent=2983"}],"curies":[{"name":"wp","href":"https:\/\/api.w.org\/{rel}","templated":true}]}}