{"id":2968,"date":"2021-04-12T11:07:10","date_gmt":"2021-04-12T11:07:10","guid":{"rendered":"https:\/\/htc.swdev.nl\/?page_id=2968"},"modified":"2025-05-22T10:53:11","modified_gmt":"2025-05-22T08:53:11","slug":"uber-uns","status":"publish","type":"page","link":"https:\/\/hoteltencate.nl\/de\/uber-uns\/","title":{"rendered":"Over ons"},"content":{"rendered":"<div class=\"wpb-content-wrapper\"><p>[vc_row][vc_column width=&#8220;2\/3&#8243;][vc_column_text]<\/p>\n<h1 id=\"tw-target-text\" class=\"tw-data-text tw-text-large XcVN5d tw-ta\" dir=\"ltr\" data-placeholder=\"Vertaling\"><span lang=\"de\">Willkommen im Hotel Restaurant Ten Cate<\/span><\/h1>\n<p id=\"tw-target-text\" class=\"tw-data-text tw-text-large XcVN5d tw-ta\" dir=\"ltr\" data-placeholder=\"Vertaling\"><span lang=\"de\">Nehmen Sie in unserem gem\u00fctlichen Restaurant Platz und genie\u00dfen Sie eine Auswahl an regionalen Gerichten und ein gutes Glas Wein. Besuchen Sie unsere Brasserie f\u00fcr Getr\u00e4nke oder einen k\u00f6stlichen Essen. Lassen Sie sich von den K\u00f6ch von Ten Cate kulinarisch \u00fcberraschen.<\/span><\/p>\n<ul>\n<li>Producte mit umweltschutz<\/li>\n<li>Verschiedene regionale Gerichte<\/li>\n<li>Franz\u00f6sisch orientierte &#8222;Dutch cuisine&#8220;<\/li>\n<li><span lang=\"de\">Mehrere Weine und gezapfte Biere<\/span><\/li>\n<li><strong>Ge\u00f6ffnet von 12.00 bis 21.00<\/strong><\/li>\n<\/ul>\n<p>[\/vc_column_text][vc_btn title=&#8220;Weiterlesen&#8220; style=&#8220;flat&#8220; color=&#8220;warning&#8220; link=&#8220;url:https%3A%2F%2Fhoteltencate.nl%2Frestaurant%2F|||&#8220;]<div class=\"slider-tencate slider-1\"><div class=\"slider-owl-container\"><div class=\"item\">\n                            <div class=\"arg-img\" style=\"min-height:400px; background:url(https:\/\/hoteltencate.nl\/wp-content\/uploads\/2018\/07\/Ten-Cate-6-1024x678.jpg) center no-repeat;\"><\/div>\n                        <\/div><div class=\"item\">\n                            <div class=\"arg-img\" style=\"min-height:400px; background:url(https:\/\/hoteltencate.nl\/wp-content\/uploads\/2018\/07\/Ten-Cate-10-1024x678.jpg) center no-repeat;\"><\/div>\n                        <\/div><div class=\"item\">\n                            <div class=\"arg-img\" style=\"min-height:400px; background:url(https:\/\/hoteltencate.nl\/wp-content\/uploads\/2018\/07\/Ten-Cate-7-1024x678.jpg) center no-repeat;\"><\/div>\n                        <\/div><div class=\"item\">\n                            <div class=\"arg-img\" style=\"min-height:400px; background:url(https:\/\/hoteltencate.nl\/wp-content\/uploads\/2018\/06\/contact_bg-1024x601.jpg) center no-repeat;\"><\/div>\n                        <\/div><div class=\"item\">\n                            <div class=\"arg-img\" style=\"min-height:400px; background:url(https:\/\/hoteltencate.nl\/wp-content\/uploads\/2018\/06\/3-1-1024x678.jpg) center no-repeat;\"><\/div>\n                        <\/div><\/div>\n                    <div class=\"slideroptions\">\n                        <div class=\"leftsw arrowsw slideropt\"><img decoding=\"async\" src=\"https:\/\/hoteltencate.nl\/wp-content\/themes\/hoteltencate\/img\/arrowleft.png\" alt=\"\" title=\"\"><\/div>\n                        <div class=\"counter slideropt\">1\/5<\/div>\n                        <div class=\"rightsw arrowsw slideropt\"><img decoding=\"async\" src=\"https:\/\/hoteltencate.nl\/wp-content\/themes\/hoteltencate\/img\/arrowright.png\" alt=\"\" title=\"\"><\/div>\n                    <\/div><\/div>\n                    <script>\n                        jQuery(document).ready(function($) {\n                                var owl1 = $(\".slider-1 .slider-owl-container\");\n                                owl1.owlCarousel({\n                                    margin:35,\n                                    nav:false,\n                                    responsive:{\n                                        0:{\n                                            items:1\n                                        },\n                                        500:{\n                                            items:1\n                                        },\n                                        768:{\n                                            items:1\n                                        }\n                                    }\n                                }); \n\n                                \n                                jQuery(\".slider-1 .leftsw\").click(function(){\n                                    owl1.trigger(\"prev.owl.carousel\");\n                                });\n                                \n                                owl1.on(\"changed.owl.carousel\", function(event) {\n                                    var items     = event.item.count;     \/\/ Number of items\n                                    var item      = event.item.index;     \/\/ Position of the current item\n                                    jQuery(\".slider-1 .counter\").html((item+1)+\"\/\"+items)\n                               });\n                                \n                                jQuery(\".slider-1 .rightsw\").click(function(){\n                                    owl1.trigger(\"next.owl.carousel\");\n                                }); \n                        });\n                    <\/script>\n                    [vc_column_text css=&#8220;.vc_custom_1618225537323{margin-top: 40px !important;}&#8220;]<\/p>\n<h2 id=\"tw-target-text\" class=\"tw-data-text tw-text-large XcVN5d tw-ta\" dir=\"ltr\" data-placeholder=\"Vertaling\"><span lang=\"de\">F\u00fchlen Sie sich fit und gut<\/span><\/h2>\n<p id=\"tw-target-text\" class=\"tw-data-text tw-text-large XcVN5d tw-ta\" dir=\"ltr\" data-placeholder=\"Vertaling\"><span lang=\"de\">Nach einem Wochenende im Hotel Ten Cate, wie eine wiedergeborene nach hause? Besuchen Sie das TC Health Center und nutzen Sie unsere sch\u00f6nen Fitnessr\u00e4ume, br\u00e4unen Sie sich im Solarium und genie\u00dfen Sie eine entspannende Massage.<\/span><\/p>\n<p>[\/vc_column_text]<div class=\"beoordeling-box boxmid mobilebox\">\n                        <p>\n                            Unsere G\u00e4ste bewerten uns mit a\n                        <\/p>\n                        <div class=\"midmob\">\n                            <span class=\"grademob\">9.3<\/span> \n                                <div class=\"sterren\">\n                                <span class=\"fa fa-star checked\"><\/span>\n                                <span class=\"fa fa-star checked\"><\/span>\n                                <span class=\"fa fa-star checked\"><\/span>\n                                <span class=\"fa fa-star checked\"><\/span>\n                                <span class=\"fa fa-star-half-o checked\"><\/span>\n                            <\/div>\n                        <\/div>\n                        <p>\n                            von 8473 vertrauensw\u00fcrdigen Bewertungen\n\n                        <\/p>\n                    <\/div>[vc_separator color=&#8220;black&#8220;][vc_row_inner][vc_column_inner width=&#8220;1\/2&#8243;][vc_column_text]<\/p>\n<h2 class=\"tw-data-text tw-text-large XcVN5d tw-ta\" dir=\"ltr\" data-placeholder=\"Vertaling\"><span lang=\"de\">Kulinarisch <\/span><span lang=\"de\">genie\u00dfen<\/span><\/h2>\n<p>[\/vc_column_text][vc_single_image image=&#8220;208&#8243; img_size=&#8220;full&#8220;][vc_column_text]<\/p>\n<h2>Herlich und erlich<\/h2>\n<p>Ten Cate serviert verschiedene regionale Gerichte und k\u00f6stliche franz\u00f6sisch orientierte &#8222;Dutch cuisine&#8220;. Umweltschutz ist f\u00fcr uns von gr\u00f6\u00dfter Bedeutung. Wir versuchen auch, so viel wie m\u00f6glich regionale Produkte zu verwenden. Besondere W\u00fcnsche oder Allergien? Lassen Sie es uns wissen, wir ber\u00fccksichtigen es gerne![\/vc_column_text][\/vc_column_inner][vc_column_inner width=&#8220;1\/2&#8243;][vc_column_text]<\/p>\n<h2>Arrangements<\/h2>\n<p id=\"tw-target-text\" class=\"tw-data-text tw-text-large XcVN5d tw-ta\" dir=\"ltr\" data-placeholder=\"Vertaling\"><span lang=\"de\">Heiraten in einem Umfeld mit k\u00fcnstlerischen Aspekten oder auf der Suche nach einem Raum f\u00fcr ein Meeting? Haben Sie etwas zu feiern, m\u00f6chten Sie mit der Familie auf Safari gehen oder gemeinsam auf dem Golfplatz einen Ball schlagen? Sehen Sie sich unsere Pakete an.<\/span><\/p>\n<p>[\/vc_column_text][vc_single_image image=&#8220;1220&#8243; img_size=&#8220;full&#8220;][vc_btn title=&#8220;Weiterlesen&#8220; style=&#8220;flat&#8220; color=&#8220;warning&#8220; link=&#8220;url:https%3A%2F%2Fhoteltencate.nl%2Farrangement%2F|||&#8220;][\/vc_column_inner][\/vc_row_inner][vc_column_text css=&#8220;.vc_custom_1618225574364{margin-top: 40px !important;}&#8220;]<\/p>\n<h2>Unsere Zimmer<\/h2>\n<p id=\"tw-target-text\" class=\"tw-data-text tw-text-large XcVN5d tw-ta\" dir=\"ltr\" data-placeholder=\"Vertaling\"><span lang=\"de\">M\u00f6chten Sie einen sch\u00f6nen Aufenthalt im Hotel Ten Cate in Emmen genie\u00dfen? Entspannen Sie sich vollst\u00e4ndig und lassen Sie sich von unserem k\u00fcnstlerischen Umfeld inspirieren. Nehmen Sie Platz in unserem gem\u00fctlichen Restaurant, entspannen Sie im Innenhof, erkunden Sie die Gegend oder f\u00fchlen Sie sich nach einem Wellnesswochenende wiedergeboren.<\/span><\/p>\n<p>[\/vc_column_text]<div class=\"slider-tencate slider-\"><div class=\"slider-owl-container\"><div class=\"item\">\n                            <div class=\"arg-img\" style=\"min-height:px; background:url(https:\/\/hoteltencate.nl\/wp-content\/uploads\/2018\/06\/homepage-1024x594.jpg) center no-repeat;\"><\/div>\n                        <\/div><div class=\"item\">\n                            <div class=\"arg-img\" style=\"min-height:px; background:url(https:\/\/hoteltencate.nl\/wp-content\/uploads\/2018\/06\/slide1-1024x811.jpg) center no-repeat;\"><\/div>\n                        <\/div><div class=\"item\">\n                            <div class=\"arg-img\" style=\"min-height:px; background:url(https:\/\/hoteltencate.nl\/wp-content\/uploads\/2018\/06\/211012teamhorsthuisDSC4981-1024x684.jpg) center no-repeat;\"><\/div>\n                        <\/div><div class=\"item\">\n                            <div class=\"arg-img\" style=\"min-height:px; background:url(https:\/\/hoteltencate.nl\/wp-content\/uploads\/2018\/06\/211012teamhorsthuisDSC5052-1024x684.jpg) center no-repeat;\"><\/div>\n                        <\/div><div class=\"item\">\n                            <div class=\"arg-img\" style=\"min-height:px; background:url(https:\/\/hoteltencate.nl\/wp-content\/uploads\/2018\/06\/homemid-1024x437.jpg) center no-repeat;\"><\/div>\n                        <\/div><\/div>\n                    <div class=\"slideroptions\">\n                        <div class=\"leftsw arrowsw slideropt\"><img decoding=\"async\" src=\"https:\/\/hoteltencate.nl\/wp-content\/themes\/hoteltencate\/img\/arrowleft.png\" alt=\"\" title=\"\"><\/div>\n                        <div class=\"counter slideropt\">1\/5<\/div>\n                        <div class=\"rightsw arrowsw slideropt\"><img decoding=\"async\" src=\"https:\/\/hoteltencate.nl\/wp-content\/themes\/hoteltencate\/img\/arrowright.png\" alt=\"\" title=\"\"><\/div>\n                    <\/div><\/div>\n                    <script>\n                        jQuery(document).ready(function($) {\n                                var owl = $(\".slider- .slider-owl-container\");\n                                owl.owlCarousel({\n                                    margin:35,\n                                    nav:false,\n                                    responsive:{\n                                        0:{\n                                            items:1\n                                        },\n                                        500:{\n                                            items:1\n                                        },\n                                        768:{\n                                            items:1\n                                        }\n                                    }\n                                }); \n\n                                \n                                jQuery(\".slider- .leftsw\").click(function(){\n                                    owl.trigger(\"prev.owl.carousel\");\n                                });\n                                \n                                owl.on(\"changed.owl.carousel\", function(event) {\n                                    var items     = event.item.count;     \/\/ Number of items\n                                    var item      = event.item.index;     \/\/ Position of the current item\n                                    jQuery(\".slider- .counter\").html((item+1)+\"\/\"+items)\n                               });\n                                \n                                jQuery(\".slider- .rightsw\").click(function(){\n                                    owl.trigger(\"next.owl.carousel\");\n                                }); \n                        });\n                    <\/script>\n                    [\/vc_column][vc_column width=&#8220;1\/3&#8243; el_class=&#8220;sidebar-container hdesktop&#8220;]<div class=\"sidebar-menu\">\n                            <ul>\n<li><a class=\"sidebarbtn orange\" href=\"https:\/\/hoteltencate.nl\/\">Wilkommen bei Hotel Ten Cate<\/a><\/li>\n<li><a class=\"sidebarbtn\" href=\"https:\/\/hoteltencate.nl\/restaurant-emmen\/\">Restaurant<\/a><\/li>\n<li><a href=\"https:\/\/hoteltencate.nl\/kamer-boeken\/\">Zimmer<\/a><\/li>\n<\/ul>\n\n                        <\/div>\n                        <img decoding=\"async\" class=\"sidebar-divider\" src=\"https:\/\/hoteltencate.nl\/wp-content\/themes\/hoteltencate\/img\/new\/arrange-singlediv-new-pink.png\" alt=\"\" title=\"\"><div class=\"beoordeling-sidebar\">\n                     <h5>Unsere G\u00e4ste bewerten <strong>dieses Restaurant<\/ strong> mit einem<\/h5>\n                     <span class=\"grade\">8,7<\/span>\n                     <div class=\"sterren\">\n                        <span class=\"fa fa-star checked\"><\/span>\n                        <span class=\"fa fa-star checked\"><\/span>\n                        <span class=\"fa fa-star checked\"><\/span>\n                        <span class=\"fa fa-star checked\"><\/span>\n                        <span class=\"fa fa-star-half-o checked\"><\/span>\n                    <\/div>\n                    <h5>von 865 vertrauensw\u00fcrdigen Bewertungen<\/h5>\n                <\/div>[\/vc_column][\/vc_row]<\/p>\n<\/div>","protected":false},"excerpt":{"rendered":"<p>[vc_row][vc_column width=&#8220;2\/3&#8243;][vc_column_text] Willkommen im Hotel Restaurant Ten Cate Nehmen Sie in unserem gem\u00fctlichen Restaurant Platz und genie\u00dfen Sie eine Auswahl an regionalen Gerichten und ein gutes Glas Wein. Besuchen Sie unsere Brasserie f\u00fcr Getr\u00e4nke oder einen k\u00f6stlichen Essen. Lassen Sie sich von den K\u00f6ch von Ten Cate kulinarisch \u00fcberraschen. Producte mit umweltschutz Verschiedene regionale Gerichte [&hellip;]<\/p>\n","protected":false},"author":8,"featured_media":2415,"parent":0,"menu_order":0,"comment_status":"closed","ping_status":"closed","template":"normal-page.php","meta":{"_acf_changed":false,"footnotes":""},"class_list":["post-2968","page","type-page","status-publish","has-post-thumbnail","hentry"],"acf":[],"_links":{"self":[{"href":"https:\/\/hoteltencate.nl\/de\/wp-json\/wp\/v2\/pages\/2968","targetHints":{"allow":["GET"]}}],"collection":[{"href":"https:\/\/hoteltencate.nl\/de\/wp-json\/wp\/v2\/pages"}],"about":[{"href":"https:\/\/hoteltencate.nl\/de\/wp-json\/wp\/v2\/types\/page"}],"author":[{"embeddable":true,"href":"https:\/\/hoteltencate.nl\/de\/wp-json\/wp\/v2\/users\/8"}],"replies":[{"embeddable":true,"href":"https:\/\/hoteltencate.nl\/de\/wp-json\/wp\/v2\/comments?post=2968"}],"version-history":[{"count":4,"href":"https:\/\/hoteltencate.nl\/de\/wp-json\/wp\/v2\/pages\/2968\/revisions"}],"predecessor-version":[{"id":8148,"href":"https:\/\/hoteltencate.nl\/de\/wp-json\/wp\/v2\/pages\/2968\/revisions\/8148"}],"wp:featuredmedia":[{"embeddable":true,"href":"https:\/\/hoteltencate.nl\/de\/wp-json\/wp\/v2\/media\/2415"}],"wp:attachment":[{"href":"https:\/\/hoteltencate.nl\/de\/wp-json\/wp\/v2\/media?parent=2968"}],"curies":[{"name":"wp","href":"https:\/\/api.w.org\/{rel}","templated":true}]}}