{"id":2344,"date":"2021-04-12T07:48:57","date_gmt":"2021-04-12T07:48:57","guid":{"rendered":"https:\/\/htc.swdev.nl\/?page_id=2344"},"modified":"2024-01-18T12:59:43","modified_gmt":"2024-01-18T11:59:43","slug":"arrangement","status":"publish","type":"page","link":"https:\/\/hoteltencate.nl\/de\/arrangement\/","title":{"rendered":"Arrangements"},"content":{"rendered":"<div class=\"wpb-content-wrapper\"><p>[vc_row][vc_column width=&#8220;2\/3&#8243;][vc_column_text el_class=&#8220;borderright&#8220;]<\/p>\n<h1>Pauschale Hotel ten Cate<\/h1>\n<h2>V\u00f6llig sorglos und genie\u00dfen<\/h2>\n<p>Eine besondere Hochzeit mit \u00dcbernachtung, ein inspirierendes Treffen, ein abenteuerlicher Tag in WILDLANDS Emmen oder ein sportlicher Tag auf dem Golfplatz? Um ten Cate in Emmen werden Sie v\u00f6llig entlastet sein, so dass Sie sich voll und ganz am\u00fcsieren k\u00f6nnen.[\/vc_column_text][\/vc_column][vc_column width=&#8220;1\/3&#8243;][vc_column_text]<\/p>\n<ul>\n<li><span class=\"Y2IQFc\" lang=\"de\">Verschiedene hotel- und tagespakete <\/span><\/li>\n<li><span class=\"Y2IQFc\" lang=\"de\">Geeignet f\u00fcr jede jahreszeit <\/span><\/li>\n<li><span class=\"Y2IQFc\" lang=\"de\">F\u00fcr gesch\u00e4ftsreisende, privatpersonen und familien <\/span><\/li>\n<li><span class=\"Y2IQFc\" lang=\"de\">Mit fr\u00fchst\u00fcck, mittagessen, getr\u00e4nken oder abendessen<\/span><\/li>\n<\/ul>\n<p>[\/vc_column_text][\/vc_column][\/vc_row][vc_row el_class=&#8220;hmobile&#8220;][vc_column]<div class=\"beoordeling-box boxmid mobilebox\">\n                        <p>\n                            Unsere G\u00e4ste bewerten uns mit a\n                        <\/p>\n                        <div class=\"midmob\">\n                            <span class=\"grademob\">9.3<\/span> \n                                <div class=\"sterren\">\n                                <span class=\"fa fa-star checked\"><\/span>\n                                <span class=\"fa fa-star checked\"><\/span>\n                                <span class=\"fa fa-star checked\"><\/span>\n                                <span class=\"fa fa-star checked\"><\/span>\n                                <span class=\"fa fa-star-half-o checked\"><\/span>\n                            <\/div>\n                        <\/div>\n                        <p>\n                            von 8473 vertrauensw\u00fcrdigen Bewertungen\n\n                        <\/p>\n                    <\/div>[\/vc_column][\/vc_row]<\/p>\n<\/div>","protected":false},"excerpt":{"rendered":"<p>[vc_row][vc_column width=&#8220;2\/3&#8243;][vc_column_text el_class=&#8220;borderright&#8220;] Pauschale Hotel ten Cate V\u00f6llig sorglos und genie\u00dfen Eine besondere Hochzeit mit \u00dcbernachtung, ein inspirierendes Treffen, ein abenteuerlicher Tag in WILDLANDS Emmen oder ein sportlicher Tag auf dem Golfplatz? Um ten Cate in Emmen werden Sie v\u00f6llig entlastet sein, so dass Sie sich voll und ganz am\u00fcsieren k\u00f6nnen.[\/vc_column_text][\/vc_column][vc_column width=&#8220;1\/3&#8243;][vc_column_text] Verschiedene hotel- und [&hellip;]<\/p>\n","protected":false},"author":8,"featured_media":2355,"parent":0,"menu_order":0,"comment_status":"closed","ping_status":"closed","template":"arrangementen.php","meta":{"_acf_changed":false,"footnotes":""},"class_list":["post-2344","page","type-page","status-publish","has-post-thumbnail","hentry"],"acf":[],"_links":{"self":[{"href":"https:\/\/hoteltencate.nl\/de\/wp-json\/wp\/v2\/pages\/2344","targetHints":{"allow":["GET"]}}],"collection":[{"href":"https:\/\/hoteltencate.nl\/de\/wp-json\/wp\/v2\/pages"}],"about":[{"href":"https:\/\/hoteltencate.nl\/de\/wp-json\/wp\/v2\/types\/page"}],"author":[{"embeddable":true,"href":"https:\/\/hoteltencate.nl\/de\/wp-json\/wp\/v2\/users\/8"}],"replies":[{"embeddable":true,"href":"https:\/\/hoteltencate.nl\/de\/wp-json\/wp\/v2\/comments?post=2344"}],"version-history":[{"count":2,"href":"https:\/\/hoteltencate.nl\/de\/wp-json\/wp\/v2\/pages\/2344\/revisions"}],"predecessor-version":[{"id":6675,"href":"https:\/\/hoteltencate.nl\/de\/wp-json\/wp\/v2\/pages\/2344\/revisions\/6675"}],"wp:featuredmedia":[{"embeddable":true,"href":"https:\/\/hoteltencate.nl\/de\/wp-json\/wp\/v2\/media\/2355"}],"wp:attachment":[{"href":"https:\/\/hoteltencate.nl\/de\/wp-json\/wp\/v2\/media?parent=2344"}],"curies":[{"name":"wp","href":"https:\/\/api.w.org\/{rel}","templated":true}]}}